{"id":7678,"date":"2025-06-23T15:16:32","date_gmt":"2025-06-23T12:16:32","guid":{"rendered":"https:\/\/kipas.com.tr\/?page_id=7678"},"modified":"2025-06-23T15:28:34","modified_gmt":"2025-06-23T12:28:34","slug":"bati-kipas-tan-dev-yatirim-pm3-tesisi-devreye-girdi","status":"publish","type":"page","link":"https:\/\/kipas.com.tr\/en\/bati-kipas-tan-dev-yatirim-pm3-tesisi-devreye-girdi\/","title":{"rendered":"Bat\u0131 Kipa\u015f Commissions PM3 Facility with Major Investment"},"content":{"rendered":"<p><div class=\"fusion-fullwidth fullwidth-box fusion-builder-row-1 fusion-flex-container has-pattern-background has-mask-background nonhundred-percent-fullwidth non-hundred-percent-height-scrolling\" style=\"--awb-border-radius-top-left:0px;--awb-border-radius-top-right:0px;--awb-border-radius-bottom-right:0px;--awb-border-radius-bottom-left:0px;--awb-flex-wrap:wrap;\" ><div class=\"fusion-builder-row fusion-row fusion-flex-align-items-flex-start fusion-flex-content-wrap\" style=\"max-width:1216.8px;margin-left: calc(-4% \/ 2 );margin-right: calc(-4% \/ 2 );\"><div class=\"fusion-layout-column fusion_builder_column fusion-builder-column-0 fusion_builder_column_1_1 1_1 fusion-flex-column\" style=\"--awb-bg-size:cover;--awb-width-large:100%;--awb-margin-top-large:0px;--awb-spacing-right-large:1.92%;--awb-margin-bottom-large:20px;--awb-spacing-left-large:1.92%;--awb-width-medium:100%;--awb-order-medium:0;--awb-spacing-right-medium:1.92%;--awb-spacing-left-medium:1.92%;--awb-width-small:100%;--awb-order-small:0;--awb-spacing-right-small:1.92%;--awb-spacing-left-small:1.92%;\"><div class=\"fusion-column-wrapper fusion-column-has-shadow fusion-flex-justify-content-flex-start fusion-content-layout-column\"><div class=\"fusion-title title fusion-title-1 fusion-title-text fusion-title-size-one\" style=\"--awb-text-color:#003087;--awb-font-size:24px;\"><div class=\"title-sep-container title-sep-container-left fusion-no-large-visibility fusion-no-medium-visibility fusion-no-small-visibility\"><div class=\"title-sep sep- sep-solid\" style=\"border-color:var(--awb-color3);\"><\/div><\/div><span class=\"awb-title-spacer fusion-no-large-visibility fusion-no-medium-visibility fusion-no-small-visibility\"><\/span><h1 class=\"fusion-title-heading title-heading-left fusion-responsive-typography-calculated\" style=\"font-family:&quot;Poppins&quot;;font-style:normal;font-weight:400;margin:0;font-size:1em;text-transform:none;--fontSize:24;line-height:var(--awb-typography1-line-height);\">Bat\u0131 Kipa\u015f Commissions PM3 Facility with Major Investment<\/h1><span class=\"awb-title-spacer\"><\/span><div class=\"title-sep-container title-sep-container-right\"><div class=\"title-sep sep- sep-solid\" style=\"border-color:var(--awb-color3);\"><\/div><\/div><\/div><div class=\"fusion-text fusion-text-1\" style=\"--awb-font-size:14px;--awb-text-color:#003087;\"><p>2025-06-23 15:19:20<\/p>\n<\/div><\/div><\/div><\/div><\/div><div class=\"fusion-fullwidth fullwidth-box fusion-builder-row-2 fusion-flex-container has-pattern-background has-mask-background nonhundred-percent-fullwidth non-hundred-percent-height-scrolling\" style=\"--awb-border-radius-top-left:0px;--awb-border-radius-top-right:0px;--awb-border-radius-bottom-right:0px;--awb-border-radius-bottom-left:0px;--awb-flex-wrap:wrap;\" ><div class=\"fusion-builder-row fusion-row fusion-flex-align-items-flex-start fusion-flex-content-wrap\" style=\"max-width:1216.8px;margin-left: calc(-4% \/ 2 );margin-right: calc(-4% \/ 2 );\"><div class=\"fusion-layout-column fusion_builder_column fusion-builder-column-1 fusion_builder_column_1_1 1_1 fusion-flex-column\" style=\"--awb-bg-size:cover;--awb-width-large:100%;--awb-margin-top-large:0px;--awb-spacing-right-large:1.92%;--awb-margin-bottom-large:20px;--awb-spacing-left-large:1.92%;--awb-width-medium:100%;--awb-order-medium:0;--awb-spacing-right-medium:1.92%;--awb-spacing-left-medium:1.92%;--awb-width-small:100%;--awb-order-small:0;--awb-spacing-right-small:1.92%;--awb-spacing-left-small:1.92%;\"><div class=\"fusion-column-wrapper fusion-column-has-shadow fusion-flex-justify-content-flex-start fusion-content-layout-column\"><div class=\"fusion-image-element\" style=\"--awb-aspect-ratio: 100 \/ 26;--awb-max-width:1200px;--awb-caption-title-font-family:var(--h2_typography-font-family);--awb-caption-title-font-weight:var(--h2_typography-font-weight);--awb-caption-title-font-style:var(--h2_typography-font-style);--awb-caption-title-size:var(--h2_typography-font-size);--awb-caption-title-transform:var(--h2_typography-text-transform);--awb-caption-title-line-height:var(--h2_typography-line-height);--awb-caption-title-letter-spacing:var(--h2_typography-letter-spacing);\"><div style=\"display:inline-block;width:1200px;\"><span class=\"fusion-imageframe imageframe-none imageframe-1 hover-type-none has-aspect-ratio\"><img decoding=\"async\" width=\"300\" height=\"80\" src=\"https:\/\/kipas.com.tr\/wp-content\/uploads\/2025\/06\/bati-kipas-resmi-haber-yazisi-icin-resim-3.jpg\" data-orig-src=\"https:\/\/kipas.com.tr\/wp-content\/uploads\/2025\/06\/bati-kipas-resmi-haber-yazisi-icin-resim-3-300x80.jpg\" class=\"lazyload img-responsive wp-image-7682 img-with-aspect-ratio\" data-parent-fit=\"cover\" data-parent-container=\".fusion-image-element\" alt srcset=\"data:image\/svg+xml,%3Csvg%20xmlns%3D%27http%3A%2F%2Fwww.w3.org%2F2000%2Fsvg%27%20width%3D%271647%27%20height%3D%27440%27%20viewBox%3D%270%200%201647%20440%27%3E%3Crect%20width%3D%271647%27%20height%3D%27440%27%20fill-opacity%3D%220%22%2F%3E%3C%2Fsvg%3E\" data-srcset=\"https:\/\/kipas.com.tr\/wp-content\/uploads\/2025\/06\/bati-kipas-resmi-haber-yazisi-icin-resim-3-200x53.jpg 200w, https:\/\/kipas.com.tr\/wp-content\/uploads\/2025\/06\/bati-kipas-resmi-haber-yazisi-icin-resim-3-400x107.jpg 400w, https:\/\/kipas.com.tr\/wp-content\/uploads\/2025\/06\/bati-kipas-resmi-haber-yazisi-icin-resim-3-600x160.jpg 600w, https:\/\/kipas.com.tr\/wp-content\/uploads\/2025\/06\/bati-kipas-resmi-haber-yazisi-icin-resim-3-800x214.jpg 800w, https:\/\/kipas.com.tr\/wp-content\/uploads\/2025\/06\/bati-kipas-resmi-haber-yazisi-icin-resim-3-1200x321.jpg 1200w, https:\/\/kipas.com.tr\/wp-content\/uploads\/2025\/06\/bati-kipas-resmi-haber-yazisi-icin-resim-3.jpg 1647w\" data-sizes=\"auto\" data-orig-sizes=\"(max-width: 1024px) 100vw, (max-width: 640px) 100vw, 1200px\" \/><\/span><\/div><\/div><div class=\"fusion-text fusion-text-2\" style=\"--awb-font-size:16px;--awb-text-color:#003087;--awb-margin-top:30px;\"><p>The installation of the PM3 paper machine by Bat\u0131 Kipa\u015f Ka\u011f\u0131t Sanayi ve Ticaret A.\u015e., which began construction in 2022, was successfully commissioned in 2025. With an annual production capacity of 600,000 tons, the facility is now recognized as one of the largest paper factories in Europe, particularly when considering the range and scale of its products. Equipped with the world\u2019s most advanced technologies, the facility produces HP Fluting, Testliner, Fluting, and Imitation NSSC grades, within a basis weight range of 60 to 130 g\/m\u00b2.<\/p>\n<\/div><\/div><\/div><\/div><\/div><\/p>","protected":false},"excerpt":{"rendered":"","protected":false},"author":1,"featured_media":0,"parent":0,"menu_order":0,"comment_status":"closed","ping_status":"closed","template":"100-width.php","meta":{"footnotes":""},"class_list":["post-7678","page","type-page","status-publish","hentry"],"_links":{"self":[{"href":"https:\/\/kipas.com.tr\/en\/wp-json\/wp\/v2\/pages\/7678","targetHints":{"allow":["GET"]}}],"collection":[{"href":"https:\/\/kipas.com.tr\/en\/wp-json\/wp\/v2\/pages"}],"about":[{"href":"https:\/\/kipas.com.tr\/en\/wp-json\/wp\/v2\/types\/page"}],"author":[{"embeddable":true,"href":"https:\/\/kipas.com.tr\/en\/wp-json\/wp\/v2\/users\/1"}],"replies":[{"embeddable":true,"href":"https:\/\/kipas.com.tr\/en\/wp-json\/wp\/v2\/comments?post=7678"}],"version-history":[{"count":9,"href":"https:\/\/kipas.com.tr\/en\/wp-json\/wp\/v2\/pages\/7678\/revisions"}],"predecessor-version":[{"id":7688,"href":"https:\/\/kipas.com.tr\/en\/wp-json\/wp\/v2\/pages\/7678\/revisions\/7688"}],"wp:attachment":[{"href":"https:\/\/kipas.com.tr\/en\/wp-json\/wp\/v2\/media?parent=7678"}],"curies":[{"name":"wp","href":"https:\/\/api.w.org\/{rel}","templated":true}]}}