{"id":7173,"date":"2025-05-22T15:23:03","date_gmt":"2025-05-22T12:23:03","guid":{"rendered":"https:\/\/kipas.com.tr\/?page_id=7173"},"modified":"2025-10-02T10:53:50","modified_gmt":"2025-10-02T07:53:50","slug":"ket-kipas-tedarikci-sikayet-bildirimi","status":"publish","type":"page","link":"https:\/\/kipas.com.tr\/en\/ket-kipas-tedarikci-sikayet-bildirimi\/","title":{"rendered":"Ket Kipa\u015f Tedarik\u00e7i \u015eikayet Bildirimi"},"content":{"rendered":"<p><div class=\"fusion-fullwidth fullwidth-box fusion-builder-row-1 fusion-flex-container has-pattern-background has-mask-background nonhundred-percent-fullwidth non-hundred-percent-height-scrolling\" style=\"--awb-border-radius-top-left:0px;--awb-border-radius-top-right:0px;--awb-border-radius-bottom-right:0px;--awb-border-radius-bottom-left:0px;--awb-flex-wrap:wrap;\" ><div class=\"fusion-builder-row fusion-row fusion-flex-align-items-flex-start fusion-flex-content-wrap\" style=\"max-width:1216.8px;margin-left: calc(-4% \/ 2 );margin-right: calc(-4% \/ 2 );\"><div class=\"fusion-layout-column fusion_builder_column fusion-builder-column-0 fusion_builder_column_1_1 1_1 fusion-flex-column\" style=\"--awb-bg-size:cover;--awb-width-large:100%;--awb-margin-top-large:0px;--awb-spacing-right-large:1.92%;--awb-margin-bottom-large:20px;--awb-spacing-left-large:1.92%;--awb-width-medium:100%;--awb-order-medium:0;--awb-spacing-right-medium:1.92%;--awb-spacing-left-medium:1.92%;--awb-width-small:100%;--awb-order-small:0;--awb-spacing-right-small:1.92%;--awb-spacing-left-small:1.92%;\"><div class=\"fusion-column-wrapper fusion-column-has-shadow fusion-flex-justify-content-flex-start fusion-content-layout-column\"><div class=\"fusion-title title fusion-title-1 fusion-title-center fusion-title-text fusion-title-size-two\" style=\"--awb-text-color:#003087;--awb-font-size:40px;\"><div class=\"title-sep-container title-sep-container-left\"><div class=\"title-sep sep- sep-solid\" style=\"border-color:var(--awb-color3);\"><\/div><\/div><span class=\"awb-title-spacer\"><\/span><h2 class=\"fusion-title-heading title-heading-center fusion-responsive-typography-calculated\" style=\"font-family:&quot;Poppins&quot;;font-style:normal;font-weight:300;margin:0;font-size:1em;text-transform:capitalize;--fontSize:40;line-height:var(--awb-typography1-line-height);\">Supplier Complaint Notice Reports<\/h2><span class=\"awb-title-spacer\"><\/span><div class=\"title-sep-container title-sep-container-right\"><div class=\"title-sep sep- sep-solid\" style=\"border-color:var(--awb-color3);\"><\/div><\/div><\/div><div class=\"fusion-separator fusion-has-icon\" style=\"align-self: center;margin-left: auto;margin-right: auto;margin-top:-30px;width:100%;max-width:350px;\"><div class=\"fusion-separator-border sep-single sep-solid\" style=\"--awb-height:20px;--awb-amount:20px;--awb-sep-color:#c8a977;border-color:#c8a977;border-top-width:3px;\"><\/div><span class=\"icon-wrapper\" style=\"border-color:#c8a977;background-color:#c8a977;font-size:16px;width: 1.75em; height: 1.75em;border-width:3px;padding:3px;margin-top:-1.5px\"><i class=\"fa-angle-down fas\" style=\"font-size: inherit;color:var(--awb-color2);\" aria-hidden=\"true\"><\/i><\/span><div class=\"fusion-separator-border sep-single sep-solid\" style=\"--awb-height:20px;--awb-amount:20px;--awb-sep-color:#c8a977;border-color:#c8a977;border-top-width:3px;\"><\/div><\/div><\/div><\/div><\/div><\/div><div class=\"fusion-fullwidth fullwidth-box fusion-builder-row-2 fusion-flex-container has-pattern-background has-mask-background nonhundred-percent-fullwidth non-hundred-percent-height-scrolling\" style=\"--awb-border-radius-top-left:0px;--awb-border-radius-top-right:0px;--awb-border-radius-bottom-right:0px;--awb-border-radius-bottom-left:0px;--awb-flex-wrap:wrap;\" ><div class=\"fusion-builder-row fusion-row fusion-flex-align-items-flex-start fusion-flex-content-wrap\" style=\"max-width:1216.8px;margin-left: calc(-4% \/ 2 );margin-right: calc(-4% \/ 2 );\"><div class=\"fusion-layout-column fusion_builder_column fusion-builder-column-1 fusion_builder_column_1_1 1_1 fusion-flex-column\" style=\"--awb-bg-size:cover;--awb-width-large:100%;--awb-margin-top-large:0px;--awb-spacing-right-large:1.92%;--awb-margin-bottom-large:20px;--awb-spacing-left-large:1.92%;--awb-width-medium:100%;--awb-order-medium:0;--awb-spacing-right-medium:1.92%;--awb-spacing-left-medium:1.92%;--awb-width-small:100%;--awb-order-small:0;--awb-spacing-right-small:1.92%;--awb-spacing-left-small:1.92%;\"><div class=\"fusion-column-wrapper fusion-column-has-shadow fusion-flex-justify-content-flex-start fusion-content-layout-column\"><div class=\"accordian fusion-accordian\" style=\"--awb-border-size:1px;--awb-icon-size:16px;--awb-content-font-size:14px;--awb-icon-alignment:right;--awb-hover-color:var(--awb-color2);--awb-border-color:#003087;--awb-background-color:var(--awb-color1);--awb-divider-color:var(--awb-color2);--awb-divider-hover-color:var(--awb-color2);--awb-icon-color:var(--awb-color1);--awb-title-color:#003087;--awb-content-color:#003087;--awb-icon-box-color:#003087;--awb-toggle-hover-accent-color:#221c35;--awb-title-font-family:&quot;Poppins&quot;;--awb-title-font-weight:400;--awb-title-font-style:normal;--awb-title-font-size:21px;--awb-content-font-family:&quot;Poppins&quot;;--awb-content-font-style:normal;--awb-content-font-weight:300;\"><div class=\"panel-group fusion-toggle-icon-right fusion-toggle-icon-boxed\" id=\"accordion-7173-1\"><div class=\"fusion-panel panel-default panel-5600ec6b7c12b82a7 fusion-toggle-no-divider fusion-toggle-boxed-mode\"><div class=\"panel-heading\"><h4 class=\"panel-title toggle\" id=\"toggle_5600ec6b7c12b82a7\"><a aria-expanded=\"false\" aria-controls=\"5600ec6b7c12b82a7\" role=\"button\" data-toggle=\"collapse\" data-parent=\"#accordion-7173-1\" data-target=\"#5600ec6b7c12b82a7\" href=\"#5600ec6b7c12b82a7\"><span class=\"fusion-toggle-icon-wrapper\" aria-hidden=\"true\"><i class=\"fa-fusion-box active-icon fa-angle-down fas\" aria-hidden=\"true\"><\/i><i class=\"fa-fusion-box inactive-icon fa-angle-right fas\" aria-hidden=\"true\"><\/i><\/span><span class=\"fusion-toggle-heading\">Reports for the Year 2025<\/span><\/a><\/h4><\/div><div id=\"5600ec6b7c12b82a7\" class=\"panel-collapse collapse\" aria-labelledby=\"toggle_5600ec6b7c12b82a7\"><div class=\"panel-body toggle-content fusion-clearfix\">\n<p>There were no complaints received from consumers during the relevant period in January.<br \/>There were no complaints received from consumers during the relevant period in February.<br \/>There were no complaints received from consumers during the relevant period in March.<br \/>There were no complaints received from consumers during the relevant period in April.<br \/>There were no complaints received from consumers during the relevant period in May.<br \/>There were no complaints received from consumers during the relevant period in June.<br \/>There were no complaints received from consumers during the relevant period in July.<br \/>There were no complaints received from consumers during the relevant period in August.<br \/>There were no complaints received from consumers during the relevant period in September.<\/p>\n<\/div><\/div><\/div><\/div><\/div><div class=\"accordian fusion-accordian\" style=\"--awb-border-size:1px;--awb-icon-size:16px;--awb-content-font-size:19px;--awb-icon-alignment:right;--awb-hover-color:var(--awb-color2);--awb-border-color:#003087;--awb-background-color:var(--awb-color1);--awb-divider-color:var(--awb-color2);--awb-divider-hover-color:var(--awb-color2);--awb-icon-color:var(--awb-color1);--awb-title-color:#003087;--awb-content-color:#003087;--awb-icon-box-color:#003087;--awb-toggle-hover-accent-color:#003087;--awb-title-font-family:&quot;Poppins&quot;;--awb-title-font-weight:300;--awb-title-font-style:normal;--awb-title-font-size:18px;--awb-content-font-family:&quot;Poppins&quot;;--awb-content-font-style:normal;--awb-content-font-weight:300;\"><div class=\"panel-group fusion-toggle-icon-right fusion-toggle-icon-boxed\" id=\"accordion-7173-2\"><div class=\"fusion-panel panel-default panel-a91a734339b29fd9f fusion-toggle-no-divider fusion-toggle-boxed-mode\" style=\"--awb-content-font-size:14px;--awb-content-font-family:&quot;Poppins&quot;;--awb-content-font-style:normal;--awb-content-font-weight:300;--awb-title-font-family:&quot;Poppins&quot;;--awb-title-font-weight:400;--awb-title-font-style:normal;--awb-title-font-size:21px;--awb-title-color:#003087;\"><div class=\"panel-heading\"><h4 class=\"panel-title toggle\" id=\"toggle_a91a734339b29fd9f\"><a aria-expanded=\"false\" aria-controls=\"a91a734339b29fd9f\" role=\"button\" data-toggle=\"collapse\" data-parent=\"#accordion-7173-2\" data-target=\"#a91a734339b29fd9f\" href=\"#a91a734339b29fd9f\"><span class=\"fusion-toggle-icon-wrapper\" aria-hidden=\"true\"><i class=\"fa-fusion-box active-icon fa-angle-down fas\" aria-hidden=\"true\"><\/i><i class=\"fa-fusion-box inactive-icon fa-angle-right fas\" aria-hidden=\"true\"><\/i><\/span><span class=\"fusion-toggle-heading\">Reports for the Year 2024<\/span><\/a><\/h4><\/div><div id=\"a91a734339b29fd9f\" class=\"panel-collapse collapse\" aria-labelledby=\"toggle_a91a734339b29fd9f\"><div class=\"panel-body toggle-content fusion-clearfix\">\n<p>There were no complaints received from consumers during the relevant period in January.<br \/>There were no complaints received from consumers during the relevant period in February.<br \/>There were no complaints received from consumers during the relevant period in March.<br \/>There were no complaints received from consumers during the relevant period in April.<br \/>There were no complaints received from consumers during the relevant period in May.<br \/>There were no complaints received from consumers during the relevant period in June.<br \/>There were no complaints received from consumers during the relevant period in July.<br \/>There were no complaints received from consumers during the relevant period in August.<br \/>There were no complaints received from consumers during the relevant period in September.<br \/>There were no complaints received from consumers during the relevant period in October.<br \/>There were no complaints received from consumers during the relevant period in November.<br \/>There were no complaints received from consumers during the relevant period in December.<\/p>\n<\/div><\/div><\/div><\/div><\/div><div class=\"accordian fusion-accordian\" style=\"--awb-border-size:1px;--awb-icon-size:16px;--awb-content-font-size:19px;--awb-icon-alignment:right;--awb-hover-color:var(--awb-color2);--awb-border-color:#003087;--awb-background-color:var(--awb-color1);--awb-divider-color:var(--awb-color2);--awb-divider-hover-color:var(--awb-color2);--awb-icon-color:var(--awb-color1);--awb-title-color:#003087;--awb-content-color:#003087;--awb-icon-box-color:#003087;--awb-toggle-hover-accent-color:#003087;--awb-title-font-family:&quot;Poppins&quot;;--awb-title-font-weight:300;--awb-title-font-style:normal;--awb-title-font-size:18px;--awb-content-font-family:&quot;Poppins&quot;;--awb-content-font-style:normal;--awb-content-font-weight:300;\"><div class=\"panel-group fusion-toggle-icon-right fusion-toggle-icon-boxed\" id=\"accordion-7173-3\"><div class=\"fusion-panel panel-default panel-44c67922254ec197e fusion-toggle-no-divider fusion-toggle-boxed-mode\" style=\"--awb-content-font-size:14px;--awb-content-font-family:&quot;Poppins&quot;;--awb-content-font-style:normal;--awb-content-font-weight:300;--awb-title-font-family:&quot;Poppins&quot;;--awb-title-font-weight:400;--awb-title-font-style:normal;--awb-title-font-size:21px;--awb-title-color:#003087;\"><div class=\"panel-heading\"><h4 class=\"panel-title toggle\" id=\"toggle_44c67922254ec197e\"><a aria-expanded=\"false\" aria-controls=\"44c67922254ec197e\" role=\"button\" data-toggle=\"collapse\" data-parent=\"#accordion-7173-3\" data-target=\"#44c67922254ec197e\" href=\"#44c67922254ec197e\"><span class=\"fusion-toggle-icon-wrapper\" aria-hidden=\"true\"><i class=\"fa-fusion-box active-icon fa-angle-down fas\" aria-hidden=\"true\"><\/i><i class=\"fa-fusion-box inactive-icon fa-angle-right fas\" aria-hidden=\"true\"><\/i><\/span><span class=\"fusion-toggle-heading\">Reports for the Year 2023<\/span><\/a><\/h4><\/div><div id=\"44c67922254ec197e\" class=\"panel-collapse collapse\" aria-labelledby=\"toggle_44c67922254ec197e\"><div class=\"panel-body toggle-content fusion-clearfix\">\n<p>There were no complaints received from consumers during the relevant period in January.<br \/>There were no complaints received from consumers during the relevant period in February.<br \/>There were no complaints received from consumers during the relevant period in March.<br \/>There were no complaints received from consumers during the relevant period in April.<br \/>There were no complaints received from consumers during the relevant period in May.<br \/>There were no complaints received from consumers during the relevant period in June.<br \/>There were no complaints received from consumers during the relevant period in July.<br \/>There were no complaints received from consumers during the relevant period in August.<br \/>There were no complaints received from consumers during the relevant period in September.<br \/>There were no complaints received from consumers during the relevant period in October.<br \/>There were no complaints received from consumers during the relevant period in November.<br \/>There were no complaints received from consumers during the relevant period in December.<\/p>\n<\/div><\/div><\/div><\/div><\/div><div class=\"accordian fusion-accordian\" style=\"--awb-border-size:1px;--awb-icon-size:16px;--awb-content-font-size:14px;--awb-icon-alignment:right;--awb-hover-color:var(--awb-color2);--awb-border-color:#003087;--awb-background-color:var(--awb-color1);--awb-divider-color:var(--awb-color2);--awb-divider-hover-color:var(--awb-color2);--awb-icon-color:var(--awb-color1);--awb-title-color:#003087;--awb-content-color:#003087;--awb-icon-box-color:#003087;--awb-toggle-hover-accent-color:#003087;--awb-title-font-family:&quot;Poppins&quot;;--awb-title-font-weight:400;--awb-title-font-style:normal;--awb-title-font-size:21px;--awb-content-font-family:&quot;Poppins&quot;;--awb-content-font-style:normal;--awb-content-font-weight:300;\"><div class=\"panel-group fusion-toggle-icon-right fusion-toggle-icon-boxed\" id=\"accordion-7173-4\"><div class=\"fusion-panel panel-default panel-9443b8a6335e2172b fusion-toggle-no-divider fusion-toggle-boxed-mode\"><div class=\"panel-heading\"><h4 class=\"panel-title toggle\" id=\"toggle_9443b8a6335e2172b\"><a aria-expanded=\"false\" aria-controls=\"9443b8a6335e2172b\" role=\"button\" data-toggle=\"collapse\" data-parent=\"#accordion-7173-4\" data-target=\"#9443b8a6335e2172b\" href=\"#9443b8a6335e2172b\"><span class=\"fusion-toggle-icon-wrapper\" aria-hidden=\"true\"><i class=\"fa-fusion-box active-icon fa-angle-down fas\" aria-hidden=\"true\"><\/i><i class=\"fa-fusion-box inactive-icon fa-angle-right fas\" aria-hidden=\"true\"><\/i><\/span><span class=\"fusion-toggle-heading\">Reports for the Year 2022<\/span><\/a><\/h4><\/div><div id=\"9443b8a6335e2172b\" class=\"panel-collapse collapse\" aria-labelledby=\"toggle_9443b8a6335e2172b\"><div class=\"panel-body toggle-content fusion-clearfix\">\n<p>There were no complaints received from consumers during the relevant period in January.<br \/>There were no complaints received from consumers during the relevant period in February.<br \/>There were no complaints received from consumers during the relevant period in March.<br \/>There were no complaints received from consumers during the relevant period in April.<br \/>There were no complaints received from consumers during the relevant period in May.<br \/>There were no complaints received from consumers during the relevant period in June.<br \/>There were no complaints received from consumers during the relevant period in July.<br \/>There were no complaints received from consumers during the relevant period in August.<br \/>There were no complaints received from consumers during the relevant period in September.<br \/>There were no complaints received from consumers during the relevant period in October.<br \/>There were no complaints received from consumers during the relevant period in November.<br \/>There were no complaints received from consumers during the relevant period in December.<\/p>\n<\/div><\/div><\/div><\/div><\/div><div class=\"accordian fusion-accordian\" style=\"--awb-border-size:1px;--awb-icon-size:16px;--awb-content-font-size:14px;--awb-icon-alignment:right;--awb-hover-color:var(--awb-color2);--awb-border-color:#003087;--awb-background-color:var(--awb-color1);--awb-divider-color:var(--awb-color2);--awb-divider-hover-color:var(--awb-color2);--awb-icon-color:var(--awb-color1);--awb-title-color:#003087;--awb-content-color:#003087;--awb-icon-box-color:#003087;--awb-toggle-hover-accent-color:#003087;--awb-title-font-family:&quot;Poppins&quot;;--awb-title-font-weight:400;--awb-title-font-style:normal;--awb-title-font-size:21px;--awb-content-font-family:&quot;Poppins&quot;;--awb-content-font-style:normal;--awb-content-font-weight:300;\"><div class=\"panel-group fusion-toggle-icon-right fusion-toggle-icon-boxed\" id=\"accordion-7173-5\"><div class=\"fusion-panel panel-default panel-126b33e447ab64c04 fusion-toggle-no-divider fusion-toggle-boxed-mode\"><div class=\"panel-heading\"><h4 class=\"panel-title toggle\" id=\"toggle_126b33e447ab64c04\"><a aria-expanded=\"false\" aria-controls=\"126b33e447ab64c04\" role=\"button\" data-toggle=\"collapse\" data-parent=\"#accordion-7173-5\" data-target=\"#126b33e447ab64c04\" href=\"#126b33e447ab64c04\"><span class=\"fusion-toggle-icon-wrapper\" aria-hidden=\"true\"><i class=\"fa-fusion-box active-icon fa-angle-down fas\" aria-hidden=\"true\"><\/i><i class=\"fa-fusion-box inactive-icon fa-angle-right fas\" aria-hidden=\"true\"><\/i><\/span><span class=\"fusion-toggle-heading\">Reports for the Year 2021<\/span><\/a><\/h4><\/div><div id=\"126b33e447ab64c04\" class=\"panel-collapse collapse\" aria-labelledby=\"toggle_126b33e447ab64c04\"><div class=\"panel-body toggle-content fusion-clearfix\">\n<p>There were no complaints received from consumers during the relevant period in January.<br \/>There were no complaints received from consumers during the relevant period in February.<br \/>There were no complaints received from consumers during the relevant period in March.<br \/>There were no complaints received from consumers during the relevant period in April.<br \/>There were no complaints received from consumers during the relevant period in May.<br \/>There were no complaints received from consumers during the relevant period in June.<br \/>There were no complaints received from consumers during the relevant period in July.<br \/>There were no complaints received from consumers during the relevant period in August.<br \/>There were no complaints received from consumers during the relevant period in September.<br \/>There were no complaints received from consumers during the relevant period in October.<br \/>There were no complaints received from consumers during the relevant period in November.<br \/>There were no complaints received from consumers during the relevant period in December.<\/p>\n<\/div><\/div><\/div><\/div><\/div><div class=\"accordian fusion-accordian\" style=\"--awb-border-size:1px;--awb-icon-size:16px;--awb-content-font-size:14px;--awb-icon-alignment:right;--awb-hover-color:var(--awb-color2);--awb-border-color:#003087;--awb-background-color:var(--awb-color1);--awb-divider-color:var(--awb-color2);--awb-divider-hover-color:var(--awb-color2);--awb-icon-color:var(--awb-color1);--awb-title-color:#003087;--awb-content-color:#003087;--awb-icon-box-color:#003087;--awb-toggle-hover-accent-color:#003087;--awb-title-font-family:&quot;Poppins&quot;;--awb-title-font-weight:400;--awb-title-font-style:normal;--awb-title-font-size:21px;--awb-content-font-family:&quot;Poppins&quot;;--awb-content-font-style:normal;--awb-content-font-weight:400;\"><div class=\"panel-group fusion-toggle-icon-right fusion-toggle-icon-boxed\" id=\"accordion-7173-6\"><div class=\"fusion-panel panel-default panel-591b35db365c789b5 fusion-toggle-no-divider fusion-toggle-boxed-mode\" style=\"--awb-content-font-size:14px;--awb-content-font-family:&quot;Poppins&quot;;--awb-content-font-style:normal;--awb-content-font-weight:300;--awb-title-font-family:&quot;Poppins&quot;;--awb-title-font-weight:400;--awb-title-font-style:normal;--awb-title-font-size:21px;--awb-title-color:#003087;\"><div class=\"panel-heading\"><h4 class=\"panel-title toggle\" id=\"toggle_591b35db365c789b5\"><a aria-expanded=\"false\" aria-controls=\"591b35db365c789b5\" role=\"button\" data-toggle=\"collapse\" data-parent=\"#accordion-7173-6\" data-target=\"#591b35db365c789b5\" href=\"#591b35db365c789b5\"><span class=\"fusion-toggle-icon-wrapper\" aria-hidden=\"true\"><i class=\"fa-fusion-box active-icon fa-angle-down fas\" aria-hidden=\"true\"><\/i><i class=\"fa-fusion-box inactive-icon fa-angle-right fas\" aria-hidden=\"true\"><\/i><\/span><span class=\"fusion-toggle-heading\">Reports for the Year 2020<\/span><\/a><\/h4><\/div><div id=\"591b35db365c789b5\" class=\"panel-collapse collapse\" aria-labelledby=\"toggle_591b35db365c789b5\"><div class=\"panel-body toggle-content fusion-clearfix\">\n<p>There were no complaints received from consumers during the relevant period in January.<br \/>There were no complaints received from consumers during the relevant period in February.<br \/>There were no complaints received from consumers during the relevant period in March.<br \/>There were no complaints received from consumers during the relevant period in April.<br \/>There were no complaints received from consumers during the relevant period in May.<br \/>There were no complaints received from consumers during the relevant period in June.<br \/>There were no complaints received from consumers during the relevant period in July.<br \/>There were no complaints received from consumers during the relevant period in August.<br \/>There were no complaints received from consumers during the relevant period in September.<br \/>There were no complaints received from consumers during the relevant period in October.<br \/>There were no complaints received from consumers during the relevant period in November.<br \/>There were no complaints received from consumers during the relevant period in December.<\/p>\n<\/div><\/div><\/div><\/div><\/div><\/div><\/div><\/div><\/div><\/p>","protected":false},"excerpt":{"rendered":"","protected":false},"author":1,"featured_media":0,"parent":0,"menu_order":0,"comment_status":"closed","ping_status":"closed","template":"100-width.php","meta":{"footnotes":""},"class_list":["post-7173","page","type-page","status-publish","hentry"],"_links":{"self":[{"href":"https:\/\/kipas.com.tr\/en\/wp-json\/wp\/v2\/pages\/7173","targetHints":{"allow":["GET"]}}],"collection":[{"href":"https:\/\/kipas.com.tr\/en\/wp-json\/wp\/v2\/pages"}],"about":[{"href":"https:\/\/kipas.com.tr\/en\/wp-json\/wp\/v2\/types\/page"}],"author":[{"embeddable":true,"href":"https:\/\/kipas.com.tr\/en\/wp-json\/wp\/v2\/users\/1"}],"replies":[{"embeddable":true,"href":"https:\/\/kipas.com.tr\/en\/wp-json\/wp\/v2\/comments?post=7173"}],"version-history":[{"count":23,"href":"https:\/\/kipas.com.tr\/en\/wp-json\/wp\/v2\/pages\/7173\/revisions"}],"predecessor-version":[{"id":7761,"href":"https:\/\/kipas.com.tr\/en\/wp-json\/wp\/v2\/pages\/7173\/revisions\/7761"}],"wp:attachment":[{"href":"https:\/\/kipas.com.tr\/en\/wp-json\/wp\/v2\/media?parent=7173"}],"curies":[{"name":"wp","href":"https:\/\/api.w.org\/{rel}","templated":true}]}}