{"id":7087,"date":"2025-05-20T15:24:00","date_gmt":"2025-05-20T12:24:00","guid":{"rendered":"https:\/\/kipas.com.tr\/?page_id=7087"},"modified":"2025-06-03T10:02:01","modified_gmt":"2025-06-03T07:02:01","slug":"ihracatin-yildizi","status":"publish","type":"page","link":"https:\/\/kipas.com.tr\/en\/ihracatin-yildizi\/","title":{"rendered":"STAR OF EXPORT"},"content":{"rendered":"<div class=\"fusion-fullwidth fullwidth-box fusion-builder-row-1 fusion-flex-container has-pattern-background has-mask-background nonhundred-percent-fullwidth non-hundred-percent-height-scrolling\" style=\"--awb-border-radius-top-left:0px;--awb-border-radius-top-right:0px;--awb-border-radius-bottom-right:0px;--awb-border-radius-bottom-left:0px;--awb-flex-wrap:wrap;\" ><div class=\"fusion-builder-row fusion-row fusion-flex-align-items-flex-start fusion-flex-content-wrap\" style=\"max-width:1216.8px;margin-left: calc(-4% \/ 2 );margin-right: calc(-4% \/ 2 );\"><div class=\"fusion-layout-column fusion_builder_column fusion-builder-column-0 fusion_builder_column_1_1 1_1 fusion-flex-column\" style=\"--awb-bg-size:cover;--awb-width-large:100%;--awb-margin-top-large:0px;--awb-spacing-right-large:1.92%;--awb-margin-bottom-large:20px;--awb-spacing-left-large:1.92%;--awb-width-medium:100%;--awb-order-medium:0;--awb-spacing-right-medium:1.92%;--awb-spacing-left-medium:1.92%;--awb-width-small:100%;--awb-order-small:0;--awb-spacing-right-small:1.92%;--awb-spacing-left-small:1.92%;\"><div class=\"fusion-column-wrapper fusion-column-has-shadow fusion-flex-justify-content-flex-start fusion-content-layout-column\"><div class=\"fusion-text fusion-text-1\"><h4 class=\"news_title fusion-responsive-typography-calculated\" style=\"font-size: 24px; font-family: Poppins; font-weight: 500; --fontSize: 24; line-height: 1.35; color: rgb(0, 48, 135);\" data-fusion-font=\"true\" data-fusion-google-font=\"Poppins\" data-fusion-google-variant=\"500\" data-fontsize=\"24\" data-lineheight=\"32.4px\">STAR OF EXPORT<\/h4>\n<\/div><div class=\"fusion-text fusion-text-2\"><p style=\"font-size: 14px; color: rgb(0, 48, 135);\" data-fusion-font=\"true\">2024-09-19 14:32:02<\/p>\n<\/div><div class=\"fusion-text fusion-text-3\"><p><strong data-fusion-font=\"true\" style=\"font-size: 16px; font-family: Poppins; font-weight: 700; color: rgb(0, 48, 135);\" data-fusion-google-font=\"Poppins\" data-fusion-google-variant=\"700\">Kipa\u015f Pazarlama Crowns Its Export Success to 100 Countries with the \u201cStar of Export\u201d Award<\/strong><\/p>\n<p><strong data-fusion-font=\"true\" style=\"font-size: 16px; font-family: Poppins; font-weight: 700; color: rgb(0, 48, 135);\" data-fusion-google-font=\"Poppins\" data-fusion-google-variant=\"700\">A Success Story Extending from Kahramanmara\u015f to the World<\/strong><\/p>\n<p data-fusion-font=\"true\" style=\"font-size: 16px; color: rgb(0, 48, 135);\">Despite the challenges caused by the Kahramanmara\u015f earthquake on February 6, Kipa\u015f Pazarlama, a part of Kipa\u015f Holding, continues to be the pride of Turkey with its perseverance and determination. At the \u201cExport Value Contributors Award Ceremony\u201d organized by the Istanbul Textile and Raw Materials Exporters\u2019 Association (\u0130TH\u0130B), Kipa\u015f Pazarlama was honored with the \u201cStar of Export\u201d award for its impressive export performance. This great success was crowned with the Platinum Award, once again proving our company\u2019s strength on the international stage.<\/p>\n<p><strong data-fusion-font=\"true\" style=\"font-size: 16px; font-family: Poppins; font-weight: 700; color: rgb(0, 48, 135);\" data-fusion-google-font=\"Poppins\" data-fusion-google-variant=\"700\">Export to 100 Countries: A Strong Player in the Global Market<\/strong><\/p>\n<p data-fusion-font=\"true\" style=\"font-size: 16px; color: rgb(0, 48, 135);\">Kipa\u015f Pazarlama is one of the main drivers of Kipa\u015f Holding\u2019s exports, which is an important player not only within Turkey but also worldwide in the textile, cement, energy, education, logistics, and paper sectors. Kipa\u015f Holding specializes in all its production fields and exports its products to as many as 100 countries. Even during the volatile periods of the global economy, Kipa\u015f Holding continues to grow by increasing its competitive power in the global market with its high-technology based production approach and experienced staff.<\/p>\n<p><strong data-fusion-font=\"true\" style=\"font-size: 16px; font-family: Poppins; font-weight: 700; color: rgb(0, 48, 135);\" data-fusion-google-font=\"Poppins\" data-fusion-google-variant=\"700\">Stronger After the Earthquake: The Rise of Kahramanmara\u015f<\/strong><\/p>\n<p data-fusion-font=\"true\" style=\"font-size: 16px; color: rgb(0, 48, 135);\">Based in Kahramanmara\u015f, Kipa\u015f Holding played an important role in the city\u2019s recovery by maintaining production and employment activities after the earthquake. Despite the natural disaster, our company continued to increase production capacity and contribute to the economy, leading not only Kahramanmara\u015f but also Turkey\u2019s development. This award received by Kipa\u015f Pazarlama is a concrete indication of both economic resilience and our company\u2019s determination despite the crisis.<\/p>\n<p><strong data-fusion-font=\"true\" style=\"font-size: 16px; font-family: Poppins; font-weight: 700; color: rgb(0, 48, 135);\" data-fusion-google-font=\"Poppins\" data-fusion-google-variant=\"700\">Thanks from Kipa\u015f Holding Management<\/strong><\/p>\n<p data-fusion-font=\"true\" style=\"font-size: 16px; color: rgb(0, 48, 135);\">Following the award ceremony, Kipa\u015f Holding management emphasized that the key factors behind Kipa\u015f Pazarlama\u2019s great success are nearly 40 years of experience, an innovation-based approach, and competitiveness in the global market. The management stated, \u201cWe have a structure that can adapt to change even in the toughest conditions. This award from \u0130TH\u0130B is proof that we are on the right path. We will continue to support the development of our country, especially Kahramanmara\u015f.\u201d They also expressed their determination to contribute to the Turkish economy in the coming periods.<\/p>\n<p data-fusion-font=\"true\" style=\"font-size: 16px; color: rgb(0, 48, 135);\">This prestigious award won by Kipa\u015f Pazarlama is recorded not only as a success in exports for our company but also as an important step that strengthens the position of Kahramanmara\u015f and Turkey in the global textile market.<\/p>\n<\/div><\/div><\/div><\/div><\/div>","protected":false},"excerpt":{"rendered":"","protected":false},"author":1,"featured_media":0,"parent":0,"menu_order":0,"comment_status":"closed","ping_status":"closed","template":"","meta":{"footnotes":""},"class_list":["post-7087","page","type-page","status-publish","hentry"],"_links":{"self":[{"href":"https:\/\/kipas.com.tr\/en\/wp-json\/wp\/v2\/pages\/7087","targetHints":{"allow":["GET"]}}],"collection":[{"href":"https:\/\/kipas.com.tr\/en\/wp-json\/wp\/v2\/pages"}],"about":[{"href":"https:\/\/kipas.com.tr\/en\/wp-json\/wp\/v2\/types\/page"}],"author":[{"embeddable":true,"href":"https:\/\/kipas.com.tr\/en\/wp-json\/wp\/v2\/users\/1"}],"replies":[{"embeddable":true,"href":"https:\/\/kipas.com.tr\/en\/wp-json\/wp\/v2\/comments?post=7087"}],"version-history":[{"count":4,"href":"https:\/\/kipas.com.tr\/en\/wp-json\/wp\/v2\/pages\/7087\/revisions"}],"predecessor-version":[{"id":7583,"href":"https:\/\/kipas.com.tr\/en\/wp-json\/wp\/v2\/pages\/7087\/revisions\/7583"}],"wp:attachment":[{"href":"https:\/\/kipas.com.tr\/en\/wp-json\/wp\/v2\/media?parent=7087"}],"curies":[{"name":"wp","href":"https:\/\/api.w.org\/{rel}","templated":true}]}}