{"id":7081,"date":"2025-05-20T14:41:12","date_gmt":"2025-05-20T11:41:12","guid":{"rendered":"https:\/\/kipas.com.tr\/?page_id=7081"},"modified":"2025-06-03T10:01:20","modified_gmt":"2025-06-03T07:01:20","slug":"anadolu-500-listesindeyiz","status":"publish","type":"page","link":"https:\/\/kipas.com.tr\/en\/anadolu-500-listesindeyiz\/","title":{"rendered":"We Are on the Anadolu 500 List!"},"content":{"rendered":"<div class=\"fusion-fullwidth fullwidth-box fusion-builder-row-1 fusion-flex-container has-pattern-background has-mask-background nonhundred-percent-fullwidth non-hundred-percent-height-scrolling\" style=\"--awb-border-radius-top-left:0px;--awb-border-radius-top-right:0px;--awb-border-radius-bottom-right:0px;--awb-border-radius-bottom-left:0px;--awb-flex-wrap:wrap;\" ><div class=\"fusion-builder-row fusion-row fusion-flex-align-items-flex-start fusion-flex-content-wrap\" style=\"max-width:1216.8px;margin-left: calc(-4% \/ 2 );margin-right: calc(-4% \/ 2 );\"><div class=\"fusion-layout-column fusion_builder_column fusion-builder-column-0 fusion_builder_column_1_1 1_1 fusion-flex-column\" style=\"--awb-bg-size:cover;--awb-width-large:100%;--awb-margin-top-large:0px;--awb-spacing-right-large:1.92%;--awb-margin-bottom-large:20px;--awb-spacing-left-large:1.92%;--awb-width-medium:100%;--awb-order-medium:0;--awb-spacing-right-medium:1.92%;--awb-spacing-left-medium:1.92%;--awb-width-small:100%;--awb-order-small:0;--awb-spacing-right-small:1.92%;--awb-spacing-left-small:1.92%;\"><div class=\"fusion-column-wrapper fusion-column-has-shadow fusion-flex-justify-content-flex-start fusion-content-layout-column\"><div class=\"fusion-text fusion-text-1\" style=\"--awb-text-color:#003087;\"><h4 class=\"news_title\" style=\"font-size: 24px; font-family: Poppins; font-weight: 500; color: rgb(0, 48, 135);\" data-fusion-font=\"true\" data-fusion-google-font=\"Poppins\" data-fusion-google-variant=\"500\">We Are on the Anadolu 500 List!<\/h4>\n<\/div><div class=\"fusion-text fusion-text-2\"><p style=\"font-size: 14px; color: rgb(0, 48, 135);\" data-fusion-font=\"true\">2024-12-27 14:38:17<\/p>\n<\/div><div class=\"fusion-text fusion-text-3\" style=\"--awb-line-height:1.2;\"><p><b data-fusion-font=\"true\" style=\"font-size: 16px; font-family: Poppins; font-weight: 700; color: rgb(0, 48, 135);\" data-fusion-google-font=\"Poppins\" data-fusion-google-variant=\"700\">Kipa\u015f Holding is the Third Company with the Most Firms on the Anadolu 500 List!<\/b><\/p>\n<p data-fusion-font=\"true\" style=\"font-size: 16px; color: rgb(0, 48, 135);\">According to the 2023 data of the \u201cTop 500 Companies of Anatolia\u201d research announced annually by Ekonomist Magazine, we are proud to have achieved a great success as Kipa\u015f Holding. As the third company with the most firms in Anatolia, we have been included in the list with 7 companies and one subsidiary. This success is an indicator of our contribution to regional development and our influence on a national scale.<\/p>\n<p data-fusion-font=\"true\" style=\"font-size: 16px; color: rgb(0, 48, 135);\">Our companies on the list stand out with their outstanding performances in their sectors. Kipa\u015f Mensucat and K\u00c7S Kahramanmara\u015f Cement achieved great success by ranking in the top 100. Kipa\u015f Mensucat ranked 62nd, while K\u00c7S Kahramanmara\u015f Cement secured the 94th position. Additionally, Bat\u0131 Kipa\u015f Ka\u011f\u0131t ranked 167th, Kipa\u015f Pazarlama 202nd, Kipa\u015f Ka\u011f\u0131t 210th, Kipa\u015f Maren 399th, and KET Energy 464th on the list. Maren Energy and KET Energy, leading the sector with our renewable energy projects, demonstrate our strong presence in the energy field. Maren Energy is ranked 399th, while KET Energy\u2019s 464th position reinforces our group\u2019s effectiveness in the energy sector. Our subsidiary AKEDA\u015e Electricity Retail proved our strength in the energy sector once again with its 47th position. Our representatives in the paper sector, Bat\u0131 Kipa\u015f Ka\u011f\u0131t and Kipa\u015f Ka\u011f\u0131t, secured an important place on the list with our environmentally friendly production approach. Bat\u0131 Kipa\u015f Ka\u011f\u0131t ranked 167th, and Kipa\u015f Ka\u011f\u0131t 210th, strengthening our presence in the sector.<\/p>\n<p data-fusion-font=\"true\" style=\"font-size: 16px; color: rgb(0, 48, 135);\">We continue our leadership in the textile sector with Kipa\u015f Mensucat. Ranked 62nd, our company makes a difference with its high export capacity and environmentally friendly production processes. K\u00c7S Kahramanmara\u015f Cement represents our strong market share in the cement sector with its 94th place. Kipa\u015f Pazarlama strengthens our group\u2019s reputation by delivering our products to millions of customers worldwide in international markets. Ranked 202nd, our company continues to add value to the regional and national economy.\n\nAs Kipa\u015f Holding, we take a pioneering role in the economic development of Kahramanmara\u015f. We are very pleased to contribute to our city\u2019s production, employment, and export potential by entering the list with 8 companies. This success reflects our vision focused on quality, sustainability, and innovation. We operate in a wide range from environmentally friendly production processes to projects that provide social benefits, and we strengthen our achievements on the international stage. Our strong presence on Ekonomist Magazine\u2019s \u201cTop 500 Companies of Anatolia\u201d list demonstrates that we are an actor shaping not only today but also the future.<\/p>\n<p data-fusion-font=\"true\" style=\"font-size: 16px; color: rgb(0, 48, 135);\">As the Kipa\u015f Holding family, we thank all our employees who contributed to this success!<\/p>\n<\/div><\/div><\/div><\/div><\/div>","protected":false},"excerpt":{"rendered":"","protected":false},"author":1,"featured_media":0,"parent":0,"menu_order":0,"comment_status":"closed","ping_status":"closed","template":"","meta":{"footnotes":""},"class_list":["post-7081","page","type-page","status-publish","hentry"],"_links":{"self":[{"href":"https:\/\/kipas.com.tr\/en\/wp-json\/wp\/v2\/pages\/7081","targetHints":{"allow":["GET"]}}],"collection":[{"href":"https:\/\/kipas.com.tr\/en\/wp-json\/wp\/v2\/pages"}],"about":[{"href":"https:\/\/kipas.com.tr\/en\/wp-json\/wp\/v2\/types\/page"}],"author":[{"embeddable":true,"href":"https:\/\/kipas.com.tr\/en\/wp-json\/wp\/v2\/users\/1"}],"replies":[{"embeddable":true,"href":"https:\/\/kipas.com.tr\/en\/wp-json\/wp\/v2\/comments?post=7081"}],"version-history":[{"count":5,"href":"https:\/\/kipas.com.tr\/en\/wp-json\/wp\/v2\/pages\/7081\/revisions"}],"predecessor-version":[{"id":7582,"href":"https:\/\/kipas.com.tr\/en\/wp-json\/wp\/v2\/pages\/7081\/revisions\/7582"}],"wp:attachment":[{"href":"https:\/\/kipas.com.tr\/en\/wp-json\/wp\/v2\/media?parent=7081"}],"curies":[{"name":"wp","href":"https:\/\/api.w.org\/{rel}","templated":true}]}}