{"id":7062,"date":"2025-05-20T14:13:03","date_gmt":"2025-05-20T11:13:03","guid":{"rendered":"https:\/\/kipas.com.tr\/?page_id=7062"},"modified":"2025-06-03T10:07:07","modified_gmt":"2025-06-03T07:07:07","slug":"bati-kipas-kagit-acilisi-gerceklesti-2","status":"publish","type":"page","link":"https:\/\/kipas.com.tr\/en\/bati-kipas-kagit-acilisi-gerceklesti-2\/","title":{"rendered":"WEST KIPA\u015e PAPER OPENING WAS HELD"},"content":{"rendered":"<div class=\"fusion-fullwidth fullwidth-box fusion-builder-row-1 fusion-flex-container has-pattern-background has-mask-background nonhundred-percent-fullwidth non-hundred-percent-height-scrolling\" style=\"--awb-border-radius-top-left:0px;--awb-border-radius-top-right:0px;--awb-border-radius-bottom-right:0px;--awb-border-radius-bottom-left:0px;--awb-flex-wrap:wrap;\" ><div class=\"fusion-builder-row fusion-row fusion-flex-align-items-flex-start fusion-flex-content-wrap\" style=\"max-width:1216.8px;margin-left: calc(-4% \/ 2 );margin-right: calc(-4% \/ 2 );\"><div class=\"fusion-layout-column fusion_builder_column fusion-builder-column-0 fusion_builder_column_1_1 1_1 fusion-flex-column\" style=\"--awb-bg-size:cover;--awb-width-large:100%;--awb-margin-top-large:0px;--awb-spacing-right-large:1.92%;--awb-margin-bottom-large:20px;--awb-spacing-left-large:1.92%;--awb-width-medium:100%;--awb-order-medium:0;--awb-spacing-right-medium:1.92%;--awb-spacing-left-medium:1.92%;--awb-width-small:100%;--awb-order-small:0;--awb-spacing-right-small:1.92%;--awb-spacing-left-small:1.92%;\"><div class=\"fusion-column-wrapper fusion-column-has-shadow fusion-flex-justify-content-flex-start fusion-content-layout-column\"><div class=\"fusion-text fusion-text-1\"><h4 class=\"news_title fusion-responsive-typography-calculated\" style=\"font-size: 24px; font-family: Poppins; font-weight: 500; --fontSize: 24; line-height: 1.35; color: rgb(0, 48, 135);\" data-fusion-font=\"true\" data-fusion-google-font=\"Poppins\" data-fusion-google-variant=\"500\" data-fontsize=\"24\" data-lineheight=\"32.4px\">WEST KIPA\u015e PAPER OPENING WAS HELD<\/h4>\n<\/div><div class=\"fusion-text fusion-text-2\"><p style=\"font-size: 14px; color: rgb(0, 48, 135);\" data-fusion-font=\"true\">2022-01-20 08:14:47<\/p>\n<\/div><div class=\"fusion-image-element\" style=\"--awb-aspect-ratio: 100 \/ 66;--awb-caption-title-font-family:var(--h2_typography-font-family);--awb-caption-title-font-weight:var(--h2_typography-font-weight);--awb-caption-title-font-style:var(--h2_typography-font-style);--awb-caption-title-size:var(--h2_typography-font-size);--awb-caption-title-transform:var(--h2_typography-text-transform);--awb-caption-title-line-height:var(--h2_typography-line-height);--awb-caption-title-letter-spacing:var(--h2_typography-letter-spacing);\"><span class=\"fusion-imageframe imageframe-none imageframe-1 hover-type-none has-aspect-ratio\"><img decoding=\"async\" width=\"300\" height=\"200\" src=\"https:\/\/kipas.com.tr\/wp-content\/uploads\/2025\/05\/Bati-kipas-Acilis.jpg\" data-orig-src=\"https:\/\/kipas.com.tr\/wp-content\/uploads\/2025\/05\/Bati-kipas-Acilis-300x200.jpg\" class=\"lazyload img-responsive wp-image-7066 img-with-aspect-ratio\" data-parent-fit=\"cover\" data-parent-container=\".fusion-image-element\" alt srcset=\"data:image\/svg+xml,%3Csvg%20xmlns%3D%27http%3A%2F%2Fwww.w3.org%2F2000%2Fsvg%27%20width%3D%271231%27%20height%3D%27821%27%20viewBox%3D%270%200%201231%20821%27%3E%3Crect%20width%3D%271231%27%20height%3D%27821%27%20fill-opacity%3D%220%22%2F%3E%3C%2Fsvg%3E\" data-srcset=\"https:\/\/kipas.com.tr\/wp-content\/uploads\/2025\/05\/Bati-kipas-Acilis-200x133.jpg 200w, https:\/\/kipas.com.tr\/wp-content\/uploads\/2025\/05\/Bati-kipas-Acilis-400x267.jpg 400w, https:\/\/kipas.com.tr\/wp-content\/uploads\/2025\/05\/Bati-kipas-Acilis-600x400.jpg 600w, https:\/\/kipas.com.tr\/wp-content\/uploads\/2025\/05\/Bati-kipas-Acilis-800x534.jpg 800w, https:\/\/kipas.com.tr\/wp-content\/uploads\/2025\/05\/Bati-kipas-Acilis-1200x800.jpg 1200w, https:\/\/kipas.com.tr\/wp-content\/uploads\/2025\/05\/Bati-kipas-Acilis.jpg 1231w\" data-sizes=\"auto\" data-orig-sizes=\"(max-width: 1024px) 100vw, (max-width: 640px) 100vw, 1200px\" \/><\/span><\/div><div class=\"fusion-text fusion-text-3\" style=\"--awb-line-height:1.4;--awb-margin-top:30px;\"><p style=\"font-size: 16px; color: rgb(0, 48, 135);\" data-fusion-font=\"true\">Kipa\u015f Holding\u2019s subsidiary Kipa\u015f Ka\u011f\u0131t \u0130\u015flemeleri has joined Bat\u0131 Kipa\u015f Ka\u011f\u0131t, the largest in Turkey and Europe.\nThe opening ceremony, attended by President Recep Tayyip Erdo\u011fan, was also joined by Vice President Fuat Oktay, AK Party Deputy Chairman Binali Y\u0131ld\u0131r\u0131m, Interior Minister S\u00fcleyman Soylu, Youth and Sports Minister Mehmet Muharrem Kasapo\u011flu, Transport and Infrastructure Minister Adil Karaismailo\u011flu, AK Party Group Deputy Chairman Mahir \u00dcnal, many members of parliament, leading figures from the business world, members of the press, and Kipa\u015f employees.<\/p>\n<p style=\"font-size: 16px; color: rgb(0, 48, 135);\" data-fusion-font=\"true\">In his opening speech, Kipa\u015f Holding Chairman of the Board Mehmet Hanefi \u00d6ks\u00fcz said:\n\u201cThis is a facility that will produce paper, especially those that Turkey currently imports. Therefore, it has earned the right to receive a strategic investment certificate. We will produce here the $250 million worth of paper products Turkey imports and will export an equal amount, contributing $450\u2013500 million to our current account deficit. Our total project cost is $1 billion. Just as we laid the foundation, the pandemic started in our country. During the pandemic, as Kipa\u015f Group, not only did we not reduce our employment numbers, but we increased employment and continued investing.\u201d<\/p>\n<p style=\"font-size: 16px; color: rgb(0, 48, 135);\" data-fusion-font=\"true\">President Recep Tayyip Erdo\u011fan stated in his speech:\n\u201cI thank the institutions and our holding that brought the largest production facility in Turkey and Europe to our country. This facility will meet a great need in the paper sector of our country. The trial productions of the first phase of this investment have started. Approximately $550 million will be invested in this first phase, employing 800 people. This facility will achieve $200 million in exports and will close the current account deficit by $450 million. The second phase investments are progressing rapidly. For the second phase, which is 40% complete, a $450 million investment will be made. Thus, 1,400 people will bring bread home. Besides economic contributions, this factory will operate with an environmentally friendly production approach. It will produce from 100% recycled waste paper with state-of-the-art machinery. It will contribute to employment, production, and the country\u2019s economy.\u201d<\/p>\n<\/div><div class=\"fusion-image-element\" style=\"--awb-aspect-ratio: 100 \/ 19;--awb-caption-title-font-family:var(--h2_typography-font-family);--awb-caption-title-font-weight:var(--h2_typography-font-weight);--awb-caption-title-font-style:var(--h2_typography-font-style);--awb-caption-title-size:var(--h2_typography-font-size);--awb-caption-title-transform:var(--h2_typography-text-transform);--awb-caption-title-line-height:var(--h2_typography-line-height);--awb-caption-title-letter-spacing:var(--h2_typography-letter-spacing);\"><span class=\"fusion-imageframe imageframe-none imageframe-2 hover-type-none has-aspect-ratio\"><img decoding=\"async\" width=\"300\" height=\"58\" src=\"https:\/\/kipas.com.tr\/wp-content\/uploads\/2025\/05\/3-kutu.png\" data-orig-src=\"https:\/\/kipas.com.tr\/wp-content\/uploads\/2025\/05\/3-kutu-300x58.png\" class=\"lazyload img-responsive wp-image-7069 img-with-aspect-ratio\" data-parent-fit=\"cover\" data-parent-container=\".fusion-image-element\" alt srcset=\"data:image\/svg+xml,%3Csvg%20xmlns%3D%27http%3A%2F%2Fwww.w3.org%2F2000%2Fsvg%27%20width%3D%27985%27%20height%3D%27191%27%20viewBox%3D%270%200%20985%20191%27%3E%3Crect%20width%3D%27985%27%20height%3D%27191%27%20fill-opacity%3D%220%22%2F%3E%3C%2Fsvg%3E\" data-srcset=\"https:\/\/kipas.com.tr\/wp-content\/uploads\/2025\/05\/3-kutu-200x39.png 200w, https:\/\/kipas.com.tr\/wp-content\/uploads\/2025\/05\/3-kutu-400x78.png 400w, https:\/\/kipas.com.tr\/wp-content\/uploads\/2025\/05\/3-kutu-600x116.png 600w, https:\/\/kipas.com.tr\/wp-content\/uploads\/2025\/05\/3-kutu-800x155.png 800w, https:\/\/kipas.com.tr\/wp-content\/uploads\/2025\/05\/3-kutu.png 985w\" data-sizes=\"auto\" data-orig-sizes=\"(max-width: 1024px) 100vw, (max-width: 640px) 100vw, 300px\" \/><\/span><\/div><\/div><\/div><\/div><\/div>","protected":false},"excerpt":{"rendered":"","protected":false},"author":1,"featured_media":0,"parent":0,"menu_order":0,"comment_status":"closed","ping_status":"closed","template":"","meta":{"footnotes":""},"class_list":["post-7062","page","type-page","status-publish","hentry"],"_links":{"self":[{"href":"https:\/\/kipas.com.tr\/en\/wp-json\/wp\/v2\/pages\/7062","targetHints":{"allow":["GET"]}}],"collection":[{"href":"https:\/\/kipas.com.tr\/en\/wp-json\/wp\/v2\/pages"}],"about":[{"href":"https:\/\/kipas.com.tr\/en\/wp-json\/wp\/v2\/types\/page"}],"author":[{"embeddable":true,"href":"https:\/\/kipas.com.tr\/en\/wp-json\/wp\/v2\/users\/1"}],"replies":[{"embeddable":true,"href":"https:\/\/kipas.com.tr\/en\/wp-json\/wp\/v2\/comments?post=7062"}],"version-history":[{"count":7,"href":"https:\/\/kipas.com.tr\/en\/wp-json\/wp\/v2\/pages\/7062\/revisions"}],"predecessor-version":[{"id":7589,"href":"https:\/\/kipas.com.tr\/en\/wp-json\/wp\/v2\/pages\/7062\/revisions\/7589"}],"wp:attachment":[{"href":"https:\/\/kipas.com.tr\/en\/wp-json\/wp\/v2\/media?parent=7062"}],"curies":[{"name":"wp","href":"https:\/\/api.w.org\/{rel}","templated":true}]}}