{"id":7053,"date":"2025-05-20T14:05:20","date_gmt":"2025-05-20T11:05:20","guid":{"rendered":"https:\/\/kipas.com.tr\/?page_id=7053"},"modified":"2025-06-03T10:06:18","modified_gmt":"2025-06-03T07:06:18","slug":"yeni-modern-dokuma-tesisimizi-actik","status":"publish","type":"page","link":"https:\/\/kipas.com.tr\/en\/yeni-modern-dokuma-tesisimizi-actik\/","title":{"rendered":"WE OPENED OUR NEW MODERN WEAVING FACILITY"},"content":{"rendered":"<div class=\"fusion-fullwidth fullwidth-box fusion-builder-row-1 fusion-flex-container has-pattern-background has-mask-background nonhundred-percent-fullwidth non-hundred-percent-height-scrolling\" style=\"--awb-border-radius-top-left:0px;--awb-border-radius-top-right:0px;--awb-border-radius-bottom-right:0px;--awb-border-radius-bottom-left:0px;--awb-flex-wrap:wrap;\" ><div class=\"fusion-builder-row fusion-row fusion-flex-align-items-flex-start fusion-flex-content-wrap\" style=\"max-width:1216.8px;margin-left: calc(-4% \/ 2 );margin-right: calc(-4% \/ 2 );\"><div class=\"fusion-layout-column fusion_builder_column fusion-builder-column-0 fusion_builder_column_1_1 1_1 fusion-flex-column\" style=\"--awb-bg-size:cover;--awb-width-large:100%;--awb-margin-top-large:0px;--awb-spacing-right-large:1.92%;--awb-margin-bottom-large:20px;--awb-spacing-left-large:1.92%;--awb-width-medium:100%;--awb-order-medium:0;--awb-spacing-right-medium:1.92%;--awb-spacing-left-medium:1.92%;--awb-width-small:100%;--awb-order-small:0;--awb-spacing-right-small:1.92%;--awb-spacing-left-small:1.92%;\"><div class=\"fusion-column-wrapper fusion-column-has-shadow fusion-flex-justify-content-flex-start fusion-content-layout-column\"><div class=\"fusion-text fusion-text-1\"><h4 class=\"news_title fusion-responsive-typography-calculated\" style=\"font-size: 24px; font-family: Poppins; font-weight: 500; --fontSize: 24; line-height: 1.35; color: rgb(0, 48, 135);\" data-fusion-font=\"true\" data-fusion-google-font=\"Poppins\" data-fusion-google-variant=\"500\" data-fontsize=\"24\" data-lineheight=\"32.4px\">WE OPENED OUR NEW MODERN WEAVING FACILITY<\/h4>\n<\/div><div class=\"fusion-text fusion-text-2\"><p style=\"font-size: 14px; color: rgb(0, 48, 135);\" data-fusion-font=\"true\">2022-03-28 15:07:30<\/p>\n<\/div><div class=\"fusion-image-element\" style=\"--awb-aspect-ratio: 100 \/ 64;--awb-caption-title-font-family:var(--h2_typography-font-family);--awb-caption-title-font-weight:var(--h2_typography-font-weight);--awb-caption-title-font-style:var(--h2_typography-font-style);--awb-caption-title-size:var(--h2_typography-font-size);--awb-caption-title-transform:var(--h2_typography-text-transform);--awb-caption-title-line-height:var(--h2_typography-line-height);--awb-caption-title-letter-spacing:var(--h2_typography-letter-spacing);\"><span class=\"fusion-imageframe imageframe-none imageframe-1 hover-type-none has-aspect-ratio\"><img decoding=\"async\" width=\"300\" height=\"192\" src=\"https:\/\/kipas.com.tr\/wp-content\/uploads\/2025\/05\/Acilis.jpg\" data-orig-src=\"https:\/\/kipas.com.tr\/wp-content\/uploads\/2025\/05\/Acilis-300x192.jpg\" class=\"lazyload img-responsive wp-image-7057 img-with-aspect-ratio\" data-parent-fit=\"cover\" data-parent-container=\".fusion-image-element\" alt srcset=\"data:image\/svg+xml,%3Csvg%20xmlns%3D%27http%3A%2F%2Fwww.w3.org%2F2000%2Fsvg%27%20width%3D%27992%27%20height%3D%27635%27%20viewBox%3D%270%200%20992%20635%27%3E%3Crect%20width%3D%27992%27%20height%3D%27635%27%20fill-opacity%3D%220%22%2F%3E%3C%2Fsvg%3E\" data-srcset=\"https:\/\/kipas.com.tr\/wp-content\/uploads\/2025\/05\/Acilis-200x128.jpg 200w, https:\/\/kipas.com.tr\/wp-content\/uploads\/2025\/05\/Acilis-400x256.jpg 400w, https:\/\/kipas.com.tr\/wp-content\/uploads\/2025\/05\/Acilis-600x384.jpg 600w, https:\/\/kipas.com.tr\/wp-content\/uploads\/2025\/05\/Acilis-800x512.jpg 800w, https:\/\/kipas.com.tr\/wp-content\/uploads\/2025\/05\/Acilis.jpg 992w\" data-sizes=\"auto\" data-orig-sizes=\"(max-width: 1024px) 100vw, (max-width: 640px) 100vw, 300px\" \/><\/span><\/div><div class=\"fusion-text fusion-text-3\" style=\"--awb-margin-top:30px;\"><p><strong data-fusion-font=\"true\" style=\"font-size: 16px; font-family: Poppins; font-weight: 700; color: rgb(0, 48, 135);\" data-fusion-google-font=\"Poppins\" data-fusion-google-variant=\"700\">MINISTER VARANK: K\u0130PA\u015e HOLDING CREATES SIGNIFICANT EMPLOYMENT<\/strong><\/p>\n<p data-fusion-font=\"true\" style=\"font-size: 16px; color: rgb(0, 48, 135);\">As part of his visit to Kahramanmara\u015f, Minister of Industry and Technology Mustafa Varank attended the opening ceremony of the Kipa\u015f Textile Modern Weaving Facility, which will begin operations under Kipa\u015f Holding, the pride of both Kahramanmara\u015f and the region.<\/p>\n<p data-fusion-font=\"true\" style=\"font-size: 16px; color: rgb(0, 48, 135);\">Minister Varank toured the facility together with protocol members and journalists, receiving detailed information about the facility from Kipa\u015f Holding Chairman of the Board, Mr. M. Hanefi \u00d6ks\u00fcz.<\/p>\n<p data-fusion-font=\"true\" style=\"font-size: 16px; color: rgb(0, 48, 135);\">Chairman of the Board M. Hanefi \u00d6ks\u00fcz stated:\n\u201cKipa\u015f has made extraordinary efforts over the last 20 years for the industrialization of our country. The facility we are inaugurating today is a very important one. We are delighted to bring such a facility to our city and our country. This is the largest facility in Europe operating under a single roof. It will produce 120,000 meters of fabric daily. Textile is one of the key sectors of our group. We generate a turnover of over half a million dollars. All of our machines are state-of-the-art. We've undergone a restructuring process, and while the advanced technology of the machines is important, the safety of our employees is even more crucial. As we celebrate our 38th year, we are renovating all our older buildings to be larger and compliant with the latest regulations.\u201d<\/p>\n<p><strong data-fusion-font=\"true\" style=\"font-size: 16px; font-family: Poppins; font-weight: 700; color: rgb(0, 48, 135);\" data-fusion-google-font=\"Poppins\" data-fusion-google-variant=\"700\">\u201cIF A SOLDIER IS WOUNDED, THE SYSTEM WILL SEND A REPORT TO THE COMPUTER.\u201d<\/strong><\/p>\n<p data-fusion-font=\"true\" style=\"font-size: 16px; color: rgb(0, 48, 135);\">\u201cWe also produce fabrics for the defense industry. Our latest production will commence with approval from the Ministry of Defense once it passes the security investigation. We\u2019ve developed a bulletproof fabric with special features. If a soldier is wounded, it can transmit the injury data and coordinates to the command center via a computer system,\u201d he said.<\/p>\n<p data-fusion-font=\"true\" style=\"font-size: 16px; color: rgb(0, 48, 135);\">Minister Varank, who later cut the opening ribbon with protocol members, made the following statements to the press:\n\u201cKipa\u015f is a company that significantly contributes to reducing Turkey\u2019s current account deficit. The Holding is the largest in Turkey in the textile and weaving sector. Today, we inaugurated a newly established facility during our visit to Kahramanmara\u015f. This facility can weave 120,000 square meters of fabric per day, which is truly an impressive figure. In total, the facility will handle 200,000 square meters, adding significant capacity at once. It\u2019s a company capable of serious exports and plays a crucial role in reducing our country\u2019s current account deficit. It also provides substantial employment in Kahramanmara\u015f, helping many hardworking people provide for their families,\u201d he said.<\/p>\n<\/div><\/div><\/div><\/div><\/div>","protected":false},"excerpt":{"rendered":"","protected":false},"author":1,"featured_media":0,"parent":0,"menu_order":0,"comment_status":"closed","ping_status":"closed","template":"","meta":{"footnotes":""},"class_list":["post-7053","page","type-page","status-publish","hentry"],"_links":{"self":[{"href":"https:\/\/kipas.com.tr\/en\/wp-json\/wp\/v2\/pages\/7053","targetHints":{"allow":["GET"]}}],"collection":[{"href":"https:\/\/kipas.com.tr\/en\/wp-json\/wp\/v2\/pages"}],"about":[{"href":"https:\/\/kipas.com.tr\/en\/wp-json\/wp\/v2\/types\/page"}],"author":[{"embeddable":true,"href":"https:\/\/kipas.com.tr\/en\/wp-json\/wp\/v2\/users\/1"}],"replies":[{"embeddable":true,"href":"https:\/\/kipas.com.tr\/en\/wp-json\/wp\/v2\/comments?post=7053"}],"version-history":[{"count":7,"href":"https:\/\/kipas.com.tr\/en\/wp-json\/wp\/v2\/pages\/7053\/revisions"}],"predecessor-version":[{"id":7588,"href":"https:\/\/kipas.com.tr\/en\/wp-json\/wp\/v2\/pages\/7053\/revisions\/7588"}],"wp:attachment":[{"href":"https:\/\/kipas.com.tr\/en\/wp-json\/wp\/v2\/media?parent=7053"}],"curies":[{"name":"wp","href":"https:\/\/api.w.org\/{rel}","templated":true}]}}