{"id":7034,"date":"2025-05-20T13:35:53","date_gmt":"2025-05-20T10:35:53","guid":{"rendered":"https:\/\/kipas.com.tr\/?page_id=7034"},"modified":"2025-06-03T10:04:50","modified_gmt":"2025-06-03T07:04:50","slug":"kipas-ihracatin-yildiz-odulunu-aldi-2","status":"publish","type":"page","link":"https:\/\/kipas.com.tr\/en\/kipas-ihracatin-yildiz-odulunu-aldi-2\/","title":{"rendered":"KIPA\u015e RECEIVED THE EXPORT STAR AWARD"},"content":{"rendered":"<div class=\"fusion-fullwidth fullwidth-box fusion-builder-row-1 fusion-flex-container has-pattern-background has-mask-background nonhundred-percent-fullwidth non-hundred-percent-height-scrolling\" style=\"--awb-border-radius-top-left:0px;--awb-border-radius-top-right:0px;--awb-border-radius-bottom-right:0px;--awb-border-radius-bottom-left:0px;--awb-flex-wrap:wrap;\" ><div class=\"fusion-builder-row fusion-row fusion-flex-align-items-flex-start fusion-flex-content-wrap\" style=\"max-width:1216.8px;margin-left: calc(-4% \/ 2 );margin-right: calc(-4% \/ 2 );\"><div class=\"fusion-layout-column fusion_builder_column fusion-builder-column-0 fusion_builder_column_1_1 1_1 fusion-flex-column\" style=\"--awb-bg-size:cover;--awb-width-large:100%;--awb-margin-top-large:0px;--awb-spacing-right-large:1.92%;--awb-margin-bottom-large:20px;--awb-spacing-left-large:1.92%;--awb-width-medium:100%;--awb-order-medium:0;--awb-spacing-right-medium:1.92%;--awb-spacing-left-medium:1.92%;--awb-width-small:100%;--awb-order-small:0;--awb-spacing-right-small:1.92%;--awb-spacing-left-small:1.92%;\"><div class=\"fusion-column-wrapper fusion-column-has-shadow fusion-flex-justify-content-flex-start fusion-content-layout-column\"><div class=\"fusion-text fusion-text-1\"><h4 class=\"news_title fusion-responsive-typography-calculated\" style=\"font-size: 24px; font-family: Poppins; font-weight: 500; --fontSize: 24; line-height: 1.35; color: rgb(0, 48, 135);\" data-fusion-font=\"true\" data-fusion-google-font=\"Poppins\" data-fusion-google-variant=\"500\" data-fontsize=\"24\" data-lineheight=\"32.4px\">KIPA\u015e RECEIVED THE EXPORT STAR AWARD<\/h4>\n<\/div><div class=\"fusion-text fusion-text-2\"><p style=\"font-size: 14px; color: rgb(0, 48, 135);\" data-fusion-font=\"true\">2022-10-17 14:44:19<\/p>\n<\/div><div class=\"fusion-image-element\" style=\"--awb-aspect-ratio: 100 \/ 67;--awb-max-width:1200px;--awb-caption-title-font-family:var(--h2_typography-font-family);--awb-caption-title-font-weight:var(--h2_typography-font-weight);--awb-caption-title-font-style:var(--h2_typography-font-style);--awb-caption-title-size:var(--h2_typography-font-size);--awb-caption-title-transform:var(--h2_typography-text-transform);--awb-caption-title-line-height:var(--h2_typography-line-height);--awb-caption-title-letter-spacing:var(--h2_typography-letter-spacing);\"><div style=\"display:inline-block;width:1200px;\"><span class=\"fusion-imageframe imageframe-none imageframe-1 hover-type-none has-aspect-ratio\"><img decoding=\"async\" width=\"300\" height=\"200\" src=\"https:\/\/kipas.com.tr\/wp-content\/uploads\/2025\/05\/Iharacata-Deger-Katanlar-odulu.jpg\" data-orig-src=\"https:\/\/kipas.com.tr\/wp-content\/uploads\/2025\/05\/Iharacata-Deger-Katanlar-odulu-300x200.jpg\" class=\"lazyload img-responsive wp-image-7040 img-with-aspect-ratio\" data-parent-fit=\"cover\" data-parent-container=\".fusion-image-element\" alt srcset=\"data:image\/svg+xml,%3Csvg%20xmlns%3D%27http%3A%2F%2Fwww.w3.org%2F2000%2Fsvg%27%20width%3D%271532%27%20height%3D%271021%27%20viewBox%3D%270%200%201532%201021%27%3E%3Crect%20width%3D%271532%27%20height%3D%271021%27%20fill-opacity%3D%220%22%2F%3E%3C%2Fsvg%3E\" data-srcset=\"https:\/\/kipas.com.tr\/wp-content\/uploads\/2025\/05\/Iharacata-Deger-Katanlar-odulu-200x133.jpg 200w, https:\/\/kipas.com.tr\/wp-content\/uploads\/2025\/05\/Iharacata-Deger-Katanlar-odulu-400x267.jpg 400w, https:\/\/kipas.com.tr\/wp-content\/uploads\/2025\/05\/Iharacata-Deger-Katanlar-odulu-600x400.jpg 600w, https:\/\/kipas.com.tr\/wp-content\/uploads\/2025\/05\/Iharacata-Deger-Katanlar-odulu-800x533.jpg 800w, https:\/\/kipas.com.tr\/wp-content\/uploads\/2025\/05\/Iharacata-Deger-Katanlar-odulu-1200x800.jpg 1200w, https:\/\/kipas.com.tr\/wp-content\/uploads\/2025\/05\/Iharacata-Deger-Katanlar-odulu.jpg 1532w\" data-sizes=\"auto\" data-orig-sizes=\"(max-width: 1024px) 100vw, (max-width: 640px) 100vw, 1200px\" \/><\/span><\/div><\/div><div class=\"fusion-text fusion-text-3\" style=\"--awb-line-height:1.2;--awb-margin-top:40px;\"><p data-fusion-font=\"true\" style=\"font-size: 16px; color: rgb(0, 48, 135);\">At the \u0130TH\u0130B (Istanbul Textile and Raw Materials Exporters\u2019 Association) \u201cAwards for Those Who Add Value to Exports\u201d Ceremony, 82 companies were granted the Star, Platinum, and Gold Awards for their successful export performance in 2021. Kipa\u015f Tekstil and Kipa\u015f Pazarlama, subsidiaries of Kipa\u015f Holding, were honored with the \u201cExport Star\u201d award for exceeding 100 million dollars in export figures.<\/p>\n<p><strong data-fusion-font=\"true\" style=\"font-size: 16px;\"><span data-fusion-font=\"true\" data-fusion-google-font=\"Poppins\" data-fusion-google-variant=\"700\" style=\"font-family: Poppins; font-weight: 700; color: rgb(0, 48, 135);\">The Pride of Kahramanmara\u015f<\/span><span style=\"color: rgb(0, 48, 135);\"> <\/span><\/strong><\/p>\n<p data-fusion-font=\"true\" style=\"font-size: 16px; color: rgb(0, 48, 135);\">Kipa\u015f Holding, which continues to be the pride of Kahramanmara\u015f, is home to the city\u2019s first Research and Development unit. With approximately 12,000 employees operating in textiles, paper, energy, cement, education, and logistics, the group is guided by environmentally conscious sustainability policies and a human-centered management approach.<\/p>\n<p data-fusion-font=\"true\" style=\"font-size: 16px; color: rgb(0, 48, 135);\">\n<p data-fusion-font=\"true\" style=\"font-size: 16px; color: rgb(0, 48, 135);\">Successes Continue Without Slowing Down<\/p>\n<p data-fusion-font=\"true\" style=\"font-size: 16px; color: rgb(0, 48, 135);\">Hanefi \u00d6ks\u00fcz received the awards from the hands of the Republic of T\u00fcrkiye\u2019s Minister of Industry and Technology, Mustafa Varank, and the Chairman of \u0130TH\u0130B and Vice Chairman of Kipa\u015f Holding, Ahmet \u00d6ks\u00fcz.<\/p>\n<p><span data-fusion-font=\"true\" style=\"font-size: 16px; color: rgb(0, 48, 135);\">\u00d6d\u00fcl\u00fc takdim eden Bakan\u0131m\u0131z Say\u0131n Mustafa Varank Bey Kipa\u015f Tekstil Modern Dokuma \u0130\u015fletmesinin a\u00e7\u0131l\u0131\u015f t\u00f6renine te\u015frif etmi\u015flerdi. A\u00e7\u0131l\u0131\u015fta sarf etti\u011fi \u201c<\/span><em><span data-fusion-font=\"true\" style=\"font-size: 16px; color: rgb(0, 48, 135);\">\u00c7ok ciddi ihracat yapabilen, T\u00fcrkiye&#8217;nin cari a\u00e7\u0131\u011f\u0131n\u0131n azalt\u0131lmas\u0131na b\u00fcy\u00fck katk\u0131s\u0131 olan bir firmam\u0131z \u201cifadesinin bir kan\u0131t\u0131 olarak bug\u00fcn \u00f6d\u00fcl\u00fcm\u00fcz\u00fc kendisinden ald\u0131k ve s\u00f6zlerini bo\u015fa \u00e7\u0131karmam\u0131\u015f olduk<\/span><\/em><span data-fusion-font=\"true\" style=\"font-size: 16px; color: rgb(0, 48, 135);\">\u201d dedi.<\/span><\/p>\n<p data-fusion-font=\"true\" style=\"font-size: 16px; color: rgb(0, 48, 135);\">\n<p data-fusion-font=\"true\" style=\"font-size: 16px; color: rgb(0, 48, 135);\">Export to 100 Countries<\/p>\n<p class=\"translation-block\">\u201cAs Kipa\u015f Holding, with our superior competitive power, experienced teams, and high-technology-based production approach, we continue to develop and grow even during the challenging times faced by the global economy. As you know, Kipa\u015f Tekstil is our first company, with roots dating back nearly 40 years. Within our group, we have technical textiles, recycling, open-end, yarn, ring yarn, weaving, denim, and dyeing-finishing operations. Through our company Kipa\u015f Pazarlama, we export our products to approximately 100 countries.<\/p>\n<p><em><span data-fusion-font=\"true\" style=\"font-size: 16px; color: rgb(0, 48, 135);\">We Will Continue to Develop Our Country<\/span><\/em><\/p>\n<p class=\"translation-block\">I would like to emphasize that with our nearly 40 years of experience, we have a structure capable of competing worldwide and adapting to change even under the most difficult conditions. We will continue to increase our employment and production capacity in all sectors where we operate. This award from \u0130TH\u0130B makes us very proud. We will continue to support our country\u2019s economy by increasing our exports, and we will keep working to contribute to the development of our country, especially Kahramanmara\u015f. I would also like to sincerely thank all members of the Kipa\u015f Family who contributed to this success,\u201d he said.<\/p>\n<\/div><\/div><\/div><\/div><\/div>","protected":false},"excerpt":{"rendered":"","protected":false},"author":1,"featured_media":0,"parent":0,"menu_order":0,"comment_status":"closed","ping_status":"closed","template":"","meta":{"footnotes":""},"class_list":["post-7034","page","type-page","status-publish","hentry"],"_links":{"self":[{"href":"https:\/\/kipas.com.tr\/en\/wp-json\/wp\/v2\/pages\/7034","targetHints":{"allow":["GET"]}}],"collection":[{"href":"https:\/\/kipas.com.tr\/en\/wp-json\/wp\/v2\/pages"}],"about":[{"href":"https:\/\/kipas.com.tr\/en\/wp-json\/wp\/v2\/types\/page"}],"author":[{"embeddable":true,"href":"https:\/\/kipas.com.tr\/en\/wp-json\/wp\/v2\/users\/1"}],"replies":[{"embeddable":true,"href":"https:\/\/kipas.com.tr\/en\/wp-json\/wp\/v2\/comments?post=7034"}],"version-history":[{"count":10,"href":"https:\/\/kipas.com.tr\/en\/wp-json\/wp\/v2\/pages\/7034\/revisions"}],"predecessor-version":[{"id":7586,"href":"https:\/\/kipas.com.tr\/en\/wp-json\/wp\/v2\/pages\/7034\/revisions\/7586"}],"wp:attachment":[{"href":"https:\/\/kipas.com.tr\/en\/wp-json\/wp\/v2\/media?parent=7034"}],"curies":[{"name":"wp","href":"https:\/\/api.w.org\/{rel}","templated":true}]}}