{"id":6972,"date":"2025-05-20T10:06:32","date_gmt":"2025-05-20T07:06:32","guid":{"rendered":"https:\/\/kipas.com.tr\/?page_id=6972"},"modified":"2025-05-27T15:20:12","modified_gmt":"2025-05-27T12:20:12","slug":"gizlilik-ve-kullanim-kosullari","status":"publish","type":"page","link":"https:\/\/kipas.com.tr\/en\/gizlilik-ve-kullanim-kosullari\/","title":{"rendered":"Privacy and Terms of Use"},"content":{"rendered":"<div class=\"fusion-fullwidth fullwidth-box fusion-builder-row-1 fusion-flex-container has-pattern-background has-mask-background nonhundred-percent-fullwidth non-hundred-percent-height-scrolling\" style=\"--awb-border-radius-top-left:0px;--awb-border-radius-top-right:0px;--awb-border-radius-bottom-right:0px;--awb-border-radius-bottom-left:0px;--awb-flex-wrap:wrap;\" ><div class=\"fusion-builder-row fusion-row fusion-flex-align-items-flex-start fusion-flex-content-wrap\" style=\"max-width:1216.8px;margin-left: calc(-4% \/ 2 );margin-right: calc(-4% \/ 2 );\"><div class=\"fusion-layout-column fusion_builder_column fusion-builder-column-0 fusion_builder_column_1_1 1_1 fusion-flex-column\" style=\"--awb-bg-size:cover;--awb-width-large:100%;--awb-margin-top-large:0px;--awb-spacing-right-large:1.92%;--awb-margin-bottom-large:20px;--awb-spacing-left-large:1.92%;--awb-width-medium:100%;--awb-order-medium:0;--awb-spacing-right-medium:1.92%;--awb-spacing-left-medium:1.92%;--awb-width-small:100%;--awb-order-small:0;--awb-spacing-right-small:1.92%;--awb-spacing-left-small:1.92%;\"><div class=\"fusion-column-wrapper fusion-column-has-shadow fusion-flex-justify-content-flex-start fusion-content-layout-column\"><div class=\"fusion-title title fusion-title-1 fusion-title-text fusion-title-size-three\" style=\"--awb-text-color:#003087;--awb-font-size:28px;\"><div class=\"title-sep-container title-sep-container-left fusion-no-large-visibility fusion-no-medium-visibility fusion-no-small-visibility\"><div class=\"title-sep sep- sep-solid\" style=\"border-color:var(--awb-color3);\"><\/div><\/div><span class=\"awb-title-spacer fusion-no-large-visibility fusion-no-medium-visibility fusion-no-small-visibility\"><\/span><h3 class=\"fusion-title-heading title-heading-left fusion-responsive-typography-calculated\" style=\"font-family:&quot;Poppins&quot;;font-style:normal;font-weight:300;margin:0;font-size:1em;text-transform:capitalize;--fontSize:28;line-height:var(--awb-typography1-line-height);\"><h3>Privacy Policy<\/h3><\/h3><span class=\"awb-title-spacer\"><\/span><div class=\"title-sep-container title-sep-container-right\"><div class=\"title-sep sep- sep-solid\" style=\"border-color:var(--awb-color3);\"><\/div><\/div><\/div><div class=\"fusion-text fusion-text-1\" style=\"--awb-text-color:#003087;\"><p style=\"font-size: 15px;\" data-fusion-font=\"true\">Kipa\u015f Holding A.\u015e. takes utmost care in protecting your legal rights. As such, it is advised to read and assess the following.<\/p>\n<p style=\"font-size: 15px;\" data-fusion-font=\"true\">Kipa\u015f Holding A.\u015e. and group companies shall keep your personal information strictly confidential and shall not allow them to be used by any third party for commercial purposes. The personal information acquired shall be kept exclusively in the databases of Kipa\u015f Holding A.\u015e. and group companies.<\/p>\n<p style=\"font-size: 15px;\" data-fusion-font=\"true\">The personal information shared by visitors of the website may be used by Kipa\u015f Holding A.\u015e. and affiliates under the following circumstances:<\/p>\n<ul>\n<li><span style=\"font-size: 15px;\" data-fusion-font=\"true\">Evaluating job applications during a hiring process<\/span><\/li>\n<li><span style=\"font-size: 15px;\" data-fusion-font=\"true\">Delivering purchased goods and\/or rewards<\/span><\/li>\n<\/ul>\n<p style=\"font-size: 15px;\" data-fusion-font=\"true\">Kipa\u015f Holding A.\u015e. has the right to disclose visitor information only in the following circumstances:<\/p>\n<ul>\n<li><span style=\"font-size: 15px;\" data-fusion-font=\"true\">Providing goods and services as demanded by the visitor<\/span><\/li>\n<li><span style=\"font-size: 15px;\" data-fusion-font=\"true\">By court decision, demands by administrative authorities or due to legal procedures<\/span><\/li>\n<\/ul>\n<p style=\"font-size: 15px;\" data-fusion-font=\"true\">Kipa\u015f Holding A.\u015e and group companies do not provide any guarantee about the privacy policies of third party websites which can be accessed through the links provided in their websites. Thus, privacy policies of the websites in question should be checked individually.<\/p>\n<p style=\"font-size: 15px;\" data-fusion-font=\"true\">All visitors shall be considered to have read and agreed to these terms.<\/p>\n<p style=\"font-size: 15px;\" data-fusion-font=\"true\">Kipa\u015f Holding may unilaterally change the information stated here without any prior notice.<\/p>\n<\/div><div class=\"fusion-title title fusion-title-2 fusion-title-text fusion-title-size-three\" style=\"--awb-text-color:#003087;--awb-font-size:28px;\"><div class=\"title-sep-container title-sep-container-left fusion-no-large-visibility fusion-no-medium-visibility fusion-no-small-visibility\"><div class=\"title-sep sep- sep-solid\" style=\"border-color:var(--awb-color3);\"><\/div><\/div><span class=\"awb-title-spacer fusion-no-large-visibility fusion-no-medium-visibility fusion-no-small-visibility\"><\/span><h3 class=\"fusion-title-heading title-heading-left fusion-responsive-typography-calculated\" style=\"font-family:&quot;Poppins&quot;;font-style:normal;font-weight:400;margin:0;font-size:1em;text-transform:capitalize;--fontSize:28;line-height:var(--awb-typography1-line-height);\"><h3>Terms of Use<\/h3><\/h3><span class=\"awb-title-spacer\"><\/span><div class=\"title-sep-container title-sep-container-right\"><div class=\"title-sep sep- sep-solid\" style=\"border-color:var(--awb-color3);\"><\/div><\/div><\/div><div class=\"fusion-text fusion-text-2\" style=\"--awb-text-color:#003087;\"><p data-fusion-font=\"true\" style=\"font-size: 15px;\">All visitors to the Kipa\u015f Holding A.\u015e. website shall be considered to have read and agreed to the following terms applicable to any and all parts of the website:<\/p>\n<ul>\n<li><span data-fusion-font=\"true\" style=\"font-size: 15px;\">The contents (all information and documents including any design, brand, logo and audio, image, text) of the website may not be reproduced, copied, transferred, published, distributed, sent or be attached to any other website or document without written permission. All intellectual property rights on the website including all copyrights, trademarks, trade secrets, and patent rights are reserved and may not be used without written permission from the owner.<\/span><\/li>\n<li><strong data-fusion-font=\"true\" style=\"font-size: 15px;\"> <\/strong><span data-fusion-font=\"true\" style=\"font-size: 15px;\">The visitor is responsible for any damage that may arise due to not reading or complying with these terms. No legal or criminal responsibility falls on Kipa\u015f Holding A.\u015e. and associates or authorized persons and institutions preparing\/designing\/managing\/running the website.<\/span><\/li>\n<li><span data-fusion-font=\"true\" style=\"font-size: 15px;\">Kipa\u015f Holding A.\u015e. and group companies are not responsible for any damage or virus infection to the computer or any other property of visitors caused by accessing and using the website and downloading any sort of media including information or documents that include audio, video or text from the website.<\/span><\/li>\n<li><span data-fusion-font=\"true\" style=\"font-size: 15px;\">All information, statistical data, charts and values are acquired from sources credible under general practices and their sufficiency or accuracy is in no way guaranteed by Kipa\u015f Holding. Kipa\u015f Holding A.\u015e. and group companies are not responsible for any damage caused by the usage of these data.<\/span><\/li>\n<li><span data-fusion-font=\"true\" style=\"font-size: 15px;\">Kipa\u015f Holding A.\u015e. and group companies cannot be held responsible for any outages, delays or mistakes relating to the publishing of the website or any associated damages.<\/span><\/li>\n<li><span data-fusion-font=\"true\" style=\"font-size: 15px;\">Kipa\u015f Holding A.\u015e. and group companies are not responsible for and do not guarantee the safety of any third party website which can be accessed through a link on their websites.<\/span><\/li>\n<li><span data-fusion-font=\"true\" style=\"font-size: 15px;\">Responsibility for damages caused by any actions of minors under 18 and wards without permission from their legal guardians does not fall on Kipa\u015f Holding or group companies.<\/span><\/li>\n<li><span data-fusion-font=\"true\" style=\"font-size: 15px;\">In the case of a comment or other user content on the website infringing on the rights of a third party, Kipa\u015f Holding will not be responsible for the damages provided the illegal content is removed within the appointed time after a written notice is given.<\/span><\/li>\n<li><span data-fusion-font=\"true\" style=\"font-size: 15px;\">Kipa\u015f Holding may unilaterally change the information stated here without any prior notice.<\/span><\/li>\n<\/ul>\n<\/div><\/div><\/div><\/div><\/div>","protected":false},"excerpt":{"rendered":"","protected":false},"author":1,"featured_media":0,"parent":0,"menu_order":0,"comment_status":"closed","ping_status":"closed","template":"","meta":{"footnotes":""},"class_list":["post-6972","page","type-page","status-publish","hentry"],"_links":{"self":[{"href":"https:\/\/kipas.com.tr\/en\/wp-json\/wp\/v2\/pages\/6972","targetHints":{"allow":["GET"]}}],"collection":[{"href":"https:\/\/kipas.com.tr\/en\/wp-json\/wp\/v2\/pages"}],"about":[{"href":"https:\/\/kipas.com.tr\/en\/wp-json\/wp\/v2\/types\/page"}],"author":[{"embeddable":true,"href":"https:\/\/kipas.com.tr\/en\/wp-json\/wp\/v2\/users\/1"}],"replies":[{"embeddable":true,"href":"https:\/\/kipas.com.tr\/en\/wp-json\/wp\/v2\/comments?post=6972"}],"version-history":[{"count":4,"href":"https:\/\/kipas.com.tr\/en\/wp-json\/wp\/v2\/pages\/6972\/revisions"}],"predecessor-version":[{"id":7434,"href":"https:\/\/kipas.com.tr\/en\/wp-json\/wp\/v2\/pages\/6972\/revisions\/7434"}],"wp:attachment":[{"href":"https:\/\/kipas.com.tr\/en\/wp-json\/wp\/v2\/media?parent=6972"}],"curies":[{"name":"wp","href":"https:\/\/api.w.org\/{rel}","templated":true}]}}