{"id":6965,"date":"2025-05-16T17:57:39","date_gmt":"2025-05-16T14:57:39","guid":{"rendered":"https:\/\/kipas.com.tr\/?page_id=6965"},"modified":"2025-06-03T10:03:56","modified_gmt":"2025-06-03T07:03:56","slug":"kipas-inovasyon-sampiyonu-oldu-2","status":"publish","type":"page","link":"https:\/\/kipas.com.tr\/en\/kipas-inovasyon-sampiyonu-oldu-2\/","title":{"rendered":"KIPA\u015e BECAME THE INNOVATION CHAMPION."},"content":{"rendered":"<p><div class=\"fusion-fullwidth fullwidth-box fusion-builder-row-1 fusion-flex-container has-pattern-background has-mask-background nonhundred-percent-fullwidth non-hundred-percent-height-scrolling\" style=\"--awb-border-radius-top-left:0px;--awb-border-radius-top-right:0px;--awb-border-radius-bottom-right:0px;--awb-border-radius-bottom-left:0px;--awb-flex-wrap:wrap;\" ><div class=\"fusion-builder-row fusion-row fusion-flex-align-items-flex-start fusion-flex-content-wrap\" style=\"max-width:1216.8px;margin-left: calc(-4% \/ 2 );margin-right: calc(-4% \/ 2 );\"><div class=\"fusion-layout-column fusion_builder_column fusion-builder-column-0 fusion_builder_column_1_1 1_1 fusion-flex-column\" style=\"--awb-bg-size:cover;--awb-width-large:100%;--awb-margin-top-large:0px;--awb-spacing-right-large:1.92%;--awb-margin-bottom-large:20px;--awb-spacing-left-large:1.92%;--awb-width-medium:100%;--awb-order-medium:0;--awb-spacing-right-medium:1.92%;--awb-spacing-left-medium:1.92%;--awb-width-small:100%;--awb-order-small:0;--awb-spacing-right-small:1.92%;--awb-spacing-left-small:1.92%;\"><div class=\"fusion-column-wrapper fusion-column-has-shadow fusion-flex-justify-content-flex-start fusion-content-layout-column\"><div class=\"fusion-text fusion-text-1\"><h4 class=\"news_title fusion-responsive-typography-calculated\" data-fusion-font=\"true\" style=\"font-size: 24px; font-family: Poppins; font-weight: 500; --fontSize: 24; line-height: 1.35; color: rgb(0, 48, 135);\" data-fusion-google-font=\"Poppins\" data-fusion-google-variant=\"500\" data-fontsize=\"24\" data-lineheight=\"32.4px\">KIPA\u015e BECAME THE INNOVATION CHAMPION.<\/h4>\n<\/div><div class=\"fusion-text fusion-text-2\"><p style=\"font-size: 14px; color: rgb(0, 48, 135);\" data-fusion-font=\"true\">2022-12-15 05:37:34<\/p>\n<\/div><\/div><\/div><\/div><\/div><div class=\"fusion-fullwidth fullwidth-box fusion-builder-row-2 fusion-flex-container has-pattern-background has-mask-background nonhundred-percent-fullwidth non-hundred-percent-height-scrolling\" style=\"--awb-border-radius-top-left:0px;--awb-border-radius-top-right:0px;--awb-border-radius-bottom-right:0px;--awb-border-radius-bottom-left:0px;--awb-flex-wrap:wrap;\" ><div class=\"fusion-builder-row fusion-row fusion-flex-align-items-flex-start fusion-flex-content-wrap\" style=\"max-width:1216.8px;margin-left: calc(-4% \/ 2 );margin-right: calc(-4% \/ 2 );\"><div class=\"fusion-layout-column fusion_builder_column fusion-builder-column-1 fusion_builder_column_1_1 1_1 fusion-flex-column\" style=\"--awb-bg-size:cover;--awb-width-large:100%;--awb-margin-top-large:0px;--awb-spacing-right-large:1.92%;--awb-margin-bottom-large:20px;--awb-spacing-left-large:1.92%;--awb-width-medium:100%;--awb-order-medium:0;--awb-spacing-right-medium:1.92%;--awb-spacing-left-medium:1.92%;--awb-width-small:100%;--awb-order-small:0;--awb-spacing-right-small:1.92%;--awb-spacing-left-small:1.92%;\"><div class=\"fusion-column-wrapper fusion-column-has-shadow fusion-flex-justify-content-flex-start fusion-content-layout-column\"><div class=\"fusion-image-element\" style=\"--awb-aspect-ratio:2 \/ 1;--awb-max-width:1300px;--awb-caption-title-font-family:var(--h2_typography-font-family);--awb-caption-title-font-weight:var(--h2_typography-font-weight);--awb-caption-title-font-style:var(--h2_typography-font-style);--awb-caption-title-size:var(--h2_typography-font-size);--awb-caption-title-transform:var(--h2_typography-text-transform);--awb-caption-title-line-height:var(--h2_typography-line-height);--awb-caption-title-letter-spacing:var(--h2_typography-letter-spacing);\"><div style=\"display:inline-block;width:1300px;\"><span class=\"fusion-imageframe imageframe-none imageframe-1 hover-type-none has-aspect-ratio\"><img decoding=\"async\" width=\"300\" height=\"167\" src=\"https:\/\/kipas.com.tr\/wp-content\/uploads\/2025\/05\/Sayfa-ici.jpg\" data-orig-src=\"https:\/\/kipas.com.tr\/wp-content\/uploads\/2025\/05\/Sayfa-ici-300x167.jpg\" class=\"lazyload img-responsive wp-image-6968 img-with-aspect-ratio\" data-parent-fit=\"cover\" data-parent-container=\".fusion-image-element\" alt srcset=\"data:image\/svg+xml,%3Csvg%20xmlns%3D%27http%3A%2F%2Fwww.w3.org%2F2000%2Fsvg%27%20width%3D%271734%27%20height%3D%27966%27%20viewBox%3D%270%200%201734%20966%27%3E%3Crect%20width%3D%271734%27%20height%3D%27966%27%20fill-opacity%3D%220%22%2F%3E%3C%2Fsvg%3E\" data-srcset=\"https:\/\/kipas.com.tr\/wp-content\/uploads\/2025\/05\/Sayfa-ici-200x111.jpg 200w, https:\/\/kipas.com.tr\/wp-content\/uploads\/2025\/05\/Sayfa-ici-400x223.jpg 400w, https:\/\/kipas.com.tr\/wp-content\/uploads\/2025\/05\/Sayfa-ici-600x334.jpg 600w, https:\/\/kipas.com.tr\/wp-content\/uploads\/2025\/05\/Sayfa-ici-800x446.jpg 800w, https:\/\/kipas.com.tr\/wp-content\/uploads\/2025\/05\/Sayfa-ici-1200x669.jpg 1200w, https:\/\/kipas.com.tr\/wp-content\/uploads\/2025\/05\/Sayfa-ici.jpg 1734w\" data-sizes=\"auto\" data-orig-sizes=\"(max-width: 1024px) 100vw, (max-width: 640px) 100vw, 1200px\" \/><\/span><\/div><\/div><\/div><\/div><\/div><\/div><div class=\"fusion-fullwidth fullwidth-box fusion-builder-row-3 fusion-flex-container has-pattern-background has-mask-background nonhundred-percent-fullwidth non-hundred-percent-height-scrolling\" style=\"--awb-border-radius-top-left:0px;--awb-border-radius-top-right:0px;--awb-border-radius-bottom-right:0px;--awb-border-radius-bottom-left:0px;--awb-flex-wrap:wrap;\" ><div class=\"fusion-builder-row fusion-row fusion-flex-align-items-flex-start fusion-flex-content-wrap\" style=\"max-width:1216.8px;margin-left: calc(-4% \/ 2 );margin-right: calc(-4% \/ 2 );\"><div class=\"fusion-layout-column fusion_builder_column fusion-builder-column-2 fusion_builder_column_1_1 1_1 fusion-flex-column\" style=\"--awb-bg-size:cover;--awb-width-large:100%;--awb-margin-top-large:0px;--awb-spacing-right-large:1.92%;--awb-margin-bottom-large:20px;--awb-spacing-left-large:1.92%;--awb-width-medium:100%;--awb-order-medium:0;--awb-spacing-right-medium:1.92%;--awb-spacing-left-medium:1.92%;--awb-width-small:100%;--awb-order-small:0;--awb-spacing-right-small:1.92%;--awb-spacing-left-small:1.92%;\"><div class=\"fusion-column-wrapper fusion-column-has-shadow fusion-flex-justify-content-flex-start fusion-content-layout-column\"><div class=\"fusion-text fusion-text-3\" style=\"--awb-line-height:1.2;\"><h1 data-fontsize=\"60\" data-lineheight=\"81px\" class=\"fusion-responsive-typography-calculated\" style=\"text-align: center; --fontSize: 60; line-height: 1.35;\"><strong data-fusion-font=\"true\" style=\"font-size: 35px; font-family: Poppins; font-weight: 700; color: rgb(0, 48, 135);\" data-fusion-google-font=\"Poppins\" data-fusion-google-variant=\"700\">K\u0130PA\u015e TEKST\u0130L BECAME TURKEY\u2019S \u201cINNOVATION\u201d CHAMPION<\/strong><\/h1>\n<p data-fusion-font=\"true\" style=\"font-size: 16px; color: rgb(0, 48, 135);\">Coordinated by the Ministry of Trade and organized by the Turkish Exporters Assembly, the Turkey Innovation League identified the most innovative companies in Turkey. This year, a total of 1,507 firms from all sectors participated in the Turkey Innovation League. The winners were determined after a comprehensive evaluation of their R&amp;D and Innovation activities using the IMP3ROVE methodology. In this competition, which includes Turkey\u2019s most competent firms in the field, Kipa\u015f Tekstil ranked first in the Innovation and Organizational Culture category. Kipa\u015f Holding Vice Chairman Ahmet \u00d6ks\u00fcz received the first-place award from President Recep Tayyip Erdo\u011fan.<\/p>\n<p style=\"color: rgb(0, 48, 135);\">\n<p style=\"text-align: center; --fontSize: 60; line-height: 1.35;\"><strong data-fusion-font=\"true\" style=\"font-size: 35px; font-family: Poppins; font-weight: 700; color: rgb(0, 48, 135);\" data-fusion-google-font=\"Poppins\" data-fusion-google-variant=\"700\">KAHRAMANMARA\u015e\u2019S FIRST R&amp;D CENTER<\/strong><\/p>\n<p data-fusion-font=\"true\" style=\"font-size: 16px; color: rgb(0, 48, 135);\">Kipa\u015f Tekstil established its R&amp;D and innovation spirit in 2010 and formalized it in 2015 by founding the Ministry of Science, Industry, and Technology-approved R&amp;D Center. This center became the first R&amp;D center in both Kahramanmara\u015f and the region. According to a statement from Kipa\u015f Tekstil:\n\n\u201cWith the establishment of the Kipa\u015f R&amp;D Center, one of the key factors behind Kipa\u015f Tekstil\u2019s position as a pioneer in its sector is its systematic innovation efforts in production technology. Both yarn and fabric production facilities continuously renew production techniques and technologies to manufacture products that meet customer demands and technology trends, supported by R&amp;D projects.\n\nWithin the scope of developing value-added new products, process-technology improvements, and sustainability-efficiency efforts, the Kipa\u015f R&amp;D Center employs 42 researchers, 9 technicians, and 4 support staff from various disciplines such as textile engineering, industrial engineering, chemical engineering, electronic engineering, mechanical engineering, and environmental engineering.\n\nSo far, the R&amp;D Center has completed 78 projects\u2014including 7 T\u00dcB\u0130TAK projects\u2014and is currently running 18 ongoing projects, including 1 Horizon project. Besides its own engineering staff, it collaborates on joint scientific projects with many domestic and international universities, as well as international customers and suppliers.\n\nSince its establishment, Kipa\u015f Tekstil\u2019s R&amp;D Center holds 15 registered patents\u20141 international\u2014and has 19 patent applications under evaluation. Moreover, since the center\u2019s founding, 6 brands have been created and registered.\u201d<\/p>\n<\/div><\/div><\/div><\/div><\/div><\/p>","protected":false},"excerpt":{"rendered":"","protected":false},"author":1,"featured_media":0,"parent":0,"menu_order":0,"comment_status":"closed","ping_status":"closed","template":"","meta":{"footnotes":""},"class_list":["post-6965","page","type-page","status-publish","hentry"],"_links":{"self":[{"href":"https:\/\/kipas.com.tr\/en\/wp-json\/wp\/v2\/pages\/6965","targetHints":{"allow":["GET"]}}],"collection":[{"href":"https:\/\/kipas.com.tr\/en\/wp-json\/wp\/v2\/pages"}],"about":[{"href":"https:\/\/kipas.com.tr\/en\/wp-json\/wp\/v2\/types\/page"}],"author":[{"embeddable":true,"href":"https:\/\/kipas.com.tr\/en\/wp-json\/wp\/v2\/users\/1"}],"replies":[{"embeddable":true,"href":"https:\/\/kipas.com.tr\/en\/wp-json\/wp\/v2\/comments?post=6965"}],"version-history":[{"count":9,"href":"https:\/\/kipas.com.tr\/en\/wp-json\/wp\/v2\/pages\/6965\/revisions"}],"predecessor-version":[{"id":7585,"href":"https:\/\/kipas.com.tr\/en\/wp-json\/wp\/v2\/pages\/6965\/revisions\/7585"}],"wp:attachment":[{"href":"https:\/\/kipas.com.tr\/en\/wp-json\/wp\/v2\/media?parent=6965"}],"curies":[{"name":"wp","href":"https:\/\/api.w.org\/{rel}","templated":true}]}}