{"id":6960,"date":"2025-05-16T17:55:15","date_gmt":"2025-05-16T14:55:15","guid":{"rendered":"https:\/\/kipas.com.tr\/?page_id=6960"},"modified":"2025-06-03T10:02:59","modified_gmt":"2025-06-03T07:02:59","slug":"yine-zirvedeyiz","status":"publish","type":"page","link":"https:\/\/kipas.com.tr\/en\/yine-zirvedeyiz\/","title":{"rendered":"WE ARE AT THE TOP AGAIN"},"content":{"rendered":"<p><div class=\"fusion-fullwidth fullwidth-box fusion-builder-row-1 fusion-flex-container has-pattern-background has-mask-background nonhundred-percent-fullwidth non-hundred-percent-height-scrolling\" style=\"--awb-border-radius-top-left:0px;--awb-border-radius-top-right:0px;--awb-border-radius-bottom-right:0px;--awb-border-radius-bottom-left:0px;--awb-flex-wrap:wrap;\" ><div class=\"fusion-builder-row fusion-row fusion-flex-align-items-flex-start fusion-flex-content-wrap\" style=\"max-width:1216.8px;margin-left: calc(-4% \/ 2 );margin-right: calc(-4% \/ 2 );\"><div class=\"fusion-layout-column fusion_builder_column fusion-builder-column-0 fusion_builder_column_1_1 1_1 fusion-flex-column\" style=\"--awb-bg-size:cover;--awb-width-large:100%;--awb-margin-top-large:0px;--awb-spacing-right-large:1.92%;--awb-margin-bottom-large:20px;--awb-spacing-left-large:1.92%;--awb-width-medium:100%;--awb-order-medium:0;--awb-spacing-right-medium:1.92%;--awb-spacing-left-medium:1.92%;--awb-width-small:100%;--awb-order-small:0;--awb-spacing-right-small:1.92%;--awb-spacing-left-small:1.92%;\"><div class=\"fusion-column-wrapper fusion-column-has-shadow fusion-flex-justify-content-flex-start fusion-content-layout-column\"><div class=\"fusion-text fusion-text-1\" style=\"--awb-text-color:#003087;\"><h4 class=\"news_title\" style=\"font-size: 24px; font-family: Poppins; font-weight: 500; color: rgb(0, 48, 135);\" data-fusion-font=\"true\" data-fusion-google-font=\"Poppins\" data-fusion-google-variant=\"500\">WE ARE AT THE TOP AGAIN<\/h4>\n<\/div><div class=\"fusion-text fusion-text-2\"><p style=\"font-size: 14px; color: rgb(0, 48, 135);\" data-fusion-font=\"true\">2024-09-18 16:54:54<\/p>\n<\/div><\/div><\/div><\/div><\/div><div class=\"fusion-fullwidth fullwidth-box fusion-builder-row-2 fusion-flex-container has-pattern-background has-mask-background nonhundred-percent-fullwidth non-hundred-percent-height-scrolling\" style=\"--awb-border-radius-top-left:0px;--awb-border-radius-top-right:0px;--awb-border-radius-bottom-right:0px;--awb-border-radius-bottom-left:0px;--awb-flex-wrap:wrap;\" ><div class=\"fusion-builder-row fusion-row fusion-flex-align-items-flex-start fusion-flex-content-wrap\" style=\"max-width:1216.8px;margin-left: calc(-4% \/ 2 );margin-right: calc(-4% \/ 2 );\"><div class=\"fusion-layout-column fusion_builder_column fusion-builder-column-1 fusion_builder_column_1_1 1_1 fusion-flex-column\" style=\"--awb-bg-size:cover;--awb-width-large:100%;--awb-margin-top-large:0px;--awb-spacing-right-large:1.92%;--awb-margin-bottom-large:20px;--awb-spacing-left-large:1.92%;--awb-width-medium:100%;--awb-order-medium:0;--awb-spacing-right-medium:1.92%;--awb-spacing-left-medium:1.92%;--awb-width-small:100%;--awb-order-small:0;--awb-spacing-right-small:1.92%;--awb-spacing-left-small:1.92%;\"><div class=\"fusion-column-wrapper fusion-column-has-shadow fusion-flex-justify-content-flex-start fusion-content-layout-column\"><div class=\"fusion-text fusion-text-3\"><p><strong data-fusion-font=\"true\" data-fusion-google-font=\"Poppins\" data-fusion-google-variant=\"700\" style=\"font-family: Poppins; font-weight: 700; font-size: 16px; color: rgb(0, 48, 135);\">WE ARE AT THE TOP AGAIN<\/strong><\/p>\n<p data-fusion-font=\"true\" style=\"font-size: 16px; color: rgb(0, 48, 135);\">The list of \u201cAnatolia\u2019s Largest 500 Companies,\u201d which includes companies operating outside of Istanbul, Ankara, and Izmir and is compiled based on 2019 financial data in cooperation with Ekonomist Magazine and Turkey Economy Bank (TEB), has been published. Our group achieved great success as the 3rd holding with the most companies on the list, with 9 companies ranked in the Anatolia 500.\n\nOur group, which owns Kahramanmara\u015f\u2019s first Research and Development unit and operates in the fields of textiles, paper, energy, cement, education, and logistics with approximately 10,000 employees, acts with sustainability policies that are environmentally and nature-friendly. Our management approach is human-centered, and we continue to increase our contributions to Turkey\u2019s economy and employment every day.<\/p>\n<p data-fusion-font=\"true\" style=\"font-size: 16px; color: rgb(0, 48, 135);\">Despite the challenging conditions of the pandemic period, our group has continued its investments. Kipa\u015f Tekstil, with an annual production capacity of 80 million meters of fabric and a daily capacity of 330 tons of yarn and approximately 5,500 employees, ranked 1st in Kahramanmara\u015f, 3rd among textile companies in Anatolia, and 28th in the overall ranking.\n\nKipa\u015f Ka\u011f\u0131t, producing 425,000 tons of paper annually from 100% recycled waste with about 1,000 employees, ranked 3rd in Kahramanmara\u015f, 2nd among paper companies in Anatolia, and 100th overall.\n\nKipa\u015f Pazarlama, which handles the exports of our group, ranked 5th in Kahramanmara\u015f, 6th among trading companies in Anatolia, and 120th overall.\n\nK\u00c7S (Kahramanmara\u015f Cement Industry), with an annual clinker production capacity of 3,200,000 tons and cement production capacity of 4,000,000 tons, along with 15 concrete plants operating in 7 provinces with a total capacity of 33,000 m\u00b3\/day, 2 aggregate quarries in Kahramanmara\u015f, the Kahramanmara\u015f Gazbeton Plant with an annual capacity of 450,000 m\u00b3, and the Ayd\u0131n\/S\u00f6ke Gazbeton Plant with 700,000 m\u00b3 capacity, ranked 8th in Kahramanmara\u015f, 4th among cement companies in Anatolia, and 151st overall.\n\nKipa\u015f Maren Mara\u015f Elektrik ranked 13th in Kahramanmara\u015f, 12th among energy companies in Anatolia, and 236th overall.\n\nKet Kipa\u015f Elektrik ranked 24th in Kahramanmara\u015f, 16th among energy companies in Anatolia, and 431st overall.\n\nOur group\u2019s subsidiary Akeda\u015f Elektrik Perakende Sat\u0131\u015f ranked 2nd in Kahramanmara\u015f, 3rd among energy companies in Anatolia, and 33rd overall.\n\nAkeda\u015f Elektrik Da\u011f\u0131t\u0131m ranked 9th in Kahramanmara\u015f, 10th among energy companies in Anatolia, and 174th overall.\n\nErdem Tekstil ranked 14th in Kahramanmara\u015f, 32nd among textile companies in Anatolia, and 245th overall.<\/p>\n<p data-fusion-font=\"true\" style=\"font-size: 16px; color: rgb(0, 48, 135);\">Our Chairman of the Board, M. Hanefi \u00d6ks\u00fcz, made a statement regarding the issue: \u201cThe Anatolia 500 list is, as you know, a general snapshot of Turkey\u2019s economy. As the Kipa\u015f Holding family, we enter this list every year from the top ranks. Kipa\u015f Holding continues to be included in the list with the most companies in Kahramanmara\u015f. This year, we ranked first in textile production among ISO 500 companies and third in the general ranking with the number of companies on the Anatolia 500 list. We worked hard and continue to work to achieve this success under the conditions of the pandemic period. As you know, in 2020, we also continued our investments and employment without slowing down. Firstly, we will commission the new facilities of Kipa\u015f Paper Enterprises, which is the largest paper investment in Europe and Turkey, established on an area of 320,000 square meters in Ayd\u0131n S\u00f6ke Organized Industrial Zone, by the end of this year. We will close the current account deficit arising from Turkey\u2019s $550 million paper imports and provide employment for 1,000 people. Meanwhile, we continue our investments and employment in Kipa\u015f Textile Enterprises in our hometown. Recently, we provided 200 new jobs. Kipa\u015f Textile Enterprises ranked first among cotton-producing textile enterprises in Turkey with its success on the ISO 500 list. We have a starch factory investment in T\u00fcrko\u011flu, Kahramanmara\u015f, where we will use 1,100 tons of corn daily, thus providing significant support to Kahramanmara\u015f farmers. In addition, we are starting our paper factory investment producing cleaning products. I sincerely thank all the members of the Kipa\u015f Family who contributed to this success.\u201d<\/p>\n<\/div><\/div><\/div><\/div><\/div><\/p>","protected":false},"excerpt":{"rendered":"","protected":false},"author":1,"featured_media":0,"parent":0,"menu_order":0,"comment_status":"closed","ping_status":"closed","template":"","meta":{"footnotes":""},"class_list":["post-6960","page","type-page","status-publish","hentry"],"_links":{"self":[{"href":"https:\/\/kipas.com.tr\/en\/wp-json\/wp\/v2\/pages\/6960","targetHints":{"allow":["GET"]}}],"collection":[{"href":"https:\/\/kipas.com.tr\/en\/wp-json\/wp\/v2\/pages"}],"about":[{"href":"https:\/\/kipas.com.tr\/en\/wp-json\/wp\/v2\/types\/page"}],"author":[{"embeddable":true,"href":"https:\/\/kipas.com.tr\/en\/wp-json\/wp\/v2\/users\/1"}],"replies":[{"embeddable":true,"href":"https:\/\/kipas.com.tr\/en\/wp-json\/wp\/v2\/comments?post=6960"}],"version-history":[{"count":4,"href":"https:\/\/kipas.com.tr\/en\/wp-json\/wp\/v2\/pages\/6960\/revisions"}],"predecessor-version":[{"id":7584,"href":"https:\/\/kipas.com.tr\/en\/wp-json\/wp\/v2\/pages\/6960\/revisions\/7584"}],"wp:attachment":[{"href":"https:\/\/kipas.com.tr\/en\/wp-json\/wp\/v2\/media?parent=6960"}],"curies":[{"name":"wp","href":"https:\/\/api.w.org\/{rel}","templated":true}]}}