{"id":6955,"date":"2025-05-16T17:39:28","date_gmt":"2025-05-16T14:39:28","guid":{"rendered":"https:\/\/kipas.com.tr\/?page_id=6955"},"modified":"2025-05-16T17:41:06","modified_gmt":"2025-05-16T14:41:06","slug":"yeni-yatirimlar-hiz-kesmiyor-2","status":"publish","type":"page","link":"https:\/\/kipas.com.tr\/en\/yeni-yatirimlar-hiz-kesmiyor-2\/","title":{"rendered":"NEW INVESTMENTS KEEP ACCELERATING"},"content":{"rendered":"<p><div class=\"fusion-fullwidth fullwidth-box fusion-builder-row-1 fusion-flex-container has-pattern-background has-mask-background nonhundred-percent-fullwidth non-hundred-percent-height-scrolling\" style=\"--awb-border-radius-top-left:0px;--awb-border-radius-top-right:0px;--awb-border-radius-bottom-right:0px;--awb-border-radius-bottom-left:0px;--awb-flex-wrap:wrap;\" ><div class=\"fusion-builder-row fusion-row fusion-flex-align-items-flex-start fusion-flex-content-wrap\" style=\"max-width:1216.8px;margin-left: calc(-4% \/ 2 );margin-right: calc(-4% \/ 2 );\"><div class=\"fusion-layout-column fusion_builder_column fusion-builder-column-0 fusion_builder_column_1_1 1_1 fusion-flex-column\" style=\"--awb-bg-size:cover;--awb-width-large:100%;--awb-margin-top-large:0px;--awb-spacing-right-large:1.92%;--awb-margin-bottom-large:20px;--awb-spacing-left-large:1.92%;--awb-width-medium:100%;--awb-order-medium:0;--awb-spacing-right-medium:1.92%;--awb-spacing-left-medium:1.92%;--awb-width-small:100%;--awb-order-small:0;--awb-spacing-right-small:1.92%;--awb-spacing-left-small:1.92%;\"><div class=\"fusion-column-wrapper fusion-column-has-shadow fusion-flex-justify-content-flex-start fusion-content-layout-column\"><div class=\"fusion-text fusion-text-1\"><h4 class=\"news_title\" style=\"font-size: 24px; font-family: Poppins; font-weight: 500;\" data-fusion-font=\"true\" data-fusion-google-font=\"Poppins\" data-fusion-google-variant=\"500\">NEW INVESTMENTS KEEP ACCELERATING<\/h4>\n<\/div><div class=\"fusion-text fusion-text-2\"><p style=\"font-size: 14px;\" data-fusion-font=\"true\">2021-04-30 20:10:33<\/p>\n<\/div><\/div><\/div><\/div><\/div><div class=\"fusion-fullwidth fullwidth-box fusion-builder-row-2 fusion-flex-container has-pattern-background has-mask-background nonhundred-percent-fullwidth non-hundred-percent-height-scrolling\" style=\"--awb-border-radius-top-left:0px;--awb-border-radius-top-right:0px;--awb-border-radius-bottom-right:0px;--awb-border-radius-bottom-left:0px;--awb-flex-wrap:wrap;\" ><div class=\"fusion-builder-row fusion-row fusion-flex-align-items-flex-start fusion-flex-content-wrap\" style=\"max-width:1216.8px;margin-left: calc(-4% \/ 2 );margin-right: calc(-4% \/ 2 );\"><div class=\"fusion-layout-column fusion_builder_column fusion-builder-column-1 fusion_builder_column_1_1 1_1 fusion-flex-column\" style=\"--awb-bg-size:cover;--awb-width-large:100%;--awb-margin-top-large:0px;--awb-spacing-right-large:1.92%;--awb-margin-bottom-large:20px;--awb-spacing-left-large:1.92%;--awb-width-medium:100%;--awb-order-medium:0;--awb-spacing-right-medium:1.92%;--awb-spacing-left-medium:1.92%;--awb-width-small:100%;--awb-order-small:0;--awb-spacing-right-small:1.92%;--awb-spacing-left-small:1.92%;\"><div class=\"fusion-column-wrapper fusion-column-has-shadow fusion-flex-justify-content-flex-start fusion-content-layout-column\"><div class=\"fusion-text fusion-text-3\" style=\"--awb-line-height:1.2;\"><p data-fusion-font=\"true\" style=\"font-size: 16px;\">Kipa\u015f Holding\u2019s subsidiary, Kipa\u015f Tekstil Enterprises, continues its investments in 2021. Preparing to elevate its weaving operations to the highest level with new high-tech machines, Kipa\u015f Tekstil will both increase its production capacity and be able to respond to customer demands with superior quality in the shortest time.<\/p>\n<p><strong data-fusion-font=\"true\" style=\"font-size: 16px; font-family: Poppins; font-weight: 700;\" data-fusion-google-font=\"Poppins\" data-fusion-google-variant=\"700\">NEW INVESTMENTS KEEP ACCELERATING<\/strong><\/p>\n<p data-fusion-font=\"true\" style=\"font-size: 16px;\">In addition to the 255 machines currently operating in the Kipa\u015f Tekstil Weaving Enterprises in Kahramanmara\u015f, the newly constructed facilities spanning 24,000 square meters will add 268 weaving machines, as well as sizing, conical, serial warp, warping, sample warp, bobbin sizing, and raw fabric quality control machines.<\/p>\n<p data-fusion-font=\"true\" style=\"font-size: 16px;\">Thus, Kipa\u015f Tekstil will produce a total of 30 million meters of fabric annually, including technical textile fabrics, shirting fabrics, trouser fabrics, home textile fabrics, and velvet fabrics.<\/p>\n<p><strong data-fusion-font=\"true\" style=\"font-size: 16px; font-family: Poppins; font-weight: 700;\" data-fusion-google-font=\"Poppins\" data-fusion-google-variant=\"700\">SUSTAINABLE PRODUCTION<\/strong><\/p>\n<p data-fusion-font=\"true\" style=\"font-size: 16px;\">Kipa\u015f Holding adopts a sustainable production policy in all its areas of activity. In the newly opened Kipa\u015f Weaving Enterprises, all lighting will be carried out with energy-saving LED lights. To benefit from renewable energy sources, the facility roofs will be fully equipped with solar panels. In production, especially in woven fabrics, the use of recycled yarn will be prioritized. Additionally, waste at Kipa\u015f Tekstil Enterprises is carefully sorted and recycled.<\/p>\n<p><strong data-fusion-font=\"true\" style=\"font-size: 16px; font-family: Poppins; font-weight: 700;\" data-fusion-google-font=\"Poppins\" data-fusion-google-variant=\"700\">INDUSTRY 4.0 TECHNOLOGY<\/strong><\/p>\n<p data-fusion-font=\"true\" style=\"font-size: 16px;\">At Kipa\u015f Tekstil Weaving Enterprises, automated guided vehicles (AGVs) will be used as part of Industry 4.0 for unmanned transport automation systems in yarn pallets, warp beams, and fabric handling systems. Automation-based storage systems under Industry 4.0 are also being designed to stock warp beams and fabric rolls. Furthermore, robotic automation systems are being designed for the in-house warping process to improve working conditions and the work system.<\/p>\n<p><strong data-fusion-font=\"true\" style=\"font-size: 16px; font-family: Poppins; font-weight: 700;\" data-fusion-google-font=\"Poppins\" data-fusion-google-variant=\"700\">STRONG PRODUCTION, STRONG ECONOMY<\/strong><\/p>\n<p data-fusion-font=\"true\" style=\"font-size: 16px;\">Regarding the new investments, Kipa\u015f Holding Board Member and Kipa\u015f Tekstil General Manager Halit G\u00fcm\u00fc\u015fer said:<\/p>\n<p data-fusion-font=\"true\" style=\"font-size: 16px;\">\u201cWhile investing in our weaving enterprises, we planned to increase our existing production area, quality, and capacity. Because as Kipa\u015f Holding, we act with the awareness that a strong economy is achieved through strong production. With the experience we have gained over nearly 40 years, our biggest goals are to add value to our country\u2019s economy with high-tech and especially sustainable, environmentally friendly production methods, and to leave a livable world for future generations.\u201d<\/p>\n<\/div><\/div><\/div><\/div><\/div><\/p>","protected":false},"excerpt":{"rendered":"","protected":false},"author":1,"featured_media":0,"parent":0,"menu_order":0,"comment_status":"closed","ping_status":"closed","template":"","meta":{"footnotes":""},"class_list":["post-6955","page","type-page","status-publish","hentry"],"_links":{"self":[{"href":"https:\/\/kipas.com.tr\/en\/wp-json\/wp\/v2\/pages\/6955","targetHints":{"allow":["GET"]}}],"collection":[{"href":"https:\/\/kipas.com.tr\/en\/wp-json\/wp\/v2\/pages"}],"about":[{"href":"https:\/\/kipas.com.tr\/en\/wp-json\/wp\/v2\/types\/page"}],"author":[{"embeddable":true,"href":"https:\/\/kipas.com.tr\/en\/wp-json\/wp\/v2\/users\/1"}],"replies":[{"embeddable":true,"href":"https:\/\/kipas.com.tr\/en\/wp-json\/wp\/v2\/comments?post=6955"}],"version-history":[{"count":3,"href":"https:\/\/kipas.com.tr\/en\/wp-json\/wp\/v2\/pages\/6955\/revisions"}],"predecessor-version":[{"id":6958,"href":"https:\/\/kipas.com.tr\/en\/wp-json\/wp\/v2\/pages\/6955\/revisions\/6958"}],"wp:attachment":[{"href":"https:\/\/kipas.com.tr\/en\/wp-json\/wp\/v2\/media?parent=6955"}],"curies":[{"name":"wp","href":"https:\/\/api.w.org\/{rel}","templated":true}]}}