{"id":6951,"date":"2025-05-16T17:37:01","date_gmt":"2025-05-16T14:37:01","guid":{"rendered":"https:\/\/kipas.com.tr\/?page_id=6951"},"modified":"2025-05-16T17:38:42","modified_gmt":"2025-05-16T14:38:42","slug":"oduller-sahiplerini-buldu-2","status":"publish","type":"page","link":"https:\/\/kipas.com.tr\/en\/oduller-sahiplerini-buldu-2\/","title":{"rendered":"AWARDS FOUND THEIR OWNERS"},"content":{"rendered":"<p><div class=\"fusion-fullwidth fullwidth-box fusion-builder-row-1 fusion-flex-container has-pattern-background has-mask-background nonhundred-percent-fullwidth non-hundred-percent-height-scrolling\" style=\"--awb-border-radius-top-left:0px;--awb-border-radius-top-right:0px;--awb-border-radius-bottom-right:0px;--awb-border-radius-bottom-left:0px;--awb-flex-wrap:wrap;\" ><div class=\"fusion-builder-row fusion-row fusion-flex-align-items-flex-start fusion-flex-content-wrap\" style=\"max-width:1216.8px;margin-left: calc(-4% \/ 2 );margin-right: calc(-4% \/ 2 );\"><div class=\"fusion-layout-column fusion_builder_column fusion-builder-column-0 fusion_builder_column_1_1 1_1 fusion-flex-column\" style=\"--awb-bg-size:cover;--awb-width-large:100%;--awb-margin-top-large:0px;--awb-spacing-right-large:1.92%;--awb-margin-bottom-large:20px;--awb-spacing-left-large:1.92%;--awb-width-medium:100%;--awb-order-medium:0;--awb-spacing-right-medium:1.92%;--awb-spacing-left-medium:1.92%;--awb-width-small:100%;--awb-order-small:0;--awb-spacing-right-small:1.92%;--awb-spacing-left-small:1.92%;\"><div class=\"fusion-column-wrapper fusion-column-has-shadow fusion-flex-justify-content-flex-start fusion-content-layout-column\"><div class=\"fusion-text fusion-text-1\"><h4 class=\"news_title\" style=\"font-size: 24px; font-family: Poppins; font-weight: 500;\" data-fusion-font=\"true\" data-fusion-google-font=\"Poppins\" data-fusion-google-variant=\"500\">AWARDS FOUND THEIR OWNERS<\/h4>\n<\/div><div class=\"fusion-text fusion-text-2\"><p style=\"font-size: 14px;\" data-fusion-font=\"true\">2021-05-26 14:14:29<\/p>\n<\/div><\/div><\/div><\/div><\/div><div class=\"fusion-fullwidth fullwidth-box fusion-builder-row-2 fusion-flex-container has-pattern-background has-mask-background nonhundred-percent-fullwidth non-hundred-percent-height-scrolling\" style=\"--awb-border-radius-top-left:0px;--awb-border-radius-top-right:0px;--awb-border-radius-bottom-right:0px;--awb-border-radius-bottom-left:0px;--awb-flex-wrap:wrap;\" ><div class=\"fusion-builder-row fusion-row fusion-flex-align-items-flex-start fusion-flex-content-wrap\" style=\"max-width:1216.8px;margin-left: calc(-4% \/ 2 );margin-right: calc(-4% \/ 2 );\"><div class=\"fusion-layout-column fusion_builder_column fusion-builder-column-1 fusion_builder_column_1_1 1_1 fusion-flex-column\" style=\"--awb-bg-size:cover;--awb-width-large:100%;--awb-margin-top-large:0px;--awb-spacing-right-large:1.92%;--awb-margin-bottom-large:20px;--awb-spacing-left-large:1.92%;--awb-width-medium:100%;--awb-order-medium:0;--awb-spacing-right-medium:1.92%;--awb-spacing-left-medium:1.92%;--awb-width-small:100%;--awb-order-small:0;--awb-spacing-right-small:1.92%;--awb-spacing-left-small:1.92%;\"><div class=\"fusion-column-wrapper fusion-column-has-shadow fusion-flex-justify-content-flex-start fusion-content-layout-column\"><div class=\"fusion-text fusion-text-3\" style=\"--awb-line-height:1.2;\"><p data-fusion-font=\"true\" style=\"font-size: 16px;\">The results of the April 23rd National Sovereignty and Children's Day Drawing Contest, held with the participation of the children of Kipa\u015f Holding employees, were announced. The event was organized in compliance with pandemic rules at the Kipa\u015f Holding Main Administrative Conference Hall. Attendees included Kipa\u015f Holding Chairman of the Board M. Hanefi \u00d6ks\u00fcz, Vice Chairman Halil \u0130brahim G\u00fcm\u00fc\u015fer, Board Members N. Sinem \u00d6ks\u00fcz Dedebayraktar and Hikmet G\u00fcm\u00fc\u015fer, as well as the participating children and their parents.<\/p>\n<p data-fusion-font=\"true\" style=\"font-size: 16px;\">The top three children were awarded iPad tablets, bicycles, and art sets, while all participants received books, pencil cases, watercolor sets, and refreshments. After the ceremony, an exhibition showcasing the drawings created by the children was held.<\/p>\n<p><strong data-fusion-font=\"true\" style=\"font-size: 16px; font-family: Poppins; font-weight: 700;\" data-fusion-google-font=\"Poppins\" data-fusion-google-variant=\"700\">\u201cTHERE IS NOTHING MORE IMPORTANT IN OUR RELIGION THAN RAISING GOOD CHILDREN!\u201d<\/strong><br \/><span data-fusion-font=\"true\" style=\"font-size: 16px;\">In his speech during the award ceremony, Kipa\u015f Holding Chairman M. Hanefi \u00d6ks\u00fcz said:\n\u201cI thank those who organized this beautiful program. There is an order in the world\u2014we are all human beings; we are born, grow, age, and eventually leave this life. Companies are different\u2014they are like people in that they are born and grow, but whether they age depends on their employees. To prevent our company from aging, it is very important to raise new generations well, keep Kipa\u015f\u2019s family bonds strong, and secure the future of our company. Therefore, I thank you very much for the attention you give to our children. We must raise them well. I always say this: In our faith, there is nothing more important than raising righteous children! One of the reasons to enter paradise is to raise good children. So we must give great importance to our children, raise them well, as the future of our country, families, and companies all depend on well-educated future generations. I thank you very much for this activity.\u201d<\/span><\/p>\n<p><strong data-fusion-font=\"true\" style=\"font-size: 16px; font-family: Poppins; font-weight: 700;\" data-fusion-google-font=\"Poppins\" data-fusion-google-variant=\"700\">\u201cIT WAS TRULY A WONDERFUL EVENT TO MAINTAIN FAMILY UNITY\u201d<\/strong><br \/><span data-fusion-font=\"true\" style=\"font-size: 16px;\">Kipa\u015f Holding Vice Chairman Halil \u0130brahim G\u00fcm\u00fc\u015fer stated that Kipa\u015f is a family, saying,\n\u201cThis was truly a wonderful event to maintain the unity of this family. I congratulate you all. Actually, this is not a competition but rather an activity meant to protect family unity and support today\u2019s development.\u201d<\/span><\/p>\n<p><strong data-fusion-font=\"true\" style=\"font-size: 16px; font-family: Poppins; font-weight: 700;\" data-fusion-google-font=\"Poppins\" data-fusion-google-variant=\"700\">\u201cFOR THE FIRST TIME, WE HELD A DRAWING COMPETITION INVOLVING THE ENTIRE KIPA\u015e FAMILY\u201d<\/strong><br \/><span data-fusion-font=\"true\" style=\"font-size: 16px;\">Board Member Hikmet G\u00fcm\u00fc\u015fer said during the ceremony:\n\u201cThis year, for the first time, we held a drawing competition involving the entire Kipa\u015f family. Kipa\u015f now has branches not only in Kahramanmara\u015f but also in western regions, Istanbul, Kayseri, and Boz\u00fcy\u00fck. We opened this competition to everyone, and many beautiful drawings were submitted. Choosing the winner was truly not easy. We benefited greatly from the art teachers at Kipa\u015f Special Education Institutions when organizing this event. Thanks to them, the drawings were evaluated technically and categorized as first, second, and third place. I congratulate all the winners and their children. I thank everyone who participated.\u201d<\/span><\/p>\n<p><strong data-fusion-font=\"true\" style=\"font-size: 16px; font-family: Poppins; font-weight: 700;\" data-fusion-google-font=\"Poppins\" data-fusion-google-variant=\"700\">\u201cI CONGRATULATE ALL OUR CHILDREN\u201d<\/strong><br \/><span data-fusion-font=\"true\" style=\"font-size: 16px;\">Kipa\u015f Holding Board Member and Manager of Kipa\u015f Special Education Institutions, Sinem \u00d6ks\u00fcz Dedebayraktar, said in her speech:\n\u201cThese programs are educational activities that highlight children\u2019s talents. We also had the chance to come together with their families. I congratulate all our children.\u201d<\/span><\/p>\n<\/div><\/div><\/div><\/div><\/div><\/p>","protected":false},"excerpt":{"rendered":"","protected":false},"author":1,"featured_media":0,"parent":0,"menu_order":0,"comment_status":"closed","ping_status":"closed","template":"","meta":{"footnotes":""},"class_list":["post-6951","page","type-page","status-publish","hentry"],"_links":{"self":[{"href":"https:\/\/kipas.com.tr\/en\/wp-json\/wp\/v2\/pages\/6951","targetHints":{"allow":["GET"]}}],"collection":[{"href":"https:\/\/kipas.com.tr\/en\/wp-json\/wp\/v2\/pages"}],"about":[{"href":"https:\/\/kipas.com.tr\/en\/wp-json\/wp\/v2\/types\/page"}],"author":[{"embeddable":true,"href":"https:\/\/kipas.com.tr\/en\/wp-json\/wp\/v2\/users\/1"}],"replies":[{"embeddable":true,"href":"https:\/\/kipas.com.tr\/en\/wp-json\/wp\/v2\/comments?post=6951"}],"version-history":[{"count":2,"href":"https:\/\/kipas.com.tr\/en\/wp-json\/wp\/v2\/pages\/6951\/revisions"}],"predecessor-version":[{"id":6953,"href":"https:\/\/kipas.com.tr\/en\/wp-json\/wp\/v2\/pages\/6951\/revisions\/6953"}],"wp:attachment":[{"href":"https:\/\/kipas.com.tr\/en\/wp-json\/wp\/v2\/media?parent=6951"}],"curies":[{"name":"wp","href":"https:\/\/api.w.org\/{rel}","templated":true}]}}