{"id":6946,"date":"2025-05-16T17:34:33","date_gmt":"2025-05-16T14:34:33","guid":{"rendered":"https:\/\/kipas.com.tr\/?page_id=6946"},"modified":"2025-05-16T17:36:12","modified_gmt":"2025-05-16T14:36:12","slug":"kipas-holding-iso-500-2","status":"publish","type":"page","link":"https:\/\/kipas.com.tr\/en\/kipas-holding-iso-500-2\/","title":{"rendered":"Kipa\u015f Holding \u0130SO 500"},"content":{"rendered":"<p><div class=\"fusion-fullwidth fullwidth-box fusion-builder-row-1 fusion-flex-container has-pattern-background has-mask-background nonhundred-percent-fullwidth non-hundred-percent-height-scrolling\" style=\"--awb-border-radius-top-left:0px;--awb-border-radius-top-right:0px;--awb-border-radius-bottom-right:0px;--awb-border-radius-bottom-left:0px;--awb-flex-wrap:wrap;\" ><div class=\"fusion-builder-row fusion-row fusion-flex-align-items-flex-start fusion-flex-content-wrap\" style=\"max-width:1216.8px;margin-left: calc(-4% \/ 2 );margin-right: calc(-4% \/ 2 );\"><div class=\"fusion-layout-column fusion_builder_column fusion-builder-column-0 fusion_builder_column_1_1 1_1 fusion-flex-column\" style=\"--awb-bg-size:cover;--awb-width-large:100%;--awb-margin-top-large:0px;--awb-spacing-right-large:1.92%;--awb-margin-bottom-large:20px;--awb-spacing-left-large:1.92%;--awb-width-medium:100%;--awb-order-medium:0;--awb-spacing-right-medium:1.92%;--awb-spacing-left-medium:1.92%;--awb-width-small:100%;--awb-order-small:0;--awb-spacing-right-small:1.92%;--awb-spacing-left-small:1.92%;\"><div class=\"fusion-column-wrapper fusion-column-has-shadow fusion-flex-justify-content-flex-start fusion-content-layout-column\"><div class=\"fusion-text fusion-text-1\"><h4 class=\"news_title\" data-fusion-font=\"true\" style=\"font-size: 24px; font-family: Poppins; font-weight: 500;\" data-fusion-google-font=\"Poppins\" data-fusion-google-variant=\"500\">Kipa\u015f Holding \u0130SO 500<\/h4>\n<\/div><div class=\"fusion-text fusion-text-2\"><p style=\"font-size: 14px;\" data-fusion-font=\"true\">2021-06-02 07:47:17<\/p>\n<\/div><\/div><\/div><\/div><\/div><div class=\"fusion-fullwidth fullwidth-box fusion-builder-row-2 fusion-flex-container has-pattern-background has-mask-background nonhundred-percent-fullwidth non-hundred-percent-height-scrolling\" style=\"--awb-border-radius-top-left:0px;--awb-border-radius-top-right:0px;--awb-border-radius-bottom-right:0px;--awb-border-radius-bottom-left:0px;--awb-flex-wrap:wrap;\" ><div class=\"fusion-builder-row fusion-row fusion-flex-align-items-flex-start fusion-flex-content-wrap\" style=\"max-width:1216.8px;margin-left: calc(-4% \/ 2 );margin-right: calc(-4% \/ 2 );\"><div class=\"fusion-layout-column fusion_builder_column fusion-builder-column-1 fusion_builder_column_1_1 1_1 fusion-flex-column\" style=\"--awb-bg-size:cover;--awb-width-large:100%;--awb-margin-top-large:0px;--awb-spacing-right-large:1.92%;--awb-margin-bottom-large:20px;--awb-spacing-left-large:1.92%;--awb-width-medium:100%;--awb-order-medium:0;--awb-spacing-right-medium:1.92%;--awb-spacing-left-medium:1.92%;--awb-width-small:100%;--awb-order-small:0;--awb-spacing-right-small:1.92%;--awb-spacing-left-small:1.92%;\"><div class=\"fusion-column-wrapper fusion-column-has-shadow fusion-flex-justify-content-flex-start fusion-content-layout-column\"><div class=\"fusion-text fusion-text-3\" style=\"--awb-line-height:1.2;\"><p data-fusion-font=\"true\" style=\"font-size: 16px;\">Our group has continued its success by placing four companies in total on the 2020 Istanbul Chamber of Industry (ISO) 500 list, with one company ranking in the top 100.<\/p>\n<p data-fusion-font=\"true\" style=\"font-size: 16px;\">Our group, which bases its production and service approach on 100% customer satisfaction, high technology use, respect for the environment and nature, sustainability, and R&amp;D efforts, and also carries out social projects in many fields besides production and employment, once again made its mark on the ISO 500 list.<\/p>\n<p><span data-fusion-font=\"true\" style=\"font-size: 16px;\">Since 1984, transferring its experience from textiles to energy, paper, cement, logistics, and education sectors, our company\u2014one of the most important in Kahramanmara\u015f and Turkey with over 11,000 employees and revenue exceeding 1 billion dollars across six main sectors\u2014ranked 99th in the ISO 500 list with Kipa\u015f Mensucat, while Kipa\u015f Ka\u011f\u0131t Sanayi \u0130\u015fletmeleri A.\u015e ranked 214th, K\u00c7S Kahramanmara\u015f \u00c7imento Beton Sanayi ve Madencilik \u0130\u015fletmeleri A.\u015e ranked 287th, and Maren Mara\u015f Elektrik \u00dcretim San. ve Tic. A.\u015e ranked 494th.<\/span><br \/><span data-fusion-font=\"true\" style=\"font-size: 16px;\">Kipa\u015f Mensucat, with approximately 6,000 employees and the only company in the ISO 500 list among cotton textile producers in the top 100, has an annual fabric production capacity of 80 million meters and a daily yarn production capacity of 330 tons. Alongside weaving, open-end and ring yarn production, it also produces fabric dyeing-finishing and denim fabric.<\/span><\/p>\n<p><span data-fusion-font=\"true\" style=\"font-size: 16px;\">Our cement production factory, along with 14 concrete plants operating in 7 provinces with a total capacity of 33,000 m\u00b3\/day, is a strong player mainly in the Mediterranean region, Kahramanmara\u015f, and surrounding provinces. K\u00c7S Kipa\u015f \u00c7imento, which was ranked 306th last year, rose 19 places to 287th in the 2020 list.<\/span><br \/><span data-fusion-font=\"true\" style=\"font-size: 16px;\">Kipa\u015f Ka\u011f\u0131t Sanayi \u0130\u015fletmeleri A.\u015e, which employs about 1,000 people and ranked 214th on the list, produces recycling-based Testliner and Fluting paper at its facilities in Kahramanmara\u015f. Additionally, packaging products serving the textile, furniture, glass, and water sectors are produced in Kahramanmara\u015f. Kipa\u015f Ka\u011f\u0131t also owns a corrugated cardboard facility in Boz\u00fcy\u00fck, Bilecik.<\/span><\/p>\n<p data-fusion-font=\"true\" style=\"font-size: 16px;\">The Bat\u0131 Kipa\u015f Paper Factory investment, located on 658 acres in the Ayd\u0131n S\u00f6ke Organized Industrial Zone and valued at 550 million dollars, which will significantly reduce Turkey\u2019s paper imports, is nearing completion. The massive facility is planned to produce approximately 730,000 tons of paper annually and aims to begin production as soon as possible. Regarded as one of the world's leading paper factories in terms of technology and capacity, the plant will also generate its own energy. The factory\u2019s treatment plant has been completed, and it will primarily produce paper types currently imported by Turkey.<\/p>\n<p data-fusion-font=\"true\" style=\"font-size: 16px;\">Kipa\u015f Ka\u011f\u0131t will make its third investment in the Ayd\u0131n S\u00f6ke Organized Industrial Zone, producing over 600,000 tons of Testliner, Fluting, and packaging paper.<\/p>\n<p class=\"translation-block\">Regarding the group\u2019s success on the ISO 500 list, our Chairman of the Board M. Hanefi \u00d6ks\u00fcz stated:\n\u201cAs Kipa\u015f Holding family, we enter the ISO 500 list among the top ranks every year. While Kipa\u015f Holding includes the most companies from Kahramanmara\u015f on the list, this year we ranked first among textile companies in cotton textile production in Turkey. We will soon put into operation the new facilities of Bat\u0131 Kipa\u015f Paper Enterprises, Europe\u2019s and Turkey\u2019s largest paper investment, located on a 320,000 square meter site in the Ayd\u0131n S\u00f6ke Organized Industrial Zone.\u201d\n\nOur Chairman added:\n\u201cWith this investment, we will cover Turkey\u2019s 550 million dollar current account deficit caused by paper imports and provide employment for one thousand people. We continue our investments and employment in other sectors as well. In Kahramanmara\u015f, we are commissioning a starch factory investment and new modern weaving facilities for Open-End and recycled textiles. I extend my deepest thanks to all Kipa\u015f family employees who contributed to this success.\u201d<\/p>\n<\/div><\/div><\/div><\/div><\/div><\/p>","protected":false},"excerpt":{"rendered":"","protected":false},"author":1,"featured_media":0,"parent":0,"menu_order":0,"comment_status":"closed","ping_status":"closed","template":"","meta":{"footnotes":""},"class_list":["post-6946","page","type-page","status-publish","hentry"],"_links":{"self":[{"href":"https:\/\/kipas.com.tr\/en\/wp-json\/wp\/v2\/pages\/6946","targetHints":{"allow":["GET"]}}],"collection":[{"href":"https:\/\/kipas.com.tr\/en\/wp-json\/wp\/v2\/pages"}],"about":[{"href":"https:\/\/kipas.com.tr\/en\/wp-json\/wp\/v2\/types\/page"}],"author":[{"embeddable":true,"href":"https:\/\/kipas.com.tr\/en\/wp-json\/wp\/v2\/users\/1"}],"replies":[{"embeddable":true,"href":"https:\/\/kipas.com.tr\/en\/wp-json\/wp\/v2\/comments?post=6946"}],"version-history":[{"count":3,"href":"https:\/\/kipas.com.tr\/en\/wp-json\/wp\/v2\/pages\/6946\/revisions"}],"predecessor-version":[{"id":6949,"href":"https:\/\/kipas.com.tr\/en\/wp-json\/wp\/v2\/pages\/6946\/revisions\/6949"}],"wp:attachment":[{"href":"https:\/\/kipas.com.tr\/en\/wp-json\/wp\/v2\/media?parent=6946"}],"curies":[{"name":"wp","href":"https:\/\/api.w.org\/{rel}","templated":true}]}}