{"id":6940,"date":"2025-05-16T17:31:24","date_gmt":"2025-05-16T14:31:24","guid":{"rendered":"https:\/\/kipas.com.tr\/?page_id=6940"},"modified":"2025-05-16T17:33:03","modified_gmt":"2025-05-16T14:33:03","slug":"kipas-holdingden-itu-ogrencilerine-staj-destegi-2","status":"publish","type":"page","link":"https:\/\/kipas.com.tr\/en\/kipas-holdingden-itu-ogrencilerine-staj-destegi-2\/","title":{"rendered":"Internship Support from Kipa\u015f Holding to \u0130T\u00dc Students"},"content":{"rendered":"<p><div class=\"fusion-fullwidth fullwidth-box fusion-builder-row-1 fusion-flex-container has-pattern-background has-mask-background nonhundred-percent-fullwidth non-hundred-percent-height-scrolling\" style=\"--awb-border-radius-top-left:0px;--awb-border-radius-top-right:0px;--awb-border-radius-bottom-right:0px;--awb-border-radius-bottom-left:0px;--awb-flex-wrap:wrap;\" ><div class=\"fusion-builder-row fusion-row fusion-flex-align-items-flex-start fusion-flex-content-wrap\" style=\"max-width:1216.8px;margin-left: calc(-4% \/ 2 );margin-right: calc(-4% \/ 2 );\"><div class=\"fusion-layout-column fusion_builder_column fusion-builder-column-0 fusion_builder_column_1_1 1_1 fusion-flex-column\" style=\"--awb-bg-size:cover;--awb-width-large:100%;--awb-margin-top-large:0px;--awb-spacing-right-large:1.92%;--awb-margin-bottom-large:20px;--awb-spacing-left-large:1.92%;--awb-width-medium:100%;--awb-order-medium:0;--awb-spacing-right-medium:1.92%;--awb-spacing-left-medium:1.92%;--awb-width-small:100%;--awb-order-small:0;--awb-spacing-right-small:1.92%;--awb-spacing-left-small:1.92%;\"><div class=\"fusion-column-wrapper fusion-column-has-shadow fusion-flex-justify-content-flex-start fusion-content-layout-column\"><div class=\"fusion-text fusion-text-1\"><h4 class=\"news_title\" data-fusion-font=\"true\" style=\"font-size: 24px; font-family: Poppins; font-weight: 500;\" data-fusion-google-font=\"Poppins\" data-fusion-google-variant=\"500\">Internship Support from Kipa\u015f Holding to \u0130T\u00dc Students<\/h4>\n<\/div><div class=\"fusion-text fusion-text-2\"><p style=\"font-size: 14px;\" data-fusion-font=\"true\">2021-06-30 18:32:23<\/p>\n<\/div><\/div><\/div><\/div><\/div><div class=\"fusion-fullwidth fullwidth-box fusion-builder-row-2 fusion-flex-container has-pattern-background has-mask-background nonhundred-percent-fullwidth non-hundred-percent-height-scrolling\" style=\"--awb-border-radius-top-left:0px;--awb-border-radius-top-right:0px;--awb-border-radius-bottom-right:0px;--awb-border-radius-bottom-left:0px;--awb-flex-wrap:wrap;\" ><div class=\"fusion-builder-row fusion-row fusion-flex-align-items-flex-start fusion-flex-content-wrap\" style=\"max-width:1216.8px;margin-left: calc(-4% \/ 2 );margin-right: calc(-4% \/ 2 );\"><div class=\"fusion-layout-column fusion_builder_column fusion-builder-column-1 fusion_builder_column_1_1 1_1 fusion-flex-column\" style=\"--awb-bg-size:cover;--awb-width-large:100%;--awb-margin-top-large:0px;--awb-spacing-right-large:1.92%;--awb-margin-bottom-large:20px;--awb-spacing-left-large:1.92%;--awb-width-medium:100%;--awb-order-medium:0;--awb-spacing-right-medium:1.92%;--awb-spacing-left-medium:1.92%;--awb-width-small:100%;--awb-order-small:0;--awb-spacing-right-small:1.92%;--awb-spacing-left-small:1.92%;\"><div class=\"fusion-column-wrapper fusion-column-has-shadow fusion-flex-justify-content-flex-start fusion-content-layout-column\"><div class=\"fusion-text fusion-text-3\"><p data-fusion-font=\"true\" style=\"font-size: 16px;\">Kipa\u015f Holding will share its nearly 40 years of experience in the textile industry with students of Istanbul Technical University (\u0130T\u00dc).<\/p>\n<p data-fusion-font=\"true\" style=\"font-size: 16px;\">According to a written statement from the holding, Kipa\u015f Holding sponsors internship programs for the Textile Engineering department of Istanbul Technical University, one of Turkey\u2019s prestigious universities, aiming to provide students with the highest level of practical experience.<\/p>\n<p data-fusion-font=\"true\" style=\"font-size: 16px;\">Hosting approximately 60 students under this program, Kipa\u015f Holding offers internships designed in accordance with the duration and content suited to the characteristics and requirements of undergraduate education to help students consolidate the theoretical and practical knowledge gained during their studies.<\/p>\n<p data-fusion-font=\"true\" style=\"font-size: 16px;\">At Kipa\u015f Textile\u2019s weaving, denim, dyeing-finishing, laboratory, and yarn facilities, students are encouraged to get familiar with their professional fields, gain hands-on experience in design and planning, plan their careers as they approach graduation, acquire knowledge and experience related to production and marketing processes, and achieve the highest level of expertise in their chosen specializations.<\/p>\n<p data-fusion-font=\"true\" style=\"font-size: 16px;\">In a statement regarding the program, Kipa\u015f Holding Chairman Mehmet Hanefi \u00d6ks\u00fcz said the holding always supports successful and hardworking young people.<\/p>\n<p data-fusion-font=\"true\" style=\"font-size: 16px;\">Offering his best wishes to the students in the internship program, \u00d6ks\u00fcz said:<\/p>\n<p data-fusion-font=\"true\" style=\"font-size: 16px;\">\u201cOur goal at Kipa\u015f Holding is to ensure that our successful, hardworking, and idealistic youth reach important positions in their professional lives and to transfer the experience we have gained to them in the most productive way to support our country\u2019s economy. We support students from universities all across Turkey through our internship program. The main reason we sponsor Istanbul Technical University is the great achievements shown by the university and its students in the field of textiles. Additionally, we want our young people to see our hometown Kahramanmara\u015f, our culture, and our investments up close. We welcome our students and wish them success in their internships and professional careers.\u201d<\/p>\n<\/div><\/div><\/div><\/div><\/div><\/p>","protected":false},"excerpt":{"rendered":"","protected":false},"author":1,"featured_media":0,"parent":0,"menu_order":0,"comment_status":"closed","ping_status":"closed","template":"","meta":{"footnotes":""},"class_list":["post-6940","page","type-page","status-publish","hentry"],"_links":{"self":[{"href":"https:\/\/kipas.com.tr\/en\/wp-json\/wp\/v2\/pages\/6940","targetHints":{"allow":["GET"]}}],"collection":[{"href":"https:\/\/kipas.com.tr\/en\/wp-json\/wp\/v2\/pages"}],"about":[{"href":"https:\/\/kipas.com.tr\/en\/wp-json\/wp\/v2\/types\/page"}],"author":[{"embeddable":true,"href":"https:\/\/kipas.com.tr\/en\/wp-json\/wp\/v2\/users\/1"}],"replies":[{"embeddable":true,"href":"https:\/\/kipas.com.tr\/en\/wp-json\/wp\/v2\/comments?post=6940"}],"version-history":[{"count":4,"href":"https:\/\/kipas.com.tr\/en\/wp-json\/wp\/v2\/pages\/6940\/revisions"}],"predecessor-version":[{"id":6944,"href":"https:\/\/kipas.com.tr\/en\/wp-json\/wp\/v2\/pages\/6940\/revisions\/6944"}],"wp:attachment":[{"href":"https:\/\/kipas.com.tr\/en\/wp-json\/wp\/v2\/media?parent=6940"}],"curies":[{"name":"wp","href":"https:\/\/api.w.org\/{rel}","templated":true}]}}