{"id":6935,"date":"2025-05-16T17:28:21","date_gmt":"2025-05-16T14:28:21","guid":{"rendered":"https:\/\/kipas.com.tr\/?page_id=6935"},"modified":"2025-05-16T17:30:02","modified_gmt":"2025-05-16T14:30:02","slug":"enerji-ve-tabii-kaynaklar-bakanindan-kipas-holdinge-ziyaret-2","status":"publish","type":"page","link":"https:\/\/kipas.com.tr\/en\/enerji-ve-tabii-kaynaklar-bakanindan-kipas-holdinge-ziyaret-2\/","title":{"rendered":"Visit from the Minister of Energy and Natural Resources to Kipa\u015f Holding"},"content":{"rendered":"<p><div class=\"fusion-fullwidth fullwidth-box fusion-builder-row-1 fusion-flex-container has-pattern-background has-mask-background nonhundred-percent-fullwidth non-hundred-percent-height-scrolling\" style=\"--awb-border-radius-top-left:0px;--awb-border-radius-top-right:0px;--awb-border-radius-bottom-right:0px;--awb-border-radius-bottom-left:0px;--awb-flex-wrap:wrap;\" ><div class=\"fusion-builder-row fusion-row fusion-flex-align-items-flex-start fusion-flex-content-wrap\" style=\"max-width:1216.8px;margin-left: calc(-4% \/ 2 );margin-right: calc(-4% \/ 2 );\"><div class=\"fusion-layout-column fusion_builder_column fusion-builder-column-0 fusion_builder_column_1_1 1_1 fusion-flex-column\" style=\"--awb-bg-size:cover;--awb-width-large:100%;--awb-margin-top-large:0px;--awb-spacing-right-large:1.92%;--awb-margin-bottom-large:20px;--awb-spacing-left-large:1.92%;--awb-width-medium:100%;--awb-order-medium:0;--awb-spacing-right-medium:1.92%;--awb-spacing-left-medium:1.92%;--awb-width-small:100%;--awb-order-small:0;--awb-spacing-right-small:1.92%;--awb-spacing-left-small:1.92%;\"><div class=\"fusion-column-wrapper fusion-column-has-shadow fusion-flex-justify-content-flex-start fusion-content-layout-column\"><div class=\"fusion-text fusion-text-1\"><h4 class=\"news_title\" data-fusion-font=\"true\" style=\"font-size: 24px; font-family: Poppins; font-weight: 500;\" data-fusion-google-font=\"Poppins\" data-fusion-google-variant=\"500\">Visit from the Minister of Energy and Natural Resources to Kipa\u015f Holding<\/h4>\n<\/div><div class=\"fusion-text fusion-text-2\"><p style=\"font-size: 14px; color: #221c35;\" data-fusion-font=\"true\">2021-07-01 13:23:54<\/p>\n<\/div><\/div><\/div><\/div><\/div><div class=\"fusion-fullwidth fullwidth-box fusion-builder-row-2 fusion-flex-container has-pattern-background has-mask-background nonhundred-percent-fullwidth non-hundred-percent-height-scrolling\" style=\"--awb-border-radius-top-left:0px;--awb-border-radius-top-right:0px;--awb-border-radius-bottom-right:0px;--awb-border-radius-bottom-left:0px;--awb-flex-wrap:wrap;\" ><div class=\"fusion-builder-row fusion-row fusion-flex-align-items-flex-start fusion-flex-content-wrap\" style=\"max-width:1216.8px;margin-left: calc(-4% \/ 2 );margin-right: calc(-4% \/ 2 );\"><div class=\"fusion-layout-column fusion_builder_column fusion-builder-column-1 fusion_builder_column_1_1 1_1 fusion-flex-column\" style=\"--awb-bg-size:cover;--awb-width-large:100%;--awb-margin-top-large:0px;--awb-spacing-right-large:1.92%;--awb-margin-bottom-large:20px;--awb-spacing-left-large:1.92%;--awb-width-medium:100%;--awb-order-medium:0;--awb-spacing-right-medium:1.92%;--awb-spacing-left-medium:1.92%;--awb-width-small:100%;--awb-order-small:0;--awb-spacing-right-small:1.92%;--awb-spacing-left-small:1.92%;\"><div class=\"fusion-column-wrapper fusion-column-has-shadow fusion-flex-justify-content-flex-start fusion-content-layout-column\"><div class=\"fusion-text fusion-text-3\" style=\"--awb-line-height:1.2;\"><p data-fusion-font=\"true\" style=\"font-size: 16px;\">Fatih D\u00d6NMEZ, Minister of Energy and Natural Resources, paid a visit to Ken-Jes 1 Plant, owned by Kipa\u015f Holding in Ayd\u0131n. The visit was attended by Deputy Minister of Energy and Natural Resources Abdullah TANCAN, AKP Ayd\u0131n Members of Parliament Mustafa SAVA\u015e, R\u0131za POZACI, Metin YAVUZ, Ayd\u0131n Governor H\u00fcseyin AKSOY, and AKP provincial and district chairpersons. <\/p>\n<p data-fusion-font=\"true\" style=\"font-size: 16px;\">During the meeting, Ahmet \u00d6KS\u00dcZ, Vice Chairman of Kipa\u015f Holding\u2019s Board and Vice President of the Energy Group, provided Minister Fatih D\u00d6NMEZ and his team with detailed information about Kipa\u015f Holding and its geothermal investments. \u00d6KS\u00dcZ stated that the total geothermal investment by Kipa\u015f Holding\u2019s Energy Group in Ayd\u0131n amounts to USD 829,960,726, and that currently, there are 10 plants across 4 different fields with a total installed capacity of 228.8 MW. He also reported that in 2020, the group\u2019s geothermal plants produced 972,048,000 kWh of electricity, covering 39% of Ayd\u0131n province\u2019s consumption of 2,490,079,000 kWh in 2020.<\/p>\n<p data-fusion-font=\"true\" style=\"font-size: 16px;\">In a press conference held in front of the Ken JES 1 plant, Minister Fatih D\u00d6NMEZ said:\n\u201cOur environmental regulations are very clear, and we enforce them with zero tolerance. However, while acting in accordance with environmental regulations, there are groups who try to defame these plants, facilities, and investments. We will respond to these by presenting all scientific research and data, saying \u2018What you claim is not true. You are giving incorrect information. This is the truth.\u2019 As you know, Ayd\u0131n is a homeland for figs. God has given us beautiful nature, and for a few years, attempts have been made to create perceptions that these plants negatively affect figs. But last year, fig production reached a record high. If that were true, could we have broken this production record? There is no problem with quality either. There are also claims that these plants cause some diseases. We have discussed this with authorities, and there is no adverse development in Ayd\u0131n\u2019s health conditions comparing before and after the establishment of these plants. Let\u2019s not mislead people, and share the truth with our citizens.\u201d<\/p>\n<p data-fusion-font=\"true\" style=\"font-size: 16px;\">On the occasion of the visit, Ahmet \u00d6KS\u00dcZ presented a plaque to Minister Fatih D\u00d6NMEZ and thanked him for his visit.<\/p>\n<\/div><\/div><\/div><\/div><\/div><\/p>","protected":false},"excerpt":{"rendered":"","protected":false},"author":1,"featured_media":0,"parent":0,"menu_order":0,"comment_status":"closed","ping_status":"closed","template":"","meta":{"footnotes":""},"class_list":["post-6935","page","type-page","status-publish","hentry"],"_links":{"self":[{"href":"https:\/\/kipas.com.tr\/en\/wp-json\/wp\/v2\/pages\/6935","targetHints":{"allow":["GET"]}}],"collection":[{"href":"https:\/\/kipas.com.tr\/en\/wp-json\/wp\/v2\/pages"}],"about":[{"href":"https:\/\/kipas.com.tr\/en\/wp-json\/wp\/v2\/types\/page"}],"author":[{"embeddable":true,"href":"https:\/\/kipas.com.tr\/en\/wp-json\/wp\/v2\/users\/1"}],"replies":[{"embeddable":true,"href":"https:\/\/kipas.com.tr\/en\/wp-json\/wp\/v2\/comments?post=6935"}],"version-history":[{"count":3,"href":"https:\/\/kipas.com.tr\/en\/wp-json\/wp\/v2\/pages\/6935\/revisions"}],"predecessor-version":[{"id":6938,"href":"https:\/\/kipas.com.tr\/en\/wp-json\/wp\/v2\/pages\/6935\/revisions\/6938"}],"wp:attachment":[{"href":"https:\/\/kipas.com.tr\/en\/wp-json\/wp\/v2\/media?parent=6935"}],"curies":[{"name":"wp","href":"https:\/\/api.w.org\/{rel}","templated":true}]}}