{"id":6929,"date":"2025-05-16T17:23:27","date_gmt":"2025-05-16T14:23:27","guid":{"rendered":"https:\/\/kipas.com.tr\/?page_id=6929"},"modified":"2025-05-16T17:25:22","modified_gmt":"2025-05-16T14:25:22","slug":"devrim-niteliginde-mobil-uygulama","status":"publish","type":"page","link":"https:\/\/kipas.com.tr\/en\/devrim-niteliginde-mobil-uygulama\/","title":{"rendered":"REVOLUTIONARY MOBILE APPLICATION"},"content":{"rendered":"<p><div class=\"fusion-fullwidth fullwidth-box fusion-builder-row-1 fusion-flex-container has-pattern-background has-mask-background nonhundred-percent-fullwidth non-hundred-percent-height-scrolling\" style=\"--awb-border-radius-top-left:0px;--awb-border-radius-top-right:0px;--awb-border-radius-bottom-right:0px;--awb-border-radius-bottom-left:0px;--awb-flex-wrap:wrap;\" ><div class=\"fusion-builder-row fusion-row fusion-flex-align-items-flex-start fusion-flex-content-wrap\" style=\"max-width:1216.8px;margin-left: calc(-4% \/ 2 );margin-right: calc(-4% \/ 2 );\"><div class=\"fusion-layout-column fusion_builder_column fusion-builder-column-0 fusion_builder_column_1_1 1_1 fusion-flex-column\" style=\"--awb-bg-size:cover;--awb-width-large:100%;--awb-margin-top-large:0px;--awb-spacing-right-large:1.92%;--awb-margin-bottom-large:20px;--awb-spacing-left-large:1.92%;--awb-width-medium:100%;--awb-order-medium:0;--awb-spacing-right-medium:1.92%;--awb-spacing-left-medium:1.92%;--awb-width-small:100%;--awb-order-small:0;--awb-spacing-right-small:1.92%;--awb-spacing-left-small:1.92%;\"><div class=\"fusion-column-wrapper fusion-column-has-shadow fusion-flex-justify-content-flex-start fusion-content-layout-column\"><div class=\"fusion-text fusion-text-1\"><h4 class=\"news_title\" data-fusion-font=\"true\" style=\"font-size: 24px; font-family: Poppins; font-weight: 500;\" data-fusion-google-font=\"Poppins\" data-fusion-google-variant=\"500\">REVOLUTIONARY MOBILE APPLICATION<\/h4>\n<\/div><div class=\"fusion-text fusion-text-2\"><p style=\"font-size: 14px;\" data-fusion-font=\"true\">2021-07-01 13:24:27<\/p>\n<\/div><\/div><\/div><\/div><\/div><div class=\"fusion-fullwidth fullwidth-box fusion-builder-row-2 fusion-flex-container has-pattern-background has-mask-background nonhundred-percent-fullwidth non-hundred-percent-height-scrolling\" style=\"--awb-border-radius-top-left:0px;--awb-border-radius-top-right:0px;--awb-border-radius-bottom-right:0px;--awb-border-radius-bottom-left:0px;--awb-flex-wrap:wrap;\" ><div class=\"fusion-builder-row fusion-row fusion-flex-align-items-flex-start fusion-flex-content-wrap\" style=\"max-width:1216.8px;margin-left: calc(-4% \/ 2 );margin-right: calc(-4% \/ 2 );\"><div class=\"fusion-layout-column fusion_builder_column fusion-builder-column-1 fusion_builder_column_1_1 1_1 fusion-flex-column\" style=\"--awb-bg-size:cover;--awb-width-large:100%;--awb-margin-top-large:0px;--awb-spacing-right-large:1.92%;--awb-margin-bottom-large:20px;--awb-spacing-left-large:1.92%;--awb-width-medium:100%;--awb-order-medium:0;--awb-spacing-right-medium:1.92%;--awb-spacing-left-medium:1.92%;--awb-width-small:100%;--awb-order-small:0;--awb-spacing-right-small:1.92%;--awb-spacing-left-small:1.92%;\"><div class=\"fusion-column-wrapper fusion-column-has-shadow fusion-flex-justify-content-flex-start fusion-content-layout-column\"><div class=\"fusion-text fusion-text-3\" style=\"--awb-line-height:1.2;\"><p data-fusion-font=\"true\" style=\"font-size: 16px;\">With nearly 40 years of experience and a workforce of 10,000 employees operating in 6 different sectors, K\u00c7S Kipa\u015f Cement and Concrete, a subsidiary of Kipa\u015f Group, has introduced a brand-new innovation to the concrete industry. The \u201cBETONUM\u201d application, which can be used on Android and iOS smartphones and tablets, offers a wide range of important features.<\/p>\n<p><span data-fusion-font=\"true\" style=\"font-size: 16px;\">BETONUM APP<\/span><br \/><span data-fusion-font=\"true\" style=\"font-size: 16px;\">K\u00c7S Kipa\u015f Cement and Concrete has created a powerful platform with an innovative approach tailored to the concrete sector. The \u201cBETONUM\u201d app, developed to integrate technology into all processes, not only enables real-time monitoring of construction sites via mobile devices but also greatly facilitates shipment tracking.<\/span><br \/><span data-fusion-font=\"true\" style=\"font-size: 16px;\">The \u201cBETONUM\u201d application includes the following features:<\/span><br \/><span data-fusion-font=\"true\" style=\"font-size: 16px;\">\u2022 Real-time shipment tracking of vehicles via a map interface<\/span><br \/><span data-fusion-font=\"true\" style=\"font-size: 16px;\">\u2022 Quicker communication through the app, reducing heavy phone traffic<\/span><br \/><span data-fusion-font=\"true\" style=\"font-size: 16px;\">\u2022 Easy tracking and viewing of order data via weekly reports<\/span><br \/><span data-fusion-font=\"true\" style=\"font-size: 16px;\">\u2022 Real-time monitoring of the construction site <\/span><br \/><span data-fusion-font=\"true\" style=\"font-size: 16px;\">Granting access to end customers, allowing them to manage order processes<\/span><br \/><span data-fusion-font=\"true\" style=\"font-size: 16px;\">more efficiently<\/span><br \/><span data-fusion-font=\"true\" style=\"font-size: 16px;\">REAL-TIME TRACKING, FAST COMMUNICATION<\/span><br \/><span data-fusion-font=\"true\" style=\"font-size: 16px;\">In the presentation made by K\u00c7S Kipa\u015f Cement and Concrete executives, it was emphasized that the \u201cBETONUM\u201d app was shaped according to the needs of the sector.<\/span><br \/><span data-fusion-font=\"true\" style=\"font-size: 16px;\">\u201cOur customers can now track their orders and deliveries in real-time from their mobile phones. This will allow us to offer faster and higher-quality service,\u201d they said.\n\nDuring the presentation, Kipa\u015f Holding Board Member \u0130rem \u00d6ks\u00fcz stated: <\/span><br \/><span data-fusion-font=\"true\" style=\"font-size: 16px;\">\u201cWe are thrilled to bring a completely new application to the concrete sector. The \u2018BETONUM\u2019 app, available on Android and iOS devices, includes many customer-oriented features. I would like to thank our IT Systems Director Fehmi H\u00fcdayio\u011flu, K\u00c7S Kipa\u015f Cement and Concrete managers Hakan \u00d6zbebek and Evren \u00d6ren, and everyone who contributed to the development of this app.\u201d <\/span><\/p>\n<\/div><\/div><\/div><\/div><\/div><\/p>","protected":false},"excerpt":{"rendered":"","protected":false},"author":1,"featured_media":0,"parent":0,"menu_order":0,"comment_status":"closed","ping_status":"closed","template":"","meta":{"footnotes":""},"class_list":["post-6929","page","type-page","status-publish","hentry"],"_links":{"self":[{"href":"https:\/\/kipas.com.tr\/en\/wp-json\/wp\/v2\/pages\/6929","targetHints":{"allow":["GET"]}}],"collection":[{"href":"https:\/\/kipas.com.tr\/en\/wp-json\/wp\/v2\/pages"}],"about":[{"href":"https:\/\/kipas.com.tr\/en\/wp-json\/wp\/v2\/types\/page"}],"author":[{"embeddable":true,"href":"https:\/\/kipas.com.tr\/en\/wp-json\/wp\/v2\/users\/1"}],"replies":[{"embeddable":true,"href":"https:\/\/kipas.com.tr\/en\/wp-json\/wp\/v2\/comments?post=6929"}],"version-history":[{"count":4,"href":"https:\/\/kipas.com.tr\/en\/wp-json\/wp\/v2\/pages\/6929\/revisions"}],"predecessor-version":[{"id":6933,"href":"https:\/\/kipas.com.tr\/en\/wp-json\/wp\/v2\/pages\/6929\/revisions\/6933"}],"wp:attachment":[{"href":"https:\/\/kipas.com.tr\/en\/wp-json\/wp\/v2\/media?parent=6929"}],"curies":[{"name":"wp","href":"https:\/\/api.w.org\/{rel}","templated":true}]}}