{"id":6917,"date":"2025-05-16T17:12:37","date_gmt":"2025-05-16T14:12:37","guid":{"rendered":"https:\/\/kipas.com.tr\/?page_id=6917"},"modified":"2025-05-16T17:14:41","modified_gmt":"2025-05-16T14:14:41","slug":"kipas-holding-ulkemiz-ekonomisine-deger-katmaya-devam-ediyor","status":"publish","type":"page","link":"https:\/\/kipas.com.tr\/en\/kipas-holding-ulkemiz-ekonomisine-deger-katmaya-devam-ediyor\/","title":{"rendered":"KIPA\u015e HOLDING CONTINUES TO ADD VALUE TO THE TURKISH ECONOMY"},"content":{"rendered":"<p><div class=\"fusion-fullwidth fullwidth-box fusion-builder-row-1 fusion-flex-container has-pattern-background has-mask-background nonhundred-percent-fullwidth non-hundred-percent-height-scrolling\" style=\"--awb-border-radius-top-left:0px;--awb-border-radius-top-right:0px;--awb-border-radius-bottom-right:0px;--awb-border-radius-bottom-left:0px;--awb-flex-wrap:wrap;\" ><div class=\"fusion-builder-row fusion-row fusion-flex-align-items-flex-start fusion-flex-content-wrap\" style=\"max-width:1216.8px;margin-left: calc(-4% \/ 2 );margin-right: calc(-4% \/ 2 );\"><div class=\"fusion-layout-column fusion_builder_column fusion-builder-column-0 fusion_builder_column_1_1 1_1 fusion-flex-column\" style=\"--awb-bg-size:cover;--awb-width-large:100%;--awb-margin-top-large:0px;--awb-spacing-right-large:1.92%;--awb-margin-bottom-large:20px;--awb-spacing-left-large:1.92%;--awb-width-medium:100%;--awb-order-medium:0;--awb-spacing-right-medium:1.92%;--awb-spacing-left-medium:1.92%;--awb-width-small:100%;--awb-order-small:0;--awb-spacing-right-small:1.92%;--awb-spacing-left-small:1.92%;\"><div class=\"fusion-column-wrapper fusion-column-has-shadow fusion-flex-justify-content-flex-start fusion-content-layout-column\"><div class=\"fusion-text fusion-text-1\"><h4 class=\"news_title\" style=\"font-size: 24px; font-family: Poppins; font-weight: 500;\" data-fusion-font=\"true\" data-fusion-google-font=\"Poppins\" data-fusion-google-variant=\"500\">KIPA\u015e HOLDING CONTINUES TO ADD VALUE TO THE TURKISH ECONOMY<\/h4>\n<\/div><div class=\"fusion-text fusion-text-2\"><p style=\"font-size: 14px;\" data-fusion-font=\"true\">2021-11-22 07:52:07<\/p>\n<\/div><\/div><\/div><\/div><\/div><div class=\"fusion-fullwidth fullwidth-box fusion-builder-row-2 fusion-flex-container has-pattern-background has-mask-background nonhundred-percent-fullwidth non-hundred-percent-height-scrolling\" style=\"--awb-border-radius-top-left:0px;--awb-border-radius-top-right:0px;--awb-border-radius-bottom-right:0px;--awb-border-radius-bottom-left:0px;--awb-flex-wrap:wrap;\" ><div class=\"fusion-builder-row fusion-row fusion-flex-align-items-flex-start fusion-flex-content-wrap\" style=\"max-width:1216.8px;margin-left: calc(-4% \/ 2 );margin-right: calc(-4% \/ 2 );\"><div class=\"fusion-layout-column fusion_builder_column fusion-builder-column-1 fusion_builder_column_1_1 1_1 fusion-flex-column\" style=\"--awb-bg-size:cover;--awb-width-large:100%;--awb-margin-top-large:0px;--awb-spacing-right-large:1.92%;--awb-margin-bottom-large:20px;--awb-spacing-left-large:1.92%;--awb-width-medium:100%;--awb-order-medium:0;--awb-spacing-right-medium:1.92%;--awb-spacing-left-medium:1.92%;--awb-width-small:100%;--awb-order-small:0;--awb-spacing-right-small:1.92%;--awb-spacing-left-small:1.92%;\"><div class=\"fusion-column-wrapper fusion-column-has-shadow fusion-flex-justify-content-flex-start fusion-content-layout-column\"><div class=\"fusion-text fusion-text-3\"><p data-fusion-font=\"true\" style=\"font-size: 16px;\">The Istanbul Textile and Raw Materials Exporters\u2019 Association (\u0130TH\u0130B) honored successful exporters who contributed to Turkey\u2019s $10 billion textile exports in 2020. At the award ceremony held for companies that significantly supported textile exports, Kipa\u015f Tekstil, one of Turkey\u2019s largest integrated production facilities based in Kahramanmara\u015f, ranked 10th among the top 15 recipients of the Platinum Award, while Kipa\u015f Pazarlama, which handles Kipa\u015f Holding\u2019s export operations, ranked 7th.<\/p>\n<p><strong data-fusion-font=\"true\" style=\"font-size: 16px; font-family: Poppins; font-weight: 700;\" data-fusion-google-font=\"Poppins\" data-fusion-google-variant=\"700\">THE ONLY FIRM FROM KAHRAMANMARA\u015e IN THE TOP 10<\/strong><br \/><span data-fusion-font=\"true\" style=\"font-size: 16px;\">At the \u201c\u0130TH\u0130B Value Creators in Export\u201d award ceremony, a total of 470 companies received Platinum, Gold, Silver, and Bronze awards \u2014 with 35 Platinum, 59 Gold, 74 Silver, and 302 Bronze \u2014 while 652 companies received achievement certificates. The top three positions were taken by Ak-Pa Tekstil, Kordsa Teknik Tekstil, and Zorlu D\u0131\u015f Ticaret. Kipa\u015f Tekstil and Kipa\u015f Pazarlama, subsidiaries of Kipa\u015f Holding, stood out by securing high ranks, continuing to be a source of pride for Kahramanmara\u015f.<\/span><\/p>\n<p><strong data-fusion-font=\"true\" style=\"font-size: 16px; font-family: Poppins; font-weight: 700;\" data-fusion-google-font=\"Poppins\" data-fusion-google-variant=\"700\">A PIONEER OF SUSTAINABLE PRODUCTION<\/strong><br \/><span data-fusion-font=\"true\" style=\"font-size: 16px;\">Employing over 11,000 people, Kipa\u015f Tekstil operates with an annual fabric production capacity of 80 million meters and a daily yarn output of 330 tons. With approximately 6,000 employees, the company applies high-tech, sustainable production practices. Through its fully integrated facilities \u2014 covering technical textiles, yarn, weaving, denim, and dye-finishing \u2014 Kipa\u015f Tekstil exports to numerous global destinations. <\/span><br \/><span data-fusion-font=\"true\" style=\"font-size: 16px;\">As a leader in sustainable production, Kipa\u015f Tekstil was also the main sponsor of this year\u2019s Sustainable Textile Conferences held in Istanbul and Dublin, Ireland in November.<\/span><\/p>\n<p><strong data-fusion-font=\"true\" style=\"font-size: 16px; font-family: Poppins; font-weight: 700;\" data-fusion-google-font=\"Poppins\" data-fusion-google-variant=\"700\">RETURNING TO NATURE WHAT IT TAKES FROM IT<\/strong><br \/><span data-fusion-font=\"true\" style=\"font-size: 16px;\">Earlier this year, under the leadership of Kipa\u015f Holding Chairman Hanefi \u00d6ks\u00fcz and Kahramanmara\u015f Governor \u00d6mer Faruk Co\u015fkun, Kipa\u015f Holding signed a protocol with the Kahramanmara\u015f Regional Directorate of Forestry for a \u201c500,000 Tree Donation Project.\u201d Due to recent natural disasters in the country, saplings were redirected to the affected areas. Additionally, 2 million TL in extra donations brought the company\u2019s total environmental contribution to 7 million TL.<\/span><\/p>\n<p><strong data-fusion-font=\"true\" style=\"font-size: 16px; font-family: Poppins; font-weight: 700;\" data-fusion-google-font=\"Poppins\" data-fusion-google-variant=\"700\">WE WILL CONTINUE TO BE THE PRIDE OF THIS CITY<\/strong><br \/><span data-fusion-font=\"true\" style=\"font-size: 16px;\">Kipa\u015f Holding Chairman Mehmet Hanefi \u00d6ks\u00fcz made the following statement:<\/span><br \/><span data-fusion-font=\"true\" style=\"font-size: 16px;\">\u201cDespite the challenges brought by the pandemic, we have consistently remained committed to progress and success. With our family of 11,000 employees across six main sectors \u2014 especially in textiles and paper \u2014 we are continuously expanding our investments and employment. Our achievements are rooted in our investments in R&amp;D, our high-tech and sustainable operations, and our respectful approach toward nature and the environment. Above all, we take ownership of our work with a strong sense of family. In short, we will continue to produce, create jobs, and contribute to our country. I would like to extend my heartfelt thanks to every member of the Kipa\u015f family whose efforts take us to greater heights and who significantly support our national economy.\u201d<\/span><\/p>\n<\/div><\/div><\/div><\/div><\/div><\/p>","protected":false},"excerpt":{"rendered":"","protected":false},"author":1,"featured_media":0,"parent":0,"menu_order":0,"comment_status":"closed","ping_status":"closed","template":"","meta":{"footnotes":""},"class_list":["post-6917","page","type-page","status-publish","hentry"],"_links":{"self":[{"href":"https:\/\/kipas.com.tr\/en\/wp-json\/wp\/v2\/pages\/6917","targetHints":{"allow":["GET"]}}],"collection":[{"href":"https:\/\/kipas.com.tr\/en\/wp-json\/wp\/v2\/pages"}],"about":[{"href":"https:\/\/kipas.com.tr\/en\/wp-json\/wp\/v2\/types\/page"}],"author":[{"embeddable":true,"href":"https:\/\/kipas.com.tr\/en\/wp-json\/wp\/v2\/users\/1"}],"replies":[{"embeddable":true,"href":"https:\/\/kipas.com.tr\/en\/wp-json\/wp\/v2\/comments?post=6917"}],"version-history":[{"count":4,"href":"https:\/\/kipas.com.tr\/en\/wp-json\/wp\/v2\/pages\/6917\/revisions"}],"predecessor-version":[{"id":6921,"href":"https:\/\/kipas.com.tr\/en\/wp-json\/wp\/v2\/pages\/6917\/revisions\/6921"}],"wp:attachment":[{"href":"https:\/\/kipas.com.tr\/en\/wp-json\/wp\/v2\/media?parent=6917"}],"curies":[{"name":"wp","href":"https:\/\/api.w.org\/{rel}","templated":true}]}}