{"id":6906,"date":"2025-05-16T17:06:51","date_gmt":"2025-05-16T14:06:51","guid":{"rendered":"https:\/\/kipas.com.tr\/?page_id=6906"},"modified":"2025-05-16T17:11:18","modified_gmt":"2025-05-16T14:11:18","slug":"kipas-holding-calisanlarindan-yonetim-kuruluna-anlamli-ziyaret-2","status":"publish","type":"page","link":"https:\/\/kipas.com.tr\/en\/kipas-holding-calisanlarindan-yonetim-kuruluna-anlamli-ziyaret-2\/","title":{"rendered":"A MEANINGFUL VISIT FROM KIPA\u015e HOLDING EMPLOYEES TO THE BOARD OF DIRECTORS"},"content":{"rendered":"<p><div class=\"fusion-fullwidth fullwidth-box fusion-builder-row-1 fusion-flex-container has-pattern-background has-mask-background nonhundred-percent-fullwidth non-hundred-percent-height-scrolling\" style=\"--awb-border-radius-top-left:0px;--awb-border-radius-top-right:0px;--awb-border-radius-bottom-right:0px;--awb-border-radius-bottom-left:0px;--awb-flex-wrap:wrap;\" ><div class=\"fusion-builder-row fusion-row fusion-flex-align-items-flex-start fusion-flex-content-wrap\" style=\"max-width:1216.8px;margin-left: calc(-4% \/ 2 );margin-right: calc(-4% \/ 2 );\"><div class=\"fusion-layout-column fusion_builder_column fusion-builder-column-0 fusion_builder_column_1_1 1_1 fusion-flex-column\" style=\"--awb-bg-size:cover;--awb-width-large:100%;--awb-margin-top-large:0px;--awb-spacing-right-large:1.92%;--awb-margin-bottom-large:20px;--awb-spacing-left-large:1.92%;--awb-width-medium:100%;--awb-order-medium:0;--awb-spacing-right-medium:1.92%;--awb-spacing-left-medium:1.92%;--awb-width-small:100%;--awb-order-small:0;--awb-spacing-right-small:1.92%;--awb-spacing-left-small:1.92%;\"><div class=\"fusion-column-wrapper fusion-column-has-shadow fusion-flex-justify-content-flex-start fusion-content-layout-column\"><div class=\"fusion-text fusion-text-1\"><h4 class=\"news_title\" style=\"font-size: 24px; font-family: Poppins; font-weight: 500;\" data-fusion-font=\"true\" data-fusion-google-font=\"Poppins\" data-fusion-google-variant=\"500\">A MEANINGFUL VISIT FROM KIPA\u015e HOLDING EMPLOYEES TO THE BOARD OF DIRECTORS<\/h4>\n<\/div><div class=\"fusion-text fusion-text-2\"><p><span style=\"font-size: 14px;\" data-fusion-font=\"true\">2021-11-22 09:50:03<\/span><\/p>\n<\/div><\/div><\/div><\/div><\/div><div class=\"fusion-fullwidth fullwidth-box fusion-builder-row-2 fusion-flex-container has-pattern-background has-mask-background nonhundred-percent-fullwidth non-hundred-percent-height-scrolling\" style=\"--awb-border-radius-top-left:0px;--awb-border-radius-top-right:0px;--awb-border-radius-bottom-right:0px;--awb-border-radius-bottom-left:0px;--awb-flex-wrap:wrap;\" ><div class=\"fusion-builder-row fusion-row fusion-flex-align-items-flex-start fusion-flex-content-wrap\" style=\"max-width:1216.8px;margin-left: calc(-4% \/ 2 );margin-right: calc(-4% \/ 2 );\"><div class=\"fusion-layout-column fusion_builder_column fusion-builder-column-1 fusion_builder_column_1_1 1_1 fusion-flex-column\" style=\"--awb-bg-size:cover;--awb-width-large:100%;--awb-margin-top-large:0px;--awb-spacing-right-large:1.92%;--awb-margin-bottom-large:20px;--awb-spacing-left-large:1.92%;--awb-width-medium:100%;--awb-order-medium:0;--awb-spacing-right-medium:1.92%;--awb-spacing-left-medium:1.92%;--awb-width-small:100%;--awb-order-small:0;--awb-spacing-right-small:1.92%;--awb-spacing-left-small:1.92%;\"><div class=\"fusion-column-wrapper fusion-column-has-shadow fusion-flex-justify-content-flex-start fusion-content-layout-column\"><div class=\"fusion-image-element\" style=\"--awb-aspect-ratio:2 \/ 1;--awb-max-width:1300px;--awb-caption-title-font-family:var(--h2_typography-font-family);--awb-caption-title-font-weight:var(--h2_typography-font-weight);--awb-caption-title-font-style:var(--h2_typography-font-style);--awb-caption-title-size:var(--h2_typography-font-size);--awb-caption-title-transform:var(--h2_typography-text-transform);--awb-caption-title-line-height:var(--h2_typography-line-height);--awb-caption-title-letter-spacing:var(--h2_typography-letter-spacing);\"><div style=\"display:inline-block;width:1300px;\"><span class=\"fusion-imageframe imageframe-none imageframe-1 hover-type-none has-aspect-ratio\"><img decoding=\"async\" width=\"300\" height=\"168\" src=\"https:\/\/kipas.com.tr\/wp-content\/uploads\/2025\/05\/IMG_9470.jpg\" data-orig-src=\"https:\/\/kipas.com.tr\/wp-content\/uploads\/2025\/05\/IMG_9470-300x168.jpg\" class=\"lazyload img-responsive wp-image-6910 img-with-aspect-ratio\" data-parent-fit=\"cover\" data-parent-container=\".fusion-image-element\" alt srcset=\"data:image\/svg+xml,%3Csvg%20xmlns%3D%27http%3A%2F%2Fwww.w3.org%2F2000%2Fsvg%27%20width%3D%271500%27%20height%3D%27842%27%20viewBox%3D%270%200%201500%20842%27%3E%3Crect%20width%3D%271500%27%20height%3D%27842%27%20fill-opacity%3D%220%22%2F%3E%3C%2Fsvg%3E\" data-srcset=\"https:\/\/kipas.com.tr\/wp-content\/uploads\/2025\/05\/IMG_9470-200x112.jpg 200w, https:\/\/kipas.com.tr\/wp-content\/uploads\/2025\/05\/IMG_9470-400x225.jpg 400w, https:\/\/kipas.com.tr\/wp-content\/uploads\/2025\/05\/IMG_9470-600x337.jpg 600w, https:\/\/kipas.com.tr\/wp-content\/uploads\/2025\/05\/IMG_9470-800x449.jpg 800w, https:\/\/kipas.com.tr\/wp-content\/uploads\/2025\/05\/IMG_9470-1200x674.jpg 1200w, https:\/\/kipas.com.tr\/wp-content\/uploads\/2025\/05\/IMG_9470.jpg 1500w\" data-sizes=\"auto\" data-orig-sizes=\"(max-width: 1024px) 100vw, (max-width: 640px) 100vw, 1200px\" \/><\/span><\/div><\/div><\/div><\/div><\/div><\/div><div class=\"fusion-fullwidth fullwidth-box fusion-builder-row-3 fusion-flex-container has-pattern-background has-mask-background nonhundred-percent-fullwidth non-hundred-percent-height-scrolling\" style=\"--awb-border-radius-top-left:0px;--awb-border-radius-top-right:0px;--awb-border-radius-bottom-right:0px;--awb-border-radius-bottom-left:0px;--awb-flex-wrap:wrap;\" ><div class=\"fusion-builder-row fusion-row fusion-flex-align-items-flex-start fusion-flex-content-wrap\" style=\"max-width:1216.8px;margin-left: calc(-4% \/ 2 );margin-right: calc(-4% \/ 2 );\"><div class=\"fusion-layout-column fusion_builder_column fusion-builder-column-2 fusion_builder_column_1_1 1_1 fusion-flex-column\" style=\"--awb-bg-size:cover;--awb-width-large:100%;--awb-margin-top-large:0px;--awb-spacing-right-large:1.92%;--awb-margin-bottom-large:20px;--awb-spacing-left-large:1.92%;--awb-width-medium:100%;--awb-order-medium:0;--awb-spacing-right-medium:1.92%;--awb-spacing-left-medium:1.92%;--awb-width-small:100%;--awb-order-small:0;--awb-spacing-right-small:1.92%;--awb-spacing-left-small:1.92%;\"><div class=\"fusion-column-wrapper fusion-column-has-shadow fusion-flex-justify-content-flex-start fusion-content-layout-column\"><div class=\"fusion-text fusion-text-3\"><p data-fusion-font=\"true\" style=\"font-size: 16px;\">The economic challenges that have intensified globally during the pandemic continue to deeply affect working life, especially for low-income citizens. In an effort to reduce the impact of these difficulties, governments have introduced various support packages, and business leaders across the country have shown significant acts of solidarity and sacrifice. <\/p>\n<p data-fusion-font=\"true\" style=\"font-size: 16px;\">A recent example of such support came from Kipa\u015f Holding, a pride of Kahramanmara\u015f and Turkey, which operates in 6 main sectors and employs over 11,000 people. As a pioneer of many firsts, Kipa\u015f Holding provided a \u20ba1,500 support payment to its employees. This generous act quickly set an example for other local business leaders, who subsequently announced their own support packages for their workers.<\/p>\n<p><strong data-fusion-font=\"true\" style=\"font-size: 16px; font-family: Poppins; font-weight: 700;\" data-fusion-google-font=\"Poppins\" data-fusion-google-variant=\"700\">KIPA\u015e ONCE AGAIN PROVES IT IS A FAMILY<\/strong><br \/><span data-fusion-font=\"true\" style=\"font-size: 16px;\">In response to this support, Kipa\u015f Holding employees organized a surprise visit to express their gratitude to Kipa\u015f Holding Chairman M. Hanefi \u00d6ks\u00fcz and Vice Chairman Halil \u0130brahim G\u00fcm\u00fc\u015fer.<\/span><\/p>\n<p data-fusion-font=\"true\" style=\"font-size: 16px;\">During the visit, long-serving employees and plant managers presented bouquets of flowers to the executives, thanking them on behalf of all staff for their generosity and leadership during a time of economic hardship. The occasion turned into a heartfelt conversation, highlighting the unity within the organization.<\/p>\n<p data-fusion-font=\"true\" style=\"font-size: 16px;\">Speaking on behalf of the management, Chairman \u00d6ks\u00fcz and Vice Chairman G\u00fcm\u00fc\u015fer expressed how deeply touched they were by the visit. They emphasized that every employee of Kipa\u015f Holding is considered part of one big family, and they reaffirmed their belief in overcoming tough times together, hand in hand.\n\nThis meaningful gesture once again underlined the strong sense of solidarity, respect, and family spirit that defines Kipa\u015f Holding.<\/p>\n<\/div><\/div><\/div><\/div><\/div><\/p>","protected":false},"excerpt":{"rendered":"","protected":false},"author":1,"featured_media":0,"parent":0,"menu_order":0,"comment_status":"closed","ping_status":"closed","template":"","meta":{"footnotes":""},"class_list":["post-6906","page","type-page","status-publish","hentry"],"_links":{"self":[{"href":"https:\/\/kipas.com.tr\/en\/wp-json\/wp\/v2\/pages\/6906","targetHints":{"allow":["GET"]}}],"collection":[{"href":"https:\/\/kipas.com.tr\/en\/wp-json\/wp\/v2\/pages"}],"about":[{"href":"https:\/\/kipas.com.tr\/en\/wp-json\/wp\/v2\/types\/page"}],"author":[{"embeddable":true,"href":"https:\/\/kipas.com.tr\/en\/wp-json\/wp\/v2\/users\/1"}],"replies":[{"embeddable":true,"href":"https:\/\/kipas.com.tr\/en\/wp-json\/wp\/v2\/comments?post=6906"}],"version-history":[{"count":8,"href":"https:\/\/kipas.com.tr\/en\/wp-json\/wp\/v2\/pages\/6906\/revisions"}],"predecessor-version":[{"id":6915,"href":"https:\/\/kipas.com.tr\/en\/wp-json\/wp\/v2\/pages\/6906\/revisions\/6915"}],"wp:attachment":[{"href":"https:\/\/kipas.com.tr\/en\/wp-json\/wp\/v2\/media?parent=6906"}],"curies":[{"name":"wp","href":"https:\/\/api.w.org\/{rel}","templated":true}]}}