{"id":6896,"date":"2025-05-16T16:59:51","date_gmt":"2025-05-16T13:59:51","guid":{"rendered":"https:\/\/kipas.com.tr\/?page_id=6896"},"modified":"2025-05-16T17:05:37","modified_gmt":"2025-05-16T14:05:37","slug":"kahramanmarasin-gururu-yine-kipas-holding-oldu-2","status":"publish","type":"page","link":"https:\/\/kipas.com.tr\/en\/kahramanmarasin-gururu-yine-kipas-holding-oldu-2\/","title":{"rendered":"ONCE AGAIN, K\u0130PA\u015e HOLDING BECOMES THE PRIDE OF KAHRAMANMARA\u015e"},"content":{"rendered":"<p><div class=\"fusion-fullwidth fullwidth-box fusion-builder-row-1 fusion-flex-container has-pattern-background has-mask-background nonhundred-percent-fullwidth non-hundred-percent-height-scrolling\" style=\"--awb-border-radius-top-left:0px;--awb-border-radius-top-right:0px;--awb-border-radius-bottom-right:0px;--awb-border-radius-bottom-left:0px;--awb-flex-wrap:wrap;\" ><div class=\"fusion-builder-row fusion-row fusion-flex-align-items-flex-start fusion-flex-content-wrap\" style=\"max-width:1216.8px;margin-left: calc(-4% \/ 2 );margin-right: calc(-4% \/ 2 );\"><div class=\"fusion-layout-column fusion_builder_column fusion-builder-column-0 fusion_builder_column_1_1 1_1 fusion-flex-column\" style=\"--awb-bg-size:cover;--awb-width-large:100%;--awb-margin-top-large:0px;--awb-spacing-right-large:1.92%;--awb-margin-bottom-large:20px;--awb-spacing-left-large:1.92%;--awb-width-medium:100%;--awb-order-medium:0;--awb-spacing-right-medium:1.92%;--awb-spacing-left-medium:1.92%;--awb-width-small:100%;--awb-order-small:0;--awb-spacing-right-small:1.92%;--awb-spacing-left-small:1.92%;\"><div class=\"fusion-column-wrapper fusion-column-has-shadow fusion-flex-justify-content-flex-start fusion-content-layout-column\"><div class=\"fusion-text fusion-text-1\"><h4 class=\"news_title\" style=\"font-size: 24px; font-family: Poppins; font-weight: 500;\" data-fusion-font=\"true\" data-fusion-google-font=\"Poppins\" data-fusion-google-variant=\"500\">ONCE AGAIN, K\u0130PA\u015e HOLDING BECOMES THE PRIDE OF KAHRAMANMARA\u015e<\/h4>\n<\/div><div class=\"fusion-text fusion-text-2\"><p data-fusion-font=\"true\" style=\"font-size: 14px;\">2021-12-15 10:38:43<\/p>\n<\/div><\/div><\/div><\/div><\/div><div class=\"fusion-fullwidth fullwidth-box fusion-builder-row-2 fusion-flex-container has-pattern-background has-mask-background nonhundred-percent-fullwidth non-hundred-percent-height-scrolling\" style=\"--awb-border-radius-top-left:0px;--awb-border-radius-top-right:0px;--awb-border-radius-bottom-right:0px;--awb-border-radius-bottom-left:0px;--awb-flex-wrap:wrap;\" ><div class=\"fusion-builder-row fusion-row fusion-flex-align-items-flex-start fusion-flex-content-wrap\" style=\"max-width:1216.8px;margin-left: calc(-4% \/ 2 );margin-right: calc(-4% \/ 2 );\"><div class=\"fusion-layout-column fusion_builder_column fusion-builder-column-1 fusion_builder_column_1_1 1_1 fusion-flex-column\" style=\"--awb-bg-size:cover;--awb-width-large:100%;--awb-margin-top-large:0px;--awb-spacing-right-large:1.92%;--awb-margin-bottom-large:20px;--awb-spacing-left-large:1.92%;--awb-width-medium:100%;--awb-order-medium:0;--awb-spacing-right-medium:1.92%;--awb-spacing-left-medium:1.92%;--awb-width-small:100%;--awb-order-small:0;--awb-spacing-right-small:1.92%;--awb-spacing-left-small:1.92%;\"><div class=\"fusion-column-wrapper fusion-column-has-shadow fusion-flex-justify-content-flex-start fusion-content-layout-column\"><div class=\"fusion-image-element\" style=\"--awb-aspect-ratio:2 \/ 1;--awb-max-width:1300px;--awb-caption-title-font-family:var(--h2_typography-font-family);--awb-caption-title-font-weight:var(--h2_typography-font-weight);--awb-caption-title-font-style:var(--h2_typography-font-style);--awb-caption-title-size:var(--h2_typography-font-size);--awb-caption-title-transform:var(--h2_typography-text-transform);--awb-caption-title-line-height:var(--h2_typography-line-height);--awb-caption-title-letter-spacing:var(--h2_typography-letter-spacing);\"><div style=\"display:inline-block;width:1300px;\"><span class=\"fusion-imageframe imageframe-none imageframe-1 hover-type-none has-aspect-ratio\"><img decoding=\"async\" width=\"300\" height=\"152\" src=\"https:\/\/kipas.com.tr\/wp-content\/uploads\/2025\/05\/Anadolu-500.jpg\" data-orig-src=\"https:\/\/kipas.com.tr\/wp-content\/uploads\/2025\/05\/Anadolu-500-300x152.jpg\" class=\"lazyload img-responsive wp-image-6899 img-with-aspect-ratio\" data-parent-fit=\"cover\" data-parent-container=\".fusion-image-element\" alt srcset=\"data:image\/svg+xml,%3Csvg%20xmlns%3D%27http%3A%2F%2Fwww.w3.org%2F2000%2Fsvg%27%20width%3D%271674%27%20height%3D%27847%27%20viewBox%3D%270%200%201674%20847%27%3E%3Crect%20width%3D%271674%27%20height%3D%27847%27%20fill-opacity%3D%220%22%2F%3E%3C%2Fsvg%3E\" data-srcset=\"https:\/\/kipas.com.tr\/wp-content\/uploads\/2025\/05\/Anadolu-500-200x101.jpg 200w, https:\/\/kipas.com.tr\/wp-content\/uploads\/2025\/05\/Anadolu-500-400x202.jpg 400w, https:\/\/kipas.com.tr\/wp-content\/uploads\/2025\/05\/Anadolu-500-600x304.jpg 600w, https:\/\/kipas.com.tr\/wp-content\/uploads\/2025\/05\/Anadolu-500-800x405.jpg 800w, https:\/\/kipas.com.tr\/wp-content\/uploads\/2025\/05\/Anadolu-500-1200x607.jpg 1200w, https:\/\/kipas.com.tr\/wp-content\/uploads\/2025\/05\/Anadolu-500.jpg 1674w\" data-sizes=\"auto\" data-orig-sizes=\"(max-width: 1024px) 100vw, (max-width: 640px) 100vw, 1200px\" \/><\/span><\/div><\/div><\/div><\/div><\/div><\/div><div class=\"fusion-fullwidth fullwidth-box fusion-builder-row-3 fusion-flex-container has-pattern-background has-mask-background nonhundred-percent-fullwidth non-hundred-percent-height-scrolling\" style=\"--awb-border-radius-top-left:0px;--awb-border-radius-top-right:0px;--awb-border-radius-bottom-right:0px;--awb-border-radius-bottom-left:0px;--awb-flex-wrap:wrap;\" ><div class=\"fusion-builder-row fusion-row fusion-flex-align-items-flex-start fusion-flex-content-wrap\" style=\"max-width:1216.8px;margin-left: calc(-4% \/ 2 );margin-right: calc(-4% \/ 2 );\"><div class=\"fusion-layout-column fusion_builder_column fusion-builder-column-2 fusion_builder_column_1_1 1_1 fusion-flex-column\" style=\"--awb-bg-size:cover;--awb-width-large:100%;--awb-margin-top-large:0px;--awb-spacing-right-large:1.92%;--awb-margin-bottom-large:20px;--awb-spacing-left-large:1.92%;--awb-width-medium:100%;--awb-order-medium:0;--awb-spacing-right-medium:1.92%;--awb-spacing-left-medium:1.92%;--awb-width-small:100%;--awb-order-small:0;--awb-spacing-right-small:1.92%;--awb-spacing-left-small:1.92%;\"><div class=\"fusion-column-wrapper fusion-column-has-shadow fusion-flex-justify-content-flex-start fusion-content-layout-column\"><div class=\"fusion-text fusion-text-3\" style=\"--awb-line-height:1.2;\"><p><strong data-fusion-font=\"true\" style=\"font-size: 16px; font-family: Poppins; font-weight: 500;\" data-fusion-google-font=\"Poppins\" data-fusion-google-variant=\"500\">ONCE AGAIN, K\u0130PA\u015e HOLDING BECOMES THE PRIDE OF KAHRAMANMARA\u015e<\/strong><\/p>\n<p><span data-fusion-font=\"true\" style=\"font-size: 16px;\">Outside of Istanbul, Ankara, and Izmir, the \u201cAnatolia 500\u201d list\u2014compiled through the collaboration of Ekonomist Magazine and T\u00fcrk Ekonomi Bankas\u0131 (TEB)\u2014ranks the 500 largest companies in Anatolia. In the most recent rankings, Tos\u00e7elik took first place, Tiryaki Agro came second, and Kardemir ranked third. <\/span><br \/><span data-fusion-font=\"true\" style=\"font-size: 16px;\">Based on 2020 financial data, Kipa\u015f Holding was represented by seven of its companies on the \u201cTop 500 Companies of Anatolia\u201d list: Kipa\u015f Mensucat, Kipa\u015f Paper Industry Inc., Kipa\u015f Marketing Inc., K\u00c7S Kipa\u015f Cement, Maren Mara\u015f Electricity Inc., and its subsidiaries Akeda\u015f Electricity Retail Inc. and Akeda\u015f Electricity Distribution Inc. With these seven entries, Kipa\u015f Holding became the second holding with the highest number of companies on the list.<\/span><\/p>\n<p data-fusion-font=\"true\" style=\"font-size: 16px;\">As the first company in Kahramanmara\u015f to establish a Research and Development unit, Kipa\u015f Holding operates with a workforce of 10,000 across industries such as textiles, paper, energy, cement, education, and logistics. The group follows sustainability policies that prioritize environmental protection and adopts a human-centered management approach. Its contribution to the Turkish economy and employment continues to grow each day.<\/p>\n<p><strong data-fusion-font=\"true\" style=\"font-size: 16px; font-family: Poppins; font-weight: 500;\" data-fusion-google-font=\"Poppins\" data-fusion-google-variant=\"500\">THE SUCCESS OF THE KIPA\u015e FAMILY<\/strong><\/p>\n<p><span data-fusion-font=\"true\" style=\"font-size: 16px;\">Kipa\u015f Holding Chairman of the Board, M. Hanefi \u00d6ks\u00fcz, made the following statement:\n\n\u201cAs Kipa\u015f Holding, we continue to increase our investments, employment, and support for the national economy day by day. We can say that we have overcome the effects of the pandemic period as Kipa\u015f Holding. This year, 28 companies from our hometown made it into the Anatolia 500 list\u2014seven of them belong to us. The secret behind this success lies in our production policies, which are based on high technology, sustainability, and a commitment to achieving the best under the most challenging conditions.\n\nWe work together like a family, staying connected and growing through unity. We're also expanding our investments beyond Kahramanmara\u015f. Our Kipa\u015f Paper facility, which will help close the current account deficit caused by Turkey\u2019s $550 million paper importation and provide employment for 1,000 people, is preparing to move into full-capacity production. Additionally, we continue to expand investments and employment in other sectors. I would like to thank all members of our Kipa\u015f family who contributed to this success.\u201d<\/span> <\/p>\n<\/div><\/div><\/div><\/div><\/div><\/p>","protected":false},"excerpt":{"rendered":"","protected":false},"author":1,"featured_media":0,"parent":0,"menu_order":0,"comment_status":"closed","ping_status":"closed","template":"","meta":{"footnotes":""},"class_list":["post-6896","page","type-page","status-publish","hentry"],"_links":{"self":[{"href":"https:\/\/kipas.com.tr\/en\/wp-json\/wp\/v2\/pages\/6896","targetHints":{"allow":["GET"]}}],"collection":[{"href":"https:\/\/kipas.com.tr\/en\/wp-json\/wp\/v2\/pages"}],"about":[{"href":"https:\/\/kipas.com.tr\/en\/wp-json\/wp\/v2\/types\/page"}],"author":[{"embeddable":true,"href":"https:\/\/kipas.com.tr\/en\/wp-json\/wp\/v2\/users\/1"}],"replies":[{"embeddable":true,"href":"https:\/\/kipas.com.tr\/en\/wp-json\/wp\/v2\/comments?post=6896"}],"version-history":[{"count":7,"href":"https:\/\/kipas.com.tr\/en\/wp-json\/wp\/v2\/pages\/6896\/revisions"}],"predecessor-version":[{"id":6904,"href":"https:\/\/kipas.com.tr\/en\/wp-json\/wp\/v2\/pages\/6896\/revisions\/6904"}],"wp:attachment":[{"href":"https:\/\/kipas.com.tr\/en\/wp-json\/wp\/v2\/media?parent=6896"}],"curies":[{"name":"wp","href":"https:\/\/api.w.org\/{rel}","templated":true}]}}