{"id":6891,"date":"2025-05-16T16:56:34","date_gmt":"2025-05-16T13:56:34","guid":{"rendered":"https:\/\/kipas.com.tr\/?page_id=6891"},"modified":"2025-05-16T16:58:39","modified_gmt":"2025-05-16T13:58:39","slug":"oksuz-buyukelciyi-evinde-agirladi-2","status":"publish","type":"page","link":"https:\/\/kipas.com.tr\/en\/oksuz-buyukelciyi-evinde-agirladi-2\/","title":{"rendered":"\u00d6KS\u00dcZ HOSTED THE AMBASSADOR AT HIS HOME"},"content":{"rendered":"<p><div class=\"fusion-fullwidth fullwidth-box fusion-builder-row-1 fusion-flex-container has-pattern-background has-mask-background nonhundred-percent-fullwidth non-hundred-percent-height-scrolling\" style=\"--awb-border-radius-top-left:0px;--awb-border-radius-top-right:0px;--awb-border-radius-bottom-right:0px;--awb-border-radius-bottom-left:0px;--awb-flex-wrap:wrap;\" ><div class=\"fusion-builder-row fusion-row fusion-flex-align-items-flex-start fusion-flex-content-wrap\" style=\"max-width:1216.8px;margin-left: calc(-4% \/ 2 );margin-right: calc(-4% \/ 2 );\"><div class=\"fusion-layout-column fusion_builder_column fusion-builder-column-0 fusion_builder_column_1_1 1_1 fusion-flex-column\" style=\"--awb-bg-size:cover;--awb-width-large:100%;--awb-margin-top-large:0px;--awb-spacing-right-large:1.92%;--awb-margin-bottom-large:20px;--awb-spacing-left-large:1.92%;--awb-width-medium:100%;--awb-order-medium:0;--awb-spacing-right-medium:1.92%;--awb-spacing-left-medium:1.92%;--awb-width-small:100%;--awb-order-small:0;--awb-spacing-right-small:1.92%;--awb-spacing-left-small:1.92%;\"><div class=\"fusion-column-wrapper fusion-column-has-shadow fusion-flex-justify-content-flex-start fusion-content-layout-column\"><div class=\"fusion-text fusion-text-1\" style=\"--awb-font-size:24px;\"><h4 class=\"news_title\" style=\"font-size: 24px; font-family: Poppins; font-weight: 500;\" data-fusion-font=\"true\" data-fusion-google-font=\"Poppins\" data-fusion-google-variant=\"500\">\u00d6KS\u00dcZ HOSTED THE AMBASSADOR AT HIS HOME<\/h4>\n<\/div><div class=\"fusion-text fusion-text-2\"><p style=\"font-size: 14px;\" data-fusion-font=\"true\">2021-04-17 08:41:50<\/p>\n<\/div><\/div><\/div><\/div><\/div><div class=\"fusion-fullwidth fullwidth-box fusion-builder-row-2 fusion-flex-container has-pattern-background has-mask-background nonhundred-percent-fullwidth non-hundred-percent-height-scrolling\" style=\"--awb-border-radius-top-left:0px;--awb-border-radius-top-right:0px;--awb-border-radius-bottom-right:0px;--awb-border-radius-bottom-left:0px;--awb-flex-wrap:wrap;\" ><div class=\"fusion-builder-row fusion-row fusion-flex-align-items-flex-start fusion-flex-content-wrap\" style=\"max-width:1216.8px;margin-left: calc(-4% \/ 2 );margin-right: calc(-4% \/ 2 );\"><div class=\"fusion-layout-column fusion_builder_column fusion-builder-column-1 fusion_builder_column_1_1 1_1 fusion-flex-column\" style=\"--awb-bg-size:cover;--awb-width-large:100%;--awb-margin-top-large:0px;--awb-spacing-right-large:1.92%;--awb-margin-bottom-large:20px;--awb-spacing-left-large:1.92%;--awb-width-medium:100%;--awb-order-medium:0;--awb-spacing-right-medium:1.92%;--awb-spacing-left-medium:1.92%;--awb-width-small:100%;--awb-order-small:0;--awb-spacing-right-small:1.92%;--awb-spacing-left-small:1.92%;\"><div class=\"fusion-column-wrapper fusion-column-has-shadow fusion-flex-justify-content-flex-start fusion-content-layout-column\"><div class=\"fusion-text fusion-text-3\"><p data-fusion-font=\"true\" style=\"font-size: 16px;\">As part of the European Mobility Week, the Turkey Green Tales Initiative program was held by the Kahramanmara\u015f Metropolitan Municipality.<\/p>\n<p data-fusion-font=\"true\" style=\"font-size: 16px;\">The program, organized at the Necip Faz\u0131l K\u0131sak\u00fcrek Cultural Center, was attended by Kahramanmara\u015f Metropolitan Mayor Hayrettin G\u00fcng\u00f6r,<\/p>\n<p data-fusion-font=\"true\" style=\"font-size: 16px;\">the Dutch Ambassador to Ankara, Marjanne De Kwaasten\u0131et, and the accompanying delegation who came to Kahramanmara\u015f to participate.<\/p>\n<p data-fusion-font=\"true\" style=\"font-size: 16px;\">ollowing the program, the Dutch Ambassador, Netherlands Embassy Economic and Trade Counselor Helene Rekkers, Honorary Consul of the Netherlands in Gaziantep Bora Tezel, and their team paid a courtesy visit to Kipa\u015f Holding Chairman M. Hanefi \u00d6ks\u00fcz at his home, based on the cooperation between the Dutch Embassy and Kipa\u015f Holding on sustainability and environmental issues.<\/p>\n<p data-fusion-font=\"true\" style=\"font-size: 16px;\">During the visit, the care and sensitivity Kipa\u015f Holding shows toward the environment and nature in its investments and operations, as well as its sustainability activities, were discussed, and mutual gifts were exchanged afterward.<\/p>\n<p data-fusion-font=\"true\" style=\"font-size: 16px;\">Regarding the matter, Kipa\u015f Holding Chairman M. Hanefi \u00d6ks\u00fcz said: \u201cThe world is now moving towards green production. Additionally, smart city planning is reducing carbon emissions. The Netherlands is one of the pioneering countries in this regard. It is pleasing for all of us that the honorable ambassador visited our city and, together with Kahramanmara\u015f Mayor Hayrettin G\u00fcng\u00f6r, initiated a project to reduce vehicle use in traffic and encourage our citizens to use bicycles and walk. They heard about Kipa\u015f Holding\u2019s sensitivity toward the environment and nature in all of its activities, as well as the success of our sustainability efforts, which prompted this visit. We thank them for their kind and meaningful visit.\u201d<\/p>\n<\/div><\/div><\/div><\/div><\/div><\/p>","protected":false},"excerpt":{"rendered":"","protected":false},"author":1,"featured_media":0,"parent":0,"menu_order":0,"comment_status":"closed","ping_status":"closed","template":"","meta":{"footnotes":""},"class_list":["post-6891","page","type-page","status-publish","hentry"],"_links":{"self":[{"href":"https:\/\/kipas.com.tr\/en\/wp-json\/wp\/v2\/pages\/6891","targetHints":{"allow":["GET"]}}],"collection":[{"href":"https:\/\/kipas.com.tr\/en\/wp-json\/wp\/v2\/pages"}],"about":[{"href":"https:\/\/kipas.com.tr\/en\/wp-json\/wp\/v2\/types\/page"}],"author":[{"embeddable":true,"href":"https:\/\/kipas.com.tr\/en\/wp-json\/wp\/v2\/users\/1"}],"replies":[{"embeddable":true,"href":"https:\/\/kipas.com.tr\/en\/wp-json\/wp\/v2\/comments?post=6891"}],"version-history":[{"count":3,"href":"https:\/\/kipas.com.tr\/en\/wp-json\/wp\/v2\/pages\/6891\/revisions"}],"predecessor-version":[{"id":6894,"href":"https:\/\/kipas.com.tr\/en\/wp-json\/wp\/v2\/pages\/6891\/revisions\/6894"}],"wp:attachment":[{"href":"https:\/\/kipas.com.tr\/en\/wp-json\/wp\/v2\/media?parent=6891"}],"curies":[{"name":"wp","href":"https:\/\/api.w.org\/{rel}","templated":true}]}}