{"id":6885,"date":"2025-05-16T16:51:02","date_gmt":"2025-05-16T13:51:02","guid":{"rendered":"https:\/\/kipas.com.tr\/?page_id=6885"},"modified":"2025-05-16T16:53:19","modified_gmt":"2025-05-16T13:53:19","slug":"mehmet-hanefi-oksuz-gonlu-zengin-50-is-insani-arasinda-2","status":"publish","type":"page","link":"https:\/\/kipas.com.tr\/en\/mehmet-hanefi-oksuz-gonlu-zengin-50-is-insani-arasinda-2\/","title":{"rendered":"Mehmet Hanefi \u00d6ks\u00fcz Among the \u201c50 Most Generous Businesspeople\u201d"},"content":{"rendered":"<p><div class=\"fusion-fullwidth fullwidth-box fusion-builder-row-1 fusion-flex-container has-pattern-background has-mask-background nonhundred-percent-fullwidth non-hundred-percent-height-scrolling\" style=\"--awb-border-radius-top-left:0px;--awb-border-radius-top-right:0px;--awb-border-radius-bottom-right:0px;--awb-border-radius-bottom-left:0px;--awb-flex-wrap:wrap;\" ><div class=\"fusion-builder-row fusion-row fusion-flex-align-items-flex-start fusion-flex-content-wrap\" style=\"max-width:1216.8px;margin-left: calc(-4% \/ 2 );margin-right: calc(-4% \/ 2 );\"><div class=\"fusion-layout-column fusion_builder_column fusion-builder-column-0 fusion_builder_column_1_1 1_1 fusion-flex-column\" style=\"--awb-bg-size:cover;--awb-width-large:100%;--awb-margin-top-large:0px;--awb-spacing-right-large:1.92%;--awb-margin-bottom-large:20px;--awb-spacing-left-large:1.92%;--awb-width-medium:100%;--awb-order-medium:0;--awb-spacing-right-medium:1.92%;--awb-spacing-left-medium:1.92%;--awb-width-small:100%;--awb-order-small:0;--awb-spacing-right-small:1.92%;--awb-spacing-left-small:1.92%;\"><div class=\"fusion-column-wrapper fusion-column-has-shadow fusion-flex-justify-content-flex-start fusion-content-layout-column\"><div class=\"fusion-text fusion-text-1\" style=\"--awb-font-size:24px;\"><h4 class=\"news_title\" style=\"font-size: 24px; font-family: Poppins; font-weight: 500;\" data-fusion-font=\"true\" data-fusion-google-font=\"Poppins\" data-fusion-google-variant=\"500\">Mehmet Hanefi \u00d6ks\u00fcz Among the \u201c50 Most Generous Businesspeople\u201d<\/h4>\n<\/div><\/div><\/div><\/div><\/div><div class=\"fusion-fullwidth fullwidth-box fusion-builder-row-2 fusion-flex-container has-pattern-background has-mask-background nonhundred-percent-fullwidth non-hundred-percent-height-scrolling\" style=\"--awb-border-radius-top-left:0px;--awb-border-radius-top-right:0px;--awb-border-radius-bottom-right:0px;--awb-border-radius-bottom-left:0px;--awb-flex-wrap:wrap;\" ><div class=\"fusion-builder-row fusion-row fusion-flex-align-items-flex-start fusion-flex-content-wrap\" style=\"max-width:1216.8px;margin-left: calc(-4% \/ 2 );margin-right: calc(-4% \/ 2 );\"><div class=\"fusion-layout-column fusion_builder_column fusion-builder-column-1 fusion_builder_column_1_1 1_1 fusion-flex-column\" style=\"--awb-bg-size:cover;--awb-width-large:100%;--awb-margin-top-large:0px;--awb-spacing-right-large:1.92%;--awb-margin-bottom-large:20px;--awb-spacing-left-large:1.92%;--awb-width-medium:100%;--awb-order-medium:0;--awb-spacing-right-medium:1.92%;--awb-spacing-left-medium:1.92%;--awb-width-small:100%;--awb-order-small:0;--awb-spacing-right-small:1.92%;--awb-spacing-left-small:1.92%;\"><div class=\"fusion-column-wrapper fusion-column-has-shadow fusion-flex-justify-content-flex-start fusion-content-layout-column\"><div class=\"fusion-image-element\" style=\"text-align:left;--awb-max-width:350px;--awb-caption-title-font-family:var(--h2_typography-font-family);--awb-caption-title-font-weight:var(--h2_typography-font-weight);--awb-caption-title-font-style:var(--h2_typography-font-style);--awb-caption-title-size:var(--h2_typography-font-size);--awb-caption-title-transform:var(--h2_typography-text-transform);--awb-caption-title-line-height:var(--h2_typography-line-height);--awb-caption-title-letter-spacing:var(--h2_typography-letter-spacing);\"><span class=\"fusion-imageframe imageframe-none imageframe-1 hover-type-none\"><img decoding=\"async\" width=\"300\" height=\"217\" src=\"https:\/\/kipas.com.tr\/wp-content\/uploads\/2025\/05\/Mehmet-_H_Oksuz.jpg\" data-orig-src=\"https:\/\/kipas.com.tr\/wp-content\/uploads\/2025\/05\/Mehmet-_H_Oksuz-300x217.jpg\" alt class=\"lazyload img-responsive wp-image-6887\" srcset=\"data:image\/svg+xml,%3Csvg%20xmlns%3D%27http%3A%2F%2Fwww.w3.org%2F2000%2Fsvg%27%20width%3D%27932%27%20height%3D%27674%27%20viewBox%3D%270%200%20932%20674%27%3E%3Crect%20width%3D%27932%27%20height%3D%27674%27%20fill-opacity%3D%220%22%2F%3E%3C%2Fsvg%3E\" data-srcset=\"https:\/\/kipas.com.tr\/wp-content\/uploads\/2025\/05\/Mehmet-_H_Oksuz-200x145.jpg 200w, https:\/\/kipas.com.tr\/wp-content\/uploads\/2025\/05\/Mehmet-_H_Oksuz-400x289.jpg 400w, https:\/\/kipas.com.tr\/wp-content\/uploads\/2025\/05\/Mehmet-_H_Oksuz-600x434.jpg 600w, https:\/\/kipas.com.tr\/wp-content\/uploads\/2025\/05\/Mehmet-_H_Oksuz-800x579.jpg 800w, https:\/\/kipas.com.tr\/wp-content\/uploads\/2025\/05\/Mehmet-_H_Oksuz.jpg 932w\" data-sizes=\"auto\" data-orig-sizes=\"(max-width: 1024px) 100vw, (max-width: 640px) 100vw, 300px\" \/><\/span><\/div><\/div><\/div><\/div><\/div><div class=\"fusion-fullwidth fullwidth-box fusion-builder-row-3 fusion-flex-container has-pattern-background has-mask-background nonhundred-percent-fullwidth non-hundred-percent-height-scrolling\" style=\"--awb-border-radius-top-left:0px;--awb-border-radius-top-right:0px;--awb-border-radius-bottom-right:0px;--awb-border-radius-bottom-left:0px;--awb-flex-wrap:wrap;\" ><div class=\"fusion-builder-row fusion-row fusion-flex-align-items-flex-start fusion-flex-content-wrap\" style=\"max-width:1216.8px;margin-left: calc(-4% \/ 2 );margin-right: calc(-4% \/ 2 );\"><div class=\"fusion-layout-column fusion_builder_column fusion-builder-column-2 fusion_builder_column_1_1 1_1 fusion-flex-column\" style=\"--awb-bg-size:cover;--awb-width-large:100%;--awb-margin-top-large:0px;--awb-spacing-right-large:1.92%;--awb-margin-bottom-large:20px;--awb-spacing-left-large:1.92%;--awb-width-medium:100%;--awb-order-medium:0;--awb-spacing-right-medium:1.92%;--awb-spacing-left-medium:1.92%;--awb-width-small:100%;--awb-order-small:0;--awb-spacing-right-small:1.92%;--awb-spacing-left-small:1.92%;\"><div class=\"fusion-column-wrapper fusion-column-has-shadow fusion-flex-justify-content-flex-start fusion-content-layout-column\"><div class=\"fusion-text fusion-text-2\"><p style=\"color: rgb(34, 28, 53); font-size: 14px;\" data-fusion-font=\"true\">Mehmet Hanefi \u00d6ks\u00fcz, Chairman of the Board of Kipa\u015f Holding, was included in Capital magazine\u2019s 5th annual \u201cTurkey\u2019s 50 Most Generous Businesspeople\u201d survey.\n\nKipa\u015f Holding, with over 36 years of experience in textile, cement, paper, energy, education, and logistics investments, contributes significantly to the national economy through sustainable production and environmentally conscious practices. Alongside its social projects, the group supports the nation by building schools, providing scholarships to students, constructing hospitals, opening condolence houses, and offering both in-kind and monetary donations to organizations ranging from the Mehmet\u00e7ik Foundation to sports clubs. Employing around 10,000 people, Kipa\u015f Holding\u2019s Chairman Mehmet Hanefi \u00d6ks\u00fcz was recognized in Capital\u2019s survey.\n\nRecently, M. Hanefi \u00d6ks\u00fcz donated 2.5 million Turkish Lira to the \u201cBiz Bize Yeteriz\u201d (We Are Enough for Each Other) campaign.<\/p>\n<p style=\"color: rgb(34, 28, 53); font-size: 14px;\" data-fusion-font=\"true\">In the list created based on the amount of in-kind and cash donations made by businesspeople across various fields\u2014from environmental initiatives to sports, education, and healthcare\u2014Kipa\u015f Holding\u2019s Chairman of the Board M. Hanefi \u00d6ks\u00fcz is featured alongside prominent businessmen such as the Ko\u00e7 Family, Erman Il\u0131cak, Ahmet Zorlu, Fuat Tosyal\u0131, and Adil Sani Konuko\u011flu.\n\nCommenting on the list published by Capital Magazine, Mehmet Hanefi \u00d6ks\u00fcz said, \u201cWe ranked 31st on the list, which is a source of pride for us. As Kipa\u015f Holding, we will continue to engage in charitable activities and develop social projects. We share what we earn from these lands with the people of these lands. Operating in six main sectors, we provide employment to nearly 10,000 people. As businesspeople, as long as our investments continue, our charitable contributions will continue in the same way.\u201d<\/p>\n<\/div><\/div><\/div><\/div><\/div><\/p>","protected":false},"excerpt":{"rendered":"","protected":false},"author":1,"featured_media":0,"parent":0,"menu_order":0,"comment_status":"closed","ping_status":"closed","template":"","meta":{"footnotes":""},"class_list":["post-6885","page","type-page","status-publish","hentry"],"_links":{"self":[{"href":"https:\/\/kipas.com.tr\/en\/wp-json\/wp\/v2\/pages\/6885","targetHints":{"allow":["GET"]}}],"collection":[{"href":"https:\/\/kipas.com.tr\/en\/wp-json\/wp\/v2\/pages"}],"about":[{"href":"https:\/\/kipas.com.tr\/en\/wp-json\/wp\/v2\/types\/page"}],"author":[{"embeddable":true,"href":"https:\/\/kipas.com.tr\/en\/wp-json\/wp\/v2\/users\/1"}],"replies":[{"embeddable":true,"href":"https:\/\/kipas.com.tr\/en\/wp-json\/wp\/v2\/comments?post=6885"}],"version-history":[{"count":3,"href":"https:\/\/kipas.com.tr\/en\/wp-json\/wp\/v2\/pages\/6885\/revisions"}],"predecessor-version":[{"id":6889,"href":"https:\/\/kipas.com.tr\/en\/wp-json\/wp\/v2\/pages\/6885\/revisions\/6889"}],"wp:attachment":[{"href":"https:\/\/kipas.com.tr\/en\/wp-json\/wp\/v2\/media?parent=6885"}],"curies":[{"name":"wp","href":"https:\/\/api.w.org\/{rel}","templated":true}]}}