{"id":6880,"date":"2025-05-16T16:48:11","date_gmt":"2025-05-16T13:48:11","guid":{"rendered":"https:\/\/kipas.com.tr\/?page_id=6880"},"modified":"2025-05-16T16:49:47","modified_gmt":"2025-05-16T13:49:47","slug":"soke-kagit-fabrikamiz-aciliyor-2","status":"publish","type":"page","link":"https:\/\/kipas.com.tr\/en\/soke-kagit-fabrikamiz-aciliyor-2\/","title":{"rendered":"OUR S\u00d6KE PAPER FACTORY IS OPENING"},"content":{"rendered":"<p><div class=\"fusion-fullwidth fullwidth-box fusion-builder-row-1 fusion-flex-container has-pattern-background has-mask-background nonhundred-percent-fullwidth non-hundred-percent-height-scrolling\" style=\"--awb-border-radius-top-left:0px;--awb-border-radius-top-right:0px;--awb-border-radius-bottom-right:0px;--awb-border-radius-bottom-left:0px;--awb-flex-wrap:wrap;\" ><div class=\"fusion-builder-row fusion-row fusion-flex-align-items-flex-start fusion-flex-content-wrap\" style=\"max-width:1216.8px;margin-left: calc(-4% \/ 2 );margin-right: calc(-4% \/ 2 );\"><div class=\"fusion-layout-column fusion_builder_column fusion-builder-column-0 fusion_builder_column_1_1 1_1 fusion-flex-column\" style=\"--awb-bg-size:cover;--awb-width-large:100%;--awb-margin-top-large:0px;--awb-spacing-right-large:1.92%;--awb-margin-bottom-large:20px;--awb-spacing-left-large:1.92%;--awb-width-medium:100%;--awb-order-medium:0;--awb-spacing-right-medium:1.92%;--awb-spacing-left-medium:1.92%;--awb-width-small:100%;--awb-order-small:0;--awb-spacing-right-small:1.92%;--awb-spacing-left-small:1.92%;\"><div class=\"fusion-column-wrapper fusion-column-has-shadow fusion-flex-justify-content-flex-start fusion-content-layout-column\"><div class=\"fusion-text fusion-text-1\" style=\"--awb-font-size:24px;\"><h4 class=\"news_title\" style=\"font-size: 24px; font-family: Poppins; font-weight: 500;\" data-fusion-font=\"true\" data-fusion-google-font=\"Poppins\" data-fusion-google-variant=\"500\">OUR S\u00d6KE PAPER FACTORY IS OPENING<\/h4>\n<\/div><div class=\"fusion-text fusion-text-2\" style=\"--awb-font-size:14px;\"><p>2021-04-30 20:11:36<\/p>\n<\/div><\/div><\/div><\/div><\/div><div class=\"fusion-fullwidth fullwidth-box fusion-builder-row-2 fusion-flex-container has-pattern-background has-mask-background nonhundred-percent-fullwidth non-hundred-percent-height-scrolling\" style=\"--awb-border-radius-top-left:0px;--awb-border-radius-top-right:0px;--awb-border-radius-bottom-right:0px;--awb-border-radius-bottom-left:0px;--awb-flex-wrap:wrap;\" ><div class=\"fusion-builder-row fusion-row fusion-flex-align-items-flex-start fusion-flex-content-wrap\" style=\"max-width:1216.8px;margin-left: calc(-4% \/ 2 );margin-right: calc(-4% \/ 2 );\"><div class=\"fusion-layout-column fusion_builder_column fusion-builder-column-1 fusion_builder_column_1_1 1_1 fusion-flex-column\" style=\"--awb-bg-size:cover;--awb-width-large:100%;--awb-margin-top-large:0px;--awb-spacing-right-large:1.92%;--awb-margin-bottom-large:20px;--awb-spacing-left-large:1.92%;--awb-width-medium:100%;--awb-order-medium:0;--awb-spacing-right-medium:1.92%;--awb-spacing-left-medium:1.92%;--awb-width-small:100%;--awb-order-small:0;--awb-spacing-right-small:1.92%;--awb-spacing-left-small:1.92%;\"><div class=\"fusion-column-wrapper fusion-column-has-shadow fusion-flex-justify-content-flex-start fusion-content-layout-column\"><div class=\"fusion-text fusion-text-3\"><p data-fusion-font=\"true\" style=\"font-size: 16px;\">Our factory will provide employment for 1,000 people and indirectly create job opportunities for 4,000 more.<\/p>\n<p data-fusion-font=\"true\" style=\"font-size: 16px;\">Our group is establishing Europe\u2019s largest paper production facility in S\u00f6ke. Our plant, which has the highest paper production capacity in Europe, will begin operations by the end of the year. The factory will provide employment for 1,000 people and indirectly create job opportunities for 4,000 more.<\/p>\n<p data-fusion-font=\"true\" style=\"font-size: 16px;\">Our General Coordinator at Maren Energy, Aydo\u011fan Oral, announced: \u201cThe factory that Kipa\u015f established in the S\u00f6ke Organized Industrial Zone covers 310,000 square meters, with 200,000 square meters of indoor space. It will end $300 million worth of paper imports and achieve $225 million in exports.\u201d Oral added, \u201cOur facility will produce 600,000 tons of cardboard, mainly from recycled waste paper, for use in the packaging sector. With additional investments, production will reach 730,000 tons of cardboard. We will continue to turn our country's energy into investments and write new success stories.\u201d\n\nOral also emphasized that the factory, which produces its own energy and meets its water needs from wells opened in B\u00fcy\u00fck Menderes and Ba\u011faras\u0131, consists of four main buildings: the paper machine, power plant, raw water treatment facility, and wastewater treatment plant. The factory will manufacture 100% recycled waste paper products, preventing the destruction of 6,000 hectares of forest annually. He also shared that work has begun on establishing a packaging printing facility following this investment.\n\nKipa\u015f Paper Factory Project Manager Abd\u00fcrrahim Karamanl\u0131 addressed local concerns regarding water use: \u201cWe will reuse our treated water repeatedly. Our water tests show that the quality of our treated water is better than that of the Menderes River. Instead of drawing more water from the Menderes, we will send our discharged water back for treatment. The system is designed accordingly. None of our operations are done secretly from the government; we operate with state approval. It is impossible for us to act without the permission of our government.\u201d<\/p>\n<\/div><\/div><\/div><\/div><\/div><\/p>","protected":false},"excerpt":{"rendered":"","protected":false},"author":1,"featured_media":0,"parent":0,"menu_order":0,"comment_status":"closed","ping_status":"closed","template":"","meta":{"footnotes":""},"class_list":["post-6880","page","type-page","status-publish","hentry"],"_links":{"self":[{"href":"https:\/\/kipas.com.tr\/en\/wp-json\/wp\/v2\/pages\/6880","targetHints":{"allow":["GET"]}}],"collection":[{"href":"https:\/\/kipas.com.tr\/en\/wp-json\/wp\/v2\/pages"}],"about":[{"href":"https:\/\/kipas.com.tr\/en\/wp-json\/wp\/v2\/types\/page"}],"author":[{"embeddable":true,"href":"https:\/\/kipas.com.tr\/en\/wp-json\/wp\/v2\/users\/1"}],"replies":[{"embeddable":true,"href":"https:\/\/kipas.com.tr\/en\/wp-json\/wp\/v2\/comments?post=6880"}],"version-history":[{"count":3,"href":"https:\/\/kipas.com.tr\/en\/wp-json\/wp\/v2\/pages\/6880\/revisions"}],"predecessor-version":[{"id":6883,"href":"https:\/\/kipas.com.tr\/en\/wp-json\/wp\/v2\/pages\/6880\/revisions\/6883"}],"wp:attachment":[{"href":"https:\/\/kipas.com.tr\/en\/wp-json\/wp\/v2\/media?parent=6880"}],"curies":[{"name":"wp","href":"https:\/\/api.w.org\/{rel}","templated":true}]}}