{"id":6854,"date":"2025-05-16T15:54:46","date_gmt":"2025-05-16T12:54:46","guid":{"rendered":"https:\/\/kipas.com.tr\/?page_id=6854"},"modified":"2025-05-16T15:55:46","modified_gmt":"2025-05-16T12:55:46","slug":"anadolu-500e-kipas-holding-damgasi","status":"publish","type":"page","link":"https:\/\/kipas.com.tr\/en\/anadolu-500e-kipas-holding-damgasi\/","title":{"rendered":"KIPA\u015e HOLDING LEAVES ITS MARK ON THE ANATOLIA 500"},"content":{"rendered":"<p><div class=\"fusion-fullwidth fullwidth-box fusion-builder-row-1 fusion-flex-container has-pattern-background has-mask-background nonhundred-percent-fullwidth non-hundred-percent-height-scrolling\" style=\"--awb-border-radius-top-left:0px;--awb-border-radius-top-right:0px;--awb-border-radius-bottom-right:0px;--awb-border-radius-bottom-left:0px;--awb-flex-wrap:wrap;\" ><div class=\"fusion-builder-row fusion-row fusion-flex-align-items-flex-start fusion-flex-content-wrap\" style=\"max-width:1216.8px;margin-left: calc(-4% \/ 2 );margin-right: calc(-4% \/ 2 );\"><div class=\"fusion-layout-column fusion_builder_column fusion-builder-column-0 fusion_builder_column_1_1 1_1 fusion-flex-column\" style=\"--awb-bg-size:cover;--awb-width-large:100%;--awb-margin-top-large:0px;--awb-spacing-right-large:1.92%;--awb-margin-bottom-large:20px;--awb-spacing-left-large:1.92%;--awb-width-medium:100%;--awb-order-medium:0;--awb-spacing-right-medium:1.92%;--awb-spacing-left-medium:1.92%;--awb-width-small:100%;--awb-order-small:0;--awb-spacing-right-small:1.92%;--awb-spacing-left-small:1.92%;\"><div class=\"fusion-column-wrapper fusion-column-has-shadow fusion-flex-justify-content-flex-start fusion-content-layout-column\"><div class=\"fusion-text fusion-text-1\"><h4 class=\"news_title\" style=\"font-size: 24px; font-family: Poppins; font-weight: 500;\" data-fusion-font=\"true\" data-fusion-google-font=\"Poppins\" data-fusion-google-variant=\"500\">\n<p>KIPA\u015e HOLDING LEAVES ITS MARK ON THE ANATOLIA 500<\/p>\n<\/h4>\n<\/div><div class=\"fusion-text fusion-text-2\"><p style=\"font-size: 14px;\" data-fusion-font=\"true\"> 2021-03-19 07:55:33<\/p>\n<\/div><\/div><\/div><\/div><\/div><div class=\"fusion-fullwidth fullwidth-box fusion-builder-row-2 fusion-flex-container has-pattern-background has-mask-background nonhundred-percent-fullwidth non-hundred-percent-height-scrolling\" style=\"--awb-border-radius-top-left:0px;--awb-border-radius-top-right:0px;--awb-border-radius-bottom-right:0px;--awb-border-radius-bottom-left:0px;--awb-flex-wrap:wrap;\" ><div class=\"fusion-builder-row fusion-row fusion-flex-align-items-flex-start fusion-flex-content-wrap\" style=\"max-width:1216.8px;margin-left: calc(-4% \/ 2 );margin-right: calc(-4% \/ 2 );\"><div class=\"fusion-layout-column fusion_builder_column fusion-builder-column-1 fusion_builder_column_1_1 1_1 fusion-flex-column\" style=\"--awb-bg-size:cover;--awb-width-large:100%;--awb-margin-top-large:0px;--awb-spacing-right-large:1.92%;--awb-margin-bottom-large:20px;--awb-spacing-left-large:1.92%;--awb-width-medium:100%;--awb-order-medium:0;--awb-spacing-right-medium:1.92%;--awb-spacing-left-medium:1.92%;--awb-width-small:100%;--awb-order-small:0;--awb-spacing-right-small:1.92%;--awb-spacing-left-small:1.92%;\"><div class=\"fusion-column-wrapper fusion-column-has-shadow fusion-flex-justify-content-flex-start fusion-content-layout-column\"><div class=\"fusion-text fusion-text-3\" style=\"--awb-line-height:1.2;\"><p data-fusion-font=\"true\" style=\"font-size: 18px;\">The \u201cTop 500 Companies of Anatolia\u201d list, compiled based on 2018 financial data and jointly organized by Ekonomist Magazine and Turkish Economy Bank (TEB), has been published. The ranking includes companies operating outside of Istanbul, Ankara, and Izmir.<\/p>\n<p data-fusion-font=\"true\" style=\"font-size: 18px;\">With nearly 10,000 employees and over $1 billion in revenue, our company continues to be a source of pride for Kahramanmara\u015f and remains one of the driving forces of the Turkish economy.<\/p>\n<p data-fusion-font=\"true\" style=\"font-size: 18px;\">With 9 companies ranked in the Anatolia 500, our group achieved the distinction of being the third holding with the most companies on the list\u2014an outstanding success.<\/p>\n<p data-fusion-font=\"true\" style=\"font-size: 18px;\">Founded in 1984 and recognized for its high-tech investments in production, our company has reached major milestones with a workforce of nearly 10,000.<\/p>\n<p data-fusion-font=\"true\" style=\"font-size: 18px;\">Our group, which is the top taxpayer in Kahramanmara\u015f, is also among Turkey\u2019s leading exporters.<\/p>\n<p data-fusion-font=\"true\" style=\"font-size: 18px;\">Active in textiles, paper, energy, cement, and education, Kipa\u015f Holding is also one of Turkey's pioneers in innovation and houses Kahramanmara\u015f\u2019s first Research and Development (R&amp;D) unit.<\/p>\n<p data-fusion-font=\"true\" style=\"font-size: 18px;\">Committed to sustainability without harming the environment and nature, and with a management philosophy centered on people, our group stands as a model holding company.<\/p>\n<p data-fusion-font=\"true\" style=\"font-size: 18px;\">Continuing its investments in 2019, Kipa\u015f Mensucat was ranked 29th in the Anatolia 500 list with its workforce of nearly 5,000 and high-tech production capabilities.<\/p>\n<p data-fusion-font=\"true\" style=\"font-size: 18px;\">Kipa\u015f Paper, which has quickly become a major player in its sector, ranked 67th on the list. The company is continuing its investment in S\u00f6ke, Ayd\u0131n, with a paper facility expected to be commissioned in the third quarter of 2020, aiming for even greater success in the years ahead.<\/p>\n<p data-fusion-font=\"true\" style=\"font-size: 18px;\">With a total cement production capacity of 4 million tons, 14 ready-mix concrete plants across different provinces, and more than 600 employees, K\u00c7S Kipa\u015f Cement and Concrete Industries ranked 150th.<\/p>\n<p data-fusion-font=\"true\" style=\"font-size: 18px;\">Maren Mara\u015f Electricity Production Inc., a geothermal energy producer based in Germencik, Ayd\u0131n, and part of Kipa\u015f Holding, ranked 273rd.<\/p>\n<p data-fusion-font=\"true\" style=\"font-size: 18px;\">Our foreign trade company, Kipa\u015f Pazarlama, maintained its position at 110th, just like last year.<\/p>\n<p data-fusion-font=\"true\" style=\"font-size: 18px;\">Among our affiliates:\n\nAkeda\u015f Retail Sales Inc. ranked 31st,\n\nAkeda\u015f Electricity Distribution Inc. ranked 214th,\n\nErdem Tekstil ranked 244th.<\/p>\n<p data-fusion-font=\"true\" style=\"font-size: 18px;\">Statement from our Chairman, Mr. M. Hanefi \u00d6KS\u00dcZ:<\/p>\n<p data-fusion-font=\"true\" style=\"font-size: 18px;\"> \u201cAs the Kipa\u015f Holding Family, we continue to build on our success year after year. Even in challenging times, we keep growing, producing, and contributing to our national economy through our investments and job creation.<\/p>\n<p data-fusion-font=\"true\" style=\"font-size: 18px;\">Our companies are continuously increasing their production capacities, revenues, and employment. We invest not only in facilities, but also in high technology and skilled labor in order to stay competitive globally.<\/p>\n<p data-fusion-font=\"true\" style=\"font-size: 18px;\">As we always say: it\u2019s not those who work or produce the most that survive, but those who can adapt to change.<\/p>\n<p data-fusion-font=\"true\" style=\"font-size: 18px;\">I would like to extend my sincere thanks to all our employees who work tirelessly day and night. This success and pride belong to them\u2014and to Kahramanmara\u015f.\u201d<\/p>\n<\/div><\/div><\/div><\/div><\/div><\/p>","protected":false},"excerpt":{"rendered":"","protected":false},"author":1,"featured_media":0,"parent":0,"menu_order":0,"comment_status":"closed","ping_status":"closed","template":"","meta":{"footnotes":""},"class_list":["post-6854","page","type-page","status-publish","hentry"],"_links":{"self":[{"href":"https:\/\/kipas.com.tr\/en\/wp-json\/wp\/v2\/pages\/6854","targetHints":{"allow":["GET"]}}],"collection":[{"href":"https:\/\/kipas.com.tr\/en\/wp-json\/wp\/v2\/pages"}],"about":[{"href":"https:\/\/kipas.com.tr\/en\/wp-json\/wp\/v2\/types\/page"}],"author":[{"embeddable":true,"href":"https:\/\/kipas.com.tr\/en\/wp-json\/wp\/v2\/users\/1"}],"replies":[{"embeddable":true,"href":"https:\/\/kipas.com.tr\/en\/wp-json\/wp\/v2\/comments?post=6854"}],"version-history":[{"count":2,"href":"https:\/\/kipas.com.tr\/en\/wp-json\/wp\/v2\/pages\/6854\/revisions"}],"predecessor-version":[{"id":6856,"href":"https:\/\/kipas.com.tr\/en\/wp-json\/wp\/v2\/pages\/6854\/revisions\/6856"}],"wp:attachment":[{"href":"https:\/\/kipas.com.tr\/en\/wp-json\/wp\/v2\/media?parent=6854"}],"curies":[{"name":"wp","href":"https:\/\/api.w.org\/{rel}","templated":true}]}}