{"id":6849,"date":"2025-05-16T15:52:06","date_gmt":"2025-05-16T12:52:06","guid":{"rendered":"https:\/\/kipas.com.tr\/?page_id=6849"},"modified":"2025-05-16T15:53:24","modified_gmt":"2025-05-16T12:53:24","slug":"n-sinem-oksuz-en-guclu-is-kadinlarindan-birisi-2","status":"publish","type":"page","link":"https:\/\/kipas.com.tr\/en\/n-sinem-oksuz-en-guclu-is-kadinlarindan-birisi-2\/","title":{"rendered":"N. S\u0130NEM \u00d6KS\u00dcZ: ONE OF THE MOST INFLUENTIAL BUSINESSWOMEN"},"content":{"rendered":"<p><div class=\"fusion-fullwidth fullwidth-box fusion-builder-row-1 fusion-flex-container has-pattern-background has-mask-background nonhundred-percent-fullwidth non-hundred-percent-height-scrolling\" style=\"--awb-border-radius-top-left:0px;--awb-border-radius-top-right:0px;--awb-border-radius-bottom-right:0px;--awb-border-radius-bottom-left:0px;--awb-flex-wrap:wrap;\" ><div class=\"fusion-builder-row fusion-row fusion-flex-align-items-flex-start fusion-flex-content-wrap\" style=\"max-width:1216.8px;margin-left: calc(-4% \/ 2 );margin-right: calc(-4% \/ 2 );\"><div class=\"fusion-layout-column fusion_builder_column fusion-builder-column-0 fusion_builder_column_1_1 1_1 fusion-flex-column\" style=\"--awb-bg-size:cover;--awb-width-large:100%;--awb-margin-top-large:0px;--awb-spacing-right-large:1.92%;--awb-margin-bottom-large:20px;--awb-spacing-left-large:1.92%;--awb-width-medium:100%;--awb-order-medium:0;--awb-spacing-right-medium:1.92%;--awb-spacing-left-medium:1.92%;--awb-width-small:100%;--awb-order-small:0;--awb-spacing-right-small:1.92%;--awb-spacing-left-small:1.92%;\"><div class=\"fusion-column-wrapper fusion-column-has-shadow fusion-flex-justify-content-flex-start fusion-content-layout-column\"><div class=\"fusion-text fusion-text-1\"><h4 class=\"news_title\" style=\"font-size: 24px; font-family: Poppins; font-weight: 500;\" data-fusion-font=\"true\" data-fusion-google-font=\"Poppins\" data-fusion-google-variant=\"500\">N. S\u0130NEM \u00d6KS\u00dcZ: ONE OF THE MOST INFLUENTIAL BUSINESSWOMEN<\/h4>\n<\/div><div class=\"fusion-text fusion-text-2\"><p style=\"font-size: 14px;\" data-fusion-font=\"true\"> 2021-04-08 13:23:48<\/p>\n<\/div><\/div><\/div><\/div><\/div><div class=\"fusion-fullwidth fullwidth-box fusion-builder-row-2 fusion-flex-container has-pattern-background has-mask-background nonhundred-percent-fullwidth non-hundred-percent-height-scrolling\" style=\"--awb-border-radius-top-left:0px;--awb-border-radius-top-right:0px;--awb-border-radius-bottom-right:0px;--awb-border-radius-bottom-left:0px;--awb-flex-wrap:wrap;\" ><div class=\"fusion-builder-row fusion-row fusion-flex-align-items-flex-start fusion-flex-content-wrap\" style=\"max-width:1216.8px;margin-left: calc(-4% \/ 2 );margin-right: calc(-4% \/ 2 );\"><div class=\"fusion-layout-column fusion_builder_column fusion-builder-column-1 fusion_builder_column_1_1 1_1 fusion-flex-column\" style=\"--awb-bg-size:cover;--awb-width-large:100%;--awb-margin-top-large:0px;--awb-spacing-right-large:1.92%;--awb-margin-bottom-large:20px;--awb-spacing-left-large:1.92%;--awb-width-medium:100%;--awb-order-medium:0;--awb-spacing-right-medium:1.92%;--awb-spacing-left-medium:1.92%;--awb-width-small:100%;--awb-order-small:0;--awb-spacing-right-small:1.92%;--awb-spacing-left-small:1.92%;\"><div class=\"fusion-column-wrapper fusion-column-has-shadow fusion-flex-justify-content-flex-start fusion-content-layout-column\"><div class=\"fusion-text fusion-text-3\" style=\"--awb-line-height:1.2;\"><p data-fusion-font=\"true\" style=\"font-size: 16px;\">Sinem \u00d6ks\u00fcz Dedebayraktar, Board Member of Kipa\u015f Paper Industries Inc., a subsidiary of Kipa\u015f Holding, has been ranked 10th in the \u201cTop 40 CEOs Under 40 in Turkey\u201d list published by Ekonomist Magazine. She also achieved the remarkable distinction of being named the 2nd most powerful female CEO in Turkey.\n\nKnown for her dynamic leadership, strategic investments, and commitment to innovation, Sinem \u00d6ks\u00fcz Dedebayraktar plays a key role in driving growth and value within Kipa\u015f Holding\u2014one of Turkey\u2019s cornerstone conglomerates in the fields of textiles, paper, cement, energy, and education.\n\nFollowing in the footsteps of Kipa\u015f Holding\u2019s Chairman, Hanefi \u00d6ks\u00fcz, Sinem \u00d6ks\u00fcz Dedebayraktar\u2019s success as the General Manager of Kipa\u015f Paper has positioned her among the most influential CEOs in Turkey. Her contributions in terms of employment creation, investment volume, and economic impact underscore her vital role in shaping the future of Turkish industry.<\/p>\n<p data-fusion-font=\"true\" style=\"font-size: 16px;\">Following its investments in the textile and cement industries, Kipa\u015f Holding has strengthened its position in the paper sector, aiming to increase domestic production and reduce foreign dependency. With facilities established in Kahramanmara\u015f, Ayd\u0131n S\u00f6ke, and Bilecik Boz\u00fcy\u00fck, the company not only replaced imported paper types with local production but also significantly boosted exports\u2014contributing directly to the reduction of Turkey\u2019s current account deficit.\n\nAs one of Turkey\u2019s top 100 largest industrial enterprises, Kipa\u015f Holding operates across six sectors and provides employment for over ten thousand people. The company\u2019s strategic moves in the paper industry have attracted widespread recognition from national and international business media.\n\nBusiness Life, a globally circulated economics magazine, recently featured Kipa\u015f Holding Chairman Hanefi \u00d6ks\u00fcz among the 50 most influential figures in Turkish business. Shortly before that, Ekonomist Magazine had ranked him 11th in its list of the most influential businesspeople in Anatolia. Following in his footsteps, Sinem \u00d6ks\u00fcz Dedebayraktar, who has taken an active role in the planning, investment, and operations of the new paper facilities, also entered the same influential list at a high position, underlining her growing impact in the sector.<\/p>\n<p data-fusion-font=\"true\" style=\"font-size: 16px;\" class=\"translation-block\">ONE OF TURKEY\u2019S TWO MOST POWERFUL WOMEN CEOS\nWhile the paper plants in Kahramanmara\u015f and Bilecik Boz\u00fcy\u00fck continue their production success at full speed, Europe\u2019s largest facility located in the S\u00f6ke district of Ayd\u0131n is set to become operational in the first quarter of 2020.\n\nSinem \u00d6ks\u00fcz Dedebayraktar, a Member of the Board of Directors at Kipa\u015f Holding and General Manager of the Paper Plants, who has been closely involved with all paper investments and dedicated significant time and effort, ranked 10th in Ekonomist Magazine\u2019s research on \u201cTurkey\u2019s 40 Most Powerful CEOs Under 40.\u201d\n\nAmong female business leaders under the age of 40, the 30-year-old \u00d6ks\u00fcz Dedebayraktar was named Turkey\u2019s 2nd most powerful female CEO, earning wide admiration for her achievement.<\/p>\n<\/div><\/div><\/div><\/div><\/div><\/p>","protected":false},"excerpt":{"rendered":"","protected":false},"author":1,"featured_media":0,"parent":0,"menu_order":0,"comment_status":"closed","ping_status":"closed","template":"","meta":{"footnotes":""},"class_list":["post-6849","page","type-page","status-publish","hentry"],"_links":{"self":[{"href":"https:\/\/kipas.com.tr\/en\/wp-json\/wp\/v2\/pages\/6849","targetHints":{"allow":["GET"]}}],"collection":[{"href":"https:\/\/kipas.com.tr\/en\/wp-json\/wp\/v2\/pages"}],"about":[{"href":"https:\/\/kipas.com.tr\/en\/wp-json\/wp\/v2\/types\/page"}],"author":[{"embeddable":true,"href":"https:\/\/kipas.com.tr\/en\/wp-json\/wp\/v2\/users\/1"}],"replies":[{"embeddable":true,"href":"https:\/\/kipas.com.tr\/en\/wp-json\/wp\/v2\/comments?post=6849"}],"version-history":[{"count":3,"href":"https:\/\/kipas.com.tr\/en\/wp-json\/wp\/v2\/pages\/6849\/revisions"}],"predecessor-version":[{"id":6852,"href":"https:\/\/kipas.com.tr\/en\/wp-json\/wp\/v2\/pages\/6849\/revisions\/6852"}],"wp:attachment":[{"href":"https:\/\/kipas.com.tr\/en\/wp-json\/wp\/v2\/media?parent=6849"}],"curies":[{"name":"wp","href":"https:\/\/api.w.org\/{rel}","templated":true}]}}