{"id":6845,"date":"2025-05-16T15:48:35","date_gmt":"2025-05-16T12:48:35","guid":{"rendered":"https:\/\/kipas.com.tr\/?page_id=6845"},"modified":"2025-05-16T15:50:10","modified_gmt":"2025-05-16T12:50:10","slug":"kipas-holding-turkiyenin-en-buyuk-93uncu-ihracatcisi-oldu-2","status":"publish","type":"page","link":"https:\/\/kipas.com.tr\/en\/kipas-holding-turkiyenin-en-buyuk-93uncu-ihracatcisi-oldu-2\/","title":{"rendered":"Kipa\u015f Holding became Turkey\u2019s 93rd largest exporter."},"content":{"rendered":"<p><div class=\"fusion-fullwidth fullwidth-box fusion-builder-row-1 fusion-flex-container has-pattern-background has-mask-background nonhundred-percent-fullwidth non-hundred-percent-height-scrolling\" style=\"--awb-border-radius-top-left:0px;--awb-border-radius-top-right:0px;--awb-border-radius-bottom-right:0px;--awb-border-radius-bottom-left:0px;--awb-flex-wrap:wrap;\" ><div class=\"fusion-builder-row fusion-row fusion-flex-align-items-flex-start fusion-flex-content-wrap\" style=\"max-width:1216.8px;margin-left: calc(-4% \/ 2 );margin-right: calc(-4% \/ 2 );\"><div class=\"fusion-layout-column fusion_builder_column fusion-builder-column-0 fusion_builder_column_1_1 1_1 fusion-flex-column\" style=\"--awb-bg-size:cover;--awb-width-large:100%;--awb-margin-top-large:0px;--awb-spacing-right-large:1.92%;--awb-margin-bottom-large:20px;--awb-spacing-left-large:1.92%;--awb-width-medium:100%;--awb-order-medium:0;--awb-spacing-right-medium:1.92%;--awb-spacing-left-medium:1.92%;--awb-width-small:100%;--awb-order-small:0;--awb-spacing-right-small:1.92%;--awb-spacing-left-small:1.92%;\"><div class=\"fusion-column-wrapper fusion-column-has-shadow fusion-flex-justify-content-flex-start fusion-content-layout-column\"><div class=\"fusion-text fusion-text-1\"><h4 class=\"news_title\" style=\"font-size: 24px; font-family: Poppins; font-weight: 500;\" data-fusion-font=\"true\" data-fusion-google-font=\"Poppins\" data-fusion-google-variant=\"500\">Kipa\u015f Holding became Turkey\u2019s 93rd largest exporter.<\/h4>\n<\/div><div class=\"fusion-text fusion-text-2\"><p style=\"font-size: 14px;\" data-fusion-font=\"true\">2021-04-08 13:25:31<\/p>\n<\/div><\/div><\/div><\/div><\/div><div class=\"fusion-fullwidth fullwidth-box fusion-builder-row-2 fusion-flex-container has-pattern-background has-mask-background nonhundred-percent-fullwidth non-hundred-percent-height-scrolling\" style=\"--awb-border-radius-top-left:0px;--awb-border-radius-top-right:0px;--awb-border-radius-bottom-right:0px;--awb-border-radius-bottom-left:0px;--awb-flex-wrap:wrap;\" ><div class=\"fusion-builder-row fusion-row fusion-flex-align-items-flex-start fusion-flex-content-wrap\" style=\"max-width:1216.8px;margin-left: calc(-4% \/ 2 );margin-right: calc(-4% \/ 2 );\"><div class=\"fusion-layout-column fusion_builder_column fusion-builder-column-1 fusion_builder_column_1_1 1_1 fusion-flex-column\" style=\"--awb-bg-size:cover;--awb-width-large:100%;--awb-margin-top-large:0px;--awb-spacing-right-large:1.92%;--awb-margin-bottom-large:20px;--awb-spacing-left-large:1.92%;--awb-width-medium:100%;--awb-order-medium:0;--awb-spacing-right-medium:1.92%;--awb-spacing-left-medium:1.92%;--awb-width-small:100%;--awb-order-small:0;--awb-spacing-right-small:1.92%;--awb-spacing-left-small:1.92%;\"><div class=\"fusion-column-wrapper fusion-column-has-shadow fusion-flex-justify-content-flex-start fusion-content-layout-column\"><div class=\"fusion-text fusion-text-3\" style=\"--awb-line-height:1.2;\"><p data-fusion-font=\"true\" style=\"font-size: 18px;\">Kipa\u015f Holding ranked 100th in the ISO Top 500 list according to the 2018 data from the annual research conducted by the Istanbul Chamber of Industry.<\/p>\n<p data-fusion-font=\"true\" style=\"font-size: 18px;\">Kipa\u015f Holding succeeded in ranking 100th in the ISO Top 500 list based on 2018 data in the annual research conducted by the Istanbul Chamber of Industry.<\/p>\n<p data-fusion-font=\"true\" style=\"font-size: 18px;\">Founded on agricultural experience gained in 1980 and transferred to the textile sector, Kipa\u015f has today reached an important position in Turkey and its native regions with a turnover exceeding 1 billion dollars across 6 sectors. In the 2018 ISO Top 500 list, Kipa\u015f Holding ranked 100th with Kipa\u015f Mensucat, Kipa\u015f Ka\u011f\u0131t, and K\u00c7S Kipa\u015f \u00c7imento, and secured the 93rd place in the top 1000 exporters list.<\/p>\n<p data-fusion-font=\"true\" style=\"font-size: 18px;\">\u201cRaised its exports during challenging times\u201d<\/p>\n<p data-fusion-font=\"true\" style=\"font-size: 18px;\">Mehmet Hanefi \u00d6ks\u00fcz, Chairman of the Board of Kipa\u015f Holding, who writes Kipa\u015f\u2019s success story together with its employees, stated that they will continue to rank high both in terms of employment and investment.<\/p>\n<p data-fusion-font=\"true\" style=\"font-size: 18px;\">\u00d6ks\u00fcz said, \u201cAs Kipa\u015f Holding, we were listed by the Istanbul Chamber of Industry with Kipa\u015f Mensucat, Kipa\u015f Ka\u011f\u0131t, and K\u00c7S Kipa\u015f \u00c7imento. We are especially proud that Kipa\u015f Mensucat is among the top 100 companies in the ISO First 500 list, bringing this honor to Kahramanmara\u015f. As you know, this is the first time a company from Kahramanmara\u015f has made it into the top 100 of this important list. At Kipa\u015f, through our investments and employment initiatives, we will continue to contribute to both our city and our country, aiming to climb even higher each year. I would also like to sincerely thank all our managers and employees who have supported these achievements.\u201d<\/p>\n<\/div><\/div><\/div><\/div><\/div><\/p>","protected":false},"excerpt":{"rendered":"","protected":false},"author":1,"featured_media":0,"parent":0,"menu_order":0,"comment_status":"closed","ping_status":"closed","template":"","meta":{"footnotes":""},"class_list":["post-6845","page","type-page","status-publish","hentry"],"_links":{"self":[{"href":"https:\/\/kipas.com.tr\/en\/wp-json\/wp\/v2\/pages\/6845","targetHints":{"allow":["GET"]}}],"collection":[{"href":"https:\/\/kipas.com.tr\/en\/wp-json\/wp\/v2\/pages"}],"about":[{"href":"https:\/\/kipas.com.tr\/en\/wp-json\/wp\/v2\/types\/page"}],"author":[{"embeddable":true,"href":"https:\/\/kipas.com.tr\/en\/wp-json\/wp\/v2\/users\/1"}],"replies":[{"embeddable":true,"href":"https:\/\/kipas.com.tr\/en\/wp-json\/wp\/v2\/comments?post=6845"}],"version-history":[{"count":2,"href":"https:\/\/kipas.com.tr\/en\/wp-json\/wp\/v2\/pages\/6845\/revisions"}],"predecessor-version":[{"id":6847,"href":"https:\/\/kipas.com.tr\/en\/wp-json\/wp\/v2\/pages\/6845\/revisions\/6847"}],"wp:attachment":[{"href":"https:\/\/kipas.com.tr\/en\/wp-json\/wp\/v2\/media?parent=6845"}],"curies":[{"name":"wp","href":"https:\/\/api.w.org\/{rel}","templated":true}]}}