{"id":6828,"date":"2025-05-16T15:34:22","date_gmt":"2025-05-16T12:34:22","guid":{"rendered":"https:\/\/kipas.com.tr\/?page_id=6828"},"modified":"2025-05-16T15:37:40","modified_gmt":"2025-05-16T12:37:40","slug":"m-hanefi-oksuz-en-etkili-11-is-adamindan-birisi","status":"publish","type":"page","link":"https:\/\/kipas.com.tr\/en\/m-hanefi-oksuz-en-etkili-11-is-adamindan-birisi\/","title":{"rendered":"M.HANEF\u0130 \u00d6KS\u00dcZ EN ETK\u0130L\u0130 11 \u0130\u015e ADAMINDAN B\u0130R\u0130S\u0130"},"content":{"rendered":"<p><div class=\"fusion-fullwidth fullwidth-box fusion-builder-row-1 fusion-flex-container has-pattern-background has-mask-background nonhundred-percent-fullwidth non-hundred-percent-height-scrolling\" style=\"--awb-border-radius-top-left:0px;--awb-border-radius-top-right:0px;--awb-border-radius-bottom-right:0px;--awb-border-radius-bottom-left:0px;--awb-flex-wrap:wrap;\" ><div class=\"fusion-builder-row fusion-row fusion-flex-align-items-flex-start fusion-flex-content-wrap\" style=\"max-width:1216.8px;margin-left: calc(-4% \/ 2 );margin-right: calc(-4% \/ 2 );\"><div class=\"fusion-layout-column fusion_builder_column fusion-builder-column-0 fusion_builder_column_1_1 1_1 fusion-flex-column\" style=\"--awb-bg-size:cover;--awb-width-large:100%;--awb-margin-top-large:0px;--awb-spacing-right-large:1.92%;--awb-margin-bottom-large:20px;--awb-spacing-left-large:1.92%;--awb-width-medium:100%;--awb-order-medium:0;--awb-spacing-right-medium:1.92%;--awb-spacing-left-medium:1.92%;--awb-width-small:100%;--awb-order-small:0;--awb-spacing-right-small:1.92%;--awb-spacing-left-small:1.92%;\"><div class=\"fusion-column-wrapper fusion-column-has-shadow fusion-flex-justify-content-flex-start fusion-content-layout-column\"><div class=\"fusion-text fusion-text-1\" style=\"--awb-font-size:24px;--awb-text-font-family:&quot;Poppins&quot;;--awb-text-font-style:normal;--awb-text-font-weight:400;\"><h4 class=\"news_title\" data-fusion-font=\"true\" style=\"font-size: 24px; font-family: Poppins; font-weight: 500;\" data-fusion-google-font=\"Poppins\" data-fusion-google-variant=\"500\">M. HANEFI \u00d6KS\u00dcZ; ONE OF THE TOP 11 MOST INFLUENTIAL BUSINESSMEN<\/h4>\n<\/div><div class=\"fusion-text fusion-text-2\" style=\"--awb-font-size:14px;--awb-text-font-family:&quot;Poppins&quot;;--awb-text-font-style:normal;--awb-text-font-weight:300;\"><p>&nbsp;2021-03-19 08:28:46<\/p>\n<\/div><\/div><\/div><\/div><\/div><div class=\"fusion-fullwidth fullwidth-box fusion-builder-row-2 fusion-flex-container has-pattern-background has-mask-background nonhundred-percent-fullwidth non-hundred-percent-height-scrolling\" style=\"--awb-border-radius-top-left:0px;--awb-border-radius-top-right:0px;--awb-border-radius-bottom-right:0px;--awb-border-radius-bottom-left:0px;--awb-flex-wrap:wrap;\" ><div class=\"fusion-builder-row fusion-row fusion-flex-align-items-flex-start fusion-flex-content-wrap\" style=\"max-width:1216.8px;margin-left: calc(-4% \/ 2 );margin-right: calc(-4% \/ 2 );\"><div class=\"fusion-layout-column fusion_builder_column fusion-builder-column-1 fusion_builder_column_1_1 1_1 fusion-flex-column\" style=\"--awb-bg-size:cover;--awb-width-large:100%;--awb-margin-top-large:0px;--awb-spacing-right-large:1.92%;--awb-margin-bottom-large:20px;--awb-spacing-left-large:1.92%;--awb-width-medium:100%;--awb-order-medium:0;--awb-spacing-right-medium:1.92%;--awb-spacing-left-medium:1.92%;--awb-width-small:100%;--awb-order-small:0;--awb-spacing-right-small:1.92%;--awb-spacing-left-small:1.92%;\"><div class=\"fusion-column-wrapper fusion-column-has-shadow fusion-flex-justify-content-flex-start fusion-content-layout-column\"><div class=\"fusion-text fusion-text-3\" style=\"--awb-font-size:16px;--awb-line-height:1.2;--awb-text-font-family:&quot;Poppins&quot;;--awb-text-font-style:normal;--awb-text-font-weight:300;\"><p>Our Chairman of the Board, Hanefi \u00d6ks\u00fcz, rose to 11th place in the ranking of the 50 most influential businesspeople in Anatolia. In a 2018 study conducted by Business Life, a national and international economic magazine, he was selected as one of the top 50 most influential figures shaping Turkey\u2019s business world. Continuing his success, our Chairman Hanefi \u00d6ks\u00fcz was also featured in the 2019 list of \u201cThe 50 Most Influential Businesspeople in Anatolia\u201d by Ekonomist magazine.<\/p>\n<p>This year marks the 7th edition of the research conducted by Ekonomist magazine, which ranks business leaders emerging from Anatolia. The 2019 results of the \u201cAnatolia\u2019s 50 Most Influential Businesspeople\u201d study have been announced. In this research, the magazine examined economic activities, employment, revenues, influence in the business world, as well as social efforts and involvement in non-governmental organizations of businesspeople from cities outside Istanbul, Ankara, and Izmir to determine the top 50.<\/p>\n<p>Two names from the Kipa\u015f family were included in the 2019 list. Our Chairman of the Board, Hanefi \u00d6ks\u00fcz, who ranked 12th in the 2017 list, moved up to 11th place in the 2019 research. Additionally, another member of the Kipa\u015f family joined the list for the first time. Ahmet \u00d6ks\u00fcz, our Board Member who was elected Chairman of the Istanbul Textile and Raw Materials Exporters\u2019 Association (\u0130TH\u0130B) at the General Assembly held on April 20, 2018, ranked 19th in his debut.\n\nWith investments spanning sectors such as textiles, ready-to-wear, cement, energy, paper, agriculture, and education, our group remains one of the key players in the Turkish economy and continues to appear at the top of national and regional business rankings. The success of Hanefi \u00d6ks\u00fcz and Ahmet \u00d6ks\u00fcz\u2014both among the top 20 names shaping Turkish business\u2014also resonated strongly in Kahramanmara\u015f, the hometown of our group, making us once again a source of pride for the city.<\/p>\n<\/div><\/div><\/div><\/div><\/div><\/p>","protected":false},"excerpt":{"rendered":"","protected":false},"author":1,"featured_media":0,"parent":0,"menu_order":0,"comment_status":"closed","ping_status":"closed","template":"","meta":{"footnotes":""},"class_list":["post-6828","page","type-page","status-publish","hentry"],"_links":{"self":[{"href":"https:\/\/kipas.com.tr\/en\/wp-json\/wp\/v2\/pages\/6828","targetHints":{"allow":["GET"]}}],"collection":[{"href":"https:\/\/kipas.com.tr\/en\/wp-json\/wp\/v2\/pages"}],"about":[{"href":"https:\/\/kipas.com.tr\/en\/wp-json\/wp\/v2\/types\/page"}],"author":[{"embeddable":true,"href":"https:\/\/kipas.com.tr\/en\/wp-json\/wp\/v2\/users\/1"}],"replies":[{"embeddable":true,"href":"https:\/\/kipas.com.tr\/en\/wp-json\/wp\/v2\/comments?post=6828"}],"version-history":[{"count":3,"href":"https:\/\/kipas.com.tr\/en\/wp-json\/wp\/v2\/pages\/6828\/revisions"}],"predecessor-version":[{"id":6831,"href":"https:\/\/kipas.com.tr\/en\/wp-json\/wp\/v2\/pages\/6828\/revisions\/6831"}],"wp:attachment":[{"href":"https:\/\/kipas.com.tr\/en\/wp-json\/wp\/v2\/media?parent=6828"}],"curies":[{"name":"wp","href":"https:\/\/api.w.org\/{rel}","templated":true}]}}