{"id":5256,"date":"2025-04-29T10:16:49","date_gmt":"2025-04-29T07:16:49","guid":{"rendered":"https:\/\/kipas.com.tr\/?page_id=5256"},"modified":"2025-05-26T16:32:30","modified_gmt":"2025-05-26T13:32:30","slug":"staj-uygulamalari","status":"publish","type":"page","link":"https:\/\/kipas.com.tr\/en\/staj-uygulamalari\/","title":{"rendered":"Internship Applications"},"content":{"rendered":"<p><div class=\"fusion-fullwidth fullwidth-box fusion-builder-row-1 fusion-flex-container has-pattern-background has-mask-background nonhundred-percent-fullwidth non-hundred-percent-height-scrolling\" style=\"--awb-border-radius-top-left:0px;--awb-border-radius-top-right:0px;--awb-border-radius-bottom-right:0px;--awb-border-radius-bottom-left:0px;--awb-flex-wrap:wrap;\" ><div class=\"fusion-builder-row fusion-row fusion-flex-align-items-flex-start fusion-flex-content-wrap\" style=\"max-width:1216.8px;margin-left: calc(-4% \/ 2 );margin-right: calc(-4% \/ 2 );\"><div class=\"fusion-layout-column fusion_builder_column fusion-builder-column-0 fusion_builder_column_1_1 1_1 fusion-flex-column\" style=\"--awb-bg-size:cover;--awb-width-large:100%;--awb-margin-top-large:0px;--awb-spacing-right-large:1.92%;--awb-margin-bottom-large:20px;--awb-spacing-left-large:1.92%;--awb-width-medium:100%;--awb-order-medium:0;--awb-spacing-right-medium:1.92%;--awb-spacing-left-medium:1.92%;--awb-width-small:100%;--awb-order-small:0;--awb-spacing-right-small:1.92%;--awb-spacing-left-small:1.92%;\"><div class=\"fusion-column-wrapper fusion-column-has-shadow fusion-flex-justify-content-flex-start fusion-content-layout-column\"><div class=\"fusion-title title fusion-title-1 fusion-title-center fusion-title-text fusion-title-size-two\" style=\"--awb-text-color:#003087;--awb-font-size:40px;\"><div class=\"title-sep-container title-sep-container-left\"><div class=\"title-sep sep- sep-solid\" style=\"border-color:var(--awb-color3);\"><\/div><\/div><span class=\"awb-title-spacer\"><\/span><h2 class=\"fusion-title-heading title-heading-center fusion-responsive-typography-calculated\" style=\"font-family:&quot;Poppins&quot;;font-style:normal;font-weight:300;margin:0;font-size:1em;text-transform:capitalize;--fontSize:40;line-height:var(--awb-typography1-line-height);\"><p style=\"text-align: center;\">INTERNSHIP APPLICATIONS<\/p><\/h2><span class=\"awb-title-spacer\"><\/span><div class=\"title-sep-container title-sep-container-right\"><div class=\"title-sep sep- sep-solid\" style=\"border-color:var(--awb-color3);\"><\/div><\/div><\/div><div class=\"fusion-separator fusion-has-icon\" style=\"align-self: center;margin-left: auto;margin-right: auto;margin-top:-25px;width:100%;max-width:350px;\"><div class=\"fusion-separator-border sep-single sep-solid\" style=\"--awb-height:20px;--awb-amount:20px;--awb-sep-color:#c8a977;border-color:#c8a977;border-top-width:3px;\"><\/div><span class=\"icon-wrapper\" style=\"border-color:#c8a977;background-color:#c8a977;font-size:16px;width: 1.75em; height: 1.75em;border-width:3px;padding:3px;margin-top:-1.5px\"><i class=\"fa-angle-down fas\" style=\"font-size: inherit;color:var(--awb-color2);\" aria-hidden=\"true\"><\/i><\/span><div class=\"fusion-separator-border sep-single sep-solid\" style=\"--awb-height:20px;--awb-amount:20px;--awb-sep-color:#c8a977;border-color:#c8a977;border-top-width:3px;\"><\/div><\/div><div class=\"fusion-text fusion-text-1\" style=\"--awb-font-size:16px;--awb-text-color:#003087;--awb-text-font-family:&quot;Poppins&quot;;--awb-text-font-style:normal;--awb-text-font-weight:300;\"><div>Kipa\u015f Holding always welcomes the cooperation of educational institutions and industrial organizations in order to ensure that the internship needs of the departments are met in line with its objectives, policies and principles, and positively approaches internship requests from secondary education and higher education. During the internship, programs are designed to support the career choices and personal development of the students as well as adding value to Kipa\u015f Holding.<\/div>\n<div><\/div>\n<div><\/div>\n<p><strong style=\"font-family: Poppins; font-weight: bold;\" data-fusion-font=\"true\" data-fusion-google-font=\"Poppins\" data-fusion-google-variant=\"700\">Our Internship Program for Vocational High Schools<\/strong><\/p>\n<p>We try to create an opportunity to apply the theoretical knowledge they see in schools within our quota for the Vocational High School students, whom we are obliged to employ within the framework of the law numbered 3308, and we take care to prepare them for the future in the best possible way. This practice goes on from opening of schools until closing of the last year of high school. Each school determines their students.<\/p>\n<p><strong style=\"font-family: Poppins; font-weight: bold;\" data-fusion-font=\"true\" data-fusion-google-font=\"Poppins\" data-fusion-google-variant=\"700\">Our Internship Program for Universities<\/strong><\/p>\n<p>It is one of our main goals to create the opportunity for these young people, whom we see as the guarantee of our future, to apply the theoretical knowledge they see at school in our company and to prepare them for the business environment in the best way. Our total quota is designated by declaration of Business Managers. There are 2 semesters of 1.5 months during the 3-month summer break.<\/p>\n<\/div><\/div><\/div><\/div><\/div><div class=\"fusion-fullwidth fullwidth-box fusion-builder-row-2 fusion-flex-container has-pattern-background has-mask-background nonhundred-percent-fullwidth non-hundred-percent-height-scrolling\" style=\"--awb-border-radius-top-left:0px;--awb-border-radius-top-right:0px;--awb-border-radius-bottom-right:0px;--awb-border-radius-bottom-left:0px;--awb-flex-wrap:wrap;\" ><div class=\"fusion-builder-row fusion-row fusion-flex-align-items-flex-start fusion-flex-content-wrap\" style=\"max-width:1216.8px;margin-left: calc(-4% \/ 2 );margin-right: calc(-4% \/ 2 );\"><div class=\"fusion-layout-column fusion_builder_column fusion-builder-column-1 fusion_builder_column_1_1 1_1 fusion-flex-column\" style=\"--awb-bg-size:cover;--awb-width-large:100%;--awb-margin-top-large:0px;--awb-spacing-right-large:1.92%;--awb-margin-bottom-large:20px;--awb-spacing-left-large:1.92%;--awb-width-medium:100%;--awb-order-medium:0;--awb-spacing-right-medium:1.92%;--awb-spacing-left-medium:1.92%;--awb-width-small:100%;--awb-order-small:0;--awb-spacing-right-small:1.92%;--awb-spacing-left-small:1.92%;\"><div class=\"fusion-column-wrapper fusion-column-has-shadow fusion-flex-justify-content-flex-start fusion-content-layout-column\"><div class=\"accordian fusion-accordian\" style=\"--awb-border-size:1px;--awb-icon-size:16px;--awb-content-font-size:19px;--awb-icon-alignment:right;--awb-hover-color:var(--awb-color2);--awb-border-color:#003087;--awb-background-color:var(--awb-color1);--awb-divider-color:var(--awb-color2);--awb-divider-hover-color:var(--awb-color2);--awb-icon-color:var(--awb-color1);--awb-title-color:#003087;--awb-content-color:#003087;--awb-icon-box-color:#003087;--awb-toggle-hover-accent-color:#003087;--awb-title-font-family:&quot;Poppins&quot;;--awb-title-font-weight:300;--awb-title-font-style:normal;--awb-title-font-size:18px;--awb-content-font-family:&quot;Poppins&quot;;--awb-content-font-style:normal;--awb-content-font-weight:300;\"><div class=\"panel-group fusion-toggle-icon-right fusion-toggle-icon-boxed\" id=\"accordion-5256-1\"><div class=\"fusion-panel panel-default panel-e19fa6bea6904b04a fusion-toggle-no-divider fusion-toggle-boxed-mode\" style=\"--awb-content-font-size:16px;--awb-content-line-height:1.2;--awb-content-font-family:&quot;Poppins&quot;;--awb-content-font-style:normal;--awb-content-font-weight:300;--awb-title-font-family:&quot;Poppins&quot;;--awb-title-font-weight:400;--awb-title-font-style:normal;--awb-title-font-size:21px;--awb-title-text-transform:uppercase;--awb-title-color:#003087;\"><div class=\"panel-heading\"><h4 class=\"panel-title toggle\" id=\"toggle_e19fa6bea6904b04a\"><a aria-expanded=\"false\" aria-controls=\"e19fa6bea6904b04a\" role=\"button\" data-toggle=\"collapse\" data-parent=\"#accordion-5256-1\" data-target=\"#e19fa6bea6904b04a\" href=\"#e19fa6bea6904b04a\"><span class=\"fusion-toggle-icon-wrapper\" aria-hidden=\"true\"><i class=\"fa-fusion-box active-icon fa-angle-down fas\" aria-hidden=\"true\"><\/i><i class=\"fa-fusion-box inactive-icon fa-angle-right fas\" aria-hidden=\"true\"><\/i><\/span><span class=\"fusion-toggle-heading\">Authority and Responsibility<\/span><\/a><\/h4><\/div><div id=\"e19fa6bea6904b04a\" class=\"panel-collapse collapse\" aria-labelledby=\"toggle_e19fa6bea6904b04a\"><div class=\"panel-body toggle-content fusion-clearfix\">\n<ul>\n<li>Human Resources Unit it is responsible for receiving and approving the internship applications from the relevant units, distributing them to the relevant units and coordination during the internship period.<\/li>\n<\/ul>\n<ul>\n<li>Department Management is responsible for the correct determination and demand of the number of interns depending on the number of employees and the variety of work done within the team. In addition, each team has a senior employee responsible for the intern students so that the trainees gain knowledge and improve themselves during their internship.<\/li>\n<\/ul>\n<ul>\n<li>The Senior Employee Responsible for Interns keeps a record of the absences of the interns and reports them to the Human Resources Unit daily.<\/li>\n<\/ul>\n<\/div><\/div><\/div><\/div><\/div><\/div><\/div><\/div><\/div><div class=\"fusion-fullwidth fullwidth-box fusion-builder-row-3 fusion-flex-container has-pattern-background has-mask-background nonhundred-percent-fullwidth non-hundred-percent-height-scrolling\" style=\"--awb-border-radius-top-left:0px;--awb-border-radius-top-right:0px;--awb-border-radius-bottom-right:0px;--awb-border-radius-bottom-left:0px;--awb-flex-wrap:wrap;\" ><div class=\"fusion-builder-row fusion-row fusion-flex-align-items-flex-start fusion-flex-content-wrap\" style=\"max-width:1216.8px;margin-left: calc(-4% \/ 2 );margin-right: calc(-4% \/ 2 );\"><div class=\"fusion-layout-column fusion_builder_column fusion-builder-column-2 fusion_builder_column_1_1 1_1 fusion-flex-column\" style=\"--awb-bg-size:cover;--awb-width-large:100%;--awb-margin-top-large:0px;--awb-spacing-right-large:1.92%;--awb-margin-bottom-large:20px;--awb-spacing-left-large:1.92%;--awb-width-medium:100%;--awb-order-medium:0;--awb-spacing-right-medium:1.92%;--awb-spacing-left-medium:1.92%;--awb-width-small:100%;--awb-order-small:0;--awb-spacing-right-small:1.92%;--awb-spacing-left-small:1.92%;\"><div class=\"fusion-column-wrapper fusion-column-has-shadow fusion-flex-justify-content-flex-start fusion-content-layout-column\"><div class=\"accordian fusion-accordian\" style=\"--awb-border-size:1px;--awb-icon-size:16px;--awb-content-font-size:19px;--awb-icon-alignment:right;--awb-hover-color:var(--awb-color2);--awb-border-color:#003087;--awb-background-color:var(--awb-color1);--awb-divider-color:var(--awb-color2);--awb-divider-hover-color:var(--awb-color2);--awb-icon-color:var(--awb-color1);--awb-title-color:#003087;--awb-content-color:#003087;--awb-icon-box-color:#003087;--awb-toggle-hover-accent-color:#003087;--awb-title-font-family:&quot;Poppins&quot;;--awb-title-font-weight:300;--awb-title-font-style:normal;--awb-title-font-size:18px;--awb-content-font-family:&quot;Poppins&quot;;--awb-content-font-style:normal;--awb-content-font-weight:300;\"><div class=\"panel-group fusion-toggle-icon-right fusion-toggle-icon-boxed\" id=\"accordion-5256-2\"><div class=\"fusion-panel panel-default panel-fe999f417092214af fusion-toggle-no-divider fusion-toggle-boxed-mode\" style=\"--awb-content-font-size:16px;--awb-content-line-height:1.2;--awb-content-font-family:&quot;Poppins&quot;;--awb-content-font-style:normal;--awb-content-font-weight:300;--awb-title-font-family:&quot;Poppins&quot;;--awb-title-font-weight:400;--awb-title-font-style:normal;--awb-title-font-size:21px;--awb-title-text-transform:uppercase;--awb-title-color:#003087;\"><div class=\"panel-heading\"><h4 class=\"panel-title toggle\" id=\"toggle_fe999f417092214af\"><a aria-expanded=\"false\" aria-controls=\"fe999f417092214af\" role=\"button\" data-toggle=\"collapse\" data-parent=\"#accordion-5256-2\" data-target=\"#fe999f417092214af\" href=\"#fe999f417092214af\"><span class=\"fusion-toggle-icon-wrapper\" aria-hidden=\"true\"><i class=\"fa-fusion-box active-icon fa-angle-down fas\" aria-hidden=\"true\"><\/i><i class=\"fa-fusion-box inactive-icon fa-angle-right fas\" aria-hidden=\"true\"><\/i><\/span><span class=\"fusion-toggle-heading\">Internship Practise<\/span><\/a><\/h4><\/div><div id=\"fe999f417092214af\" class=\"panel-collapse collapse\" aria-labelledby=\"toggle_fe999f417092214af\"><div class=\"panel-body toggle-content fusion-clearfix\">\n<ul>\n<li>In university internships, students of faculties and vocational schools affiliated with the higher education institution are given internship opportunities in the summer. Summer period interns continue internship between 20 and 40 working days.<\/li>\n<\/ul>\n<ul>\n<li>Long-term internships include high school and university students. High school internships start in september and continue until the end of the education term. University internships start in september or february, continue until the end of the semester.<\/li>\n<\/ul>\n<\/div><\/div><\/div><\/div><\/div><\/div><\/div><\/div><\/div><div class=\"fusion-fullwidth fullwidth-box fusion-builder-row-4 fusion-flex-container has-pattern-background has-mask-background nonhundred-percent-fullwidth non-hundred-percent-height-scrolling\" style=\"--awb-border-radius-top-left:0px;--awb-border-radius-top-right:0px;--awb-border-radius-bottom-right:0px;--awb-border-radius-bottom-left:0px;--awb-flex-wrap:wrap;\" ><div class=\"fusion-builder-row fusion-row fusion-flex-align-items-flex-start fusion-flex-content-wrap\" style=\"max-width:1216.8px;margin-left: calc(-4% \/ 2 );margin-right: calc(-4% \/ 2 );\"><div class=\"fusion-layout-column fusion_builder_column fusion-builder-column-3 fusion_builder_column_1_1 1_1 fusion-flex-column\" style=\"--awb-bg-size:cover;--awb-width-large:100%;--awb-margin-top-large:0px;--awb-spacing-right-large:1.92%;--awb-margin-bottom-large:20px;--awb-spacing-left-large:1.92%;--awb-width-medium:100%;--awb-order-medium:0;--awb-spacing-right-medium:1.92%;--awb-spacing-left-medium:1.92%;--awb-width-small:100%;--awb-order-small:0;--awb-spacing-right-small:1.92%;--awb-spacing-left-small:1.92%;\"><div class=\"fusion-column-wrapper fusion-column-has-shadow fusion-flex-justify-content-flex-start fusion-content-layout-column\"><div class=\"accordian fusion-accordian\" style=\"--awb-border-size:1px;--awb-icon-size:16px;--awb-content-font-size:19px;--awb-icon-alignment:right;--awb-hover-color:var(--awb-color2);--awb-border-color:#003087;--awb-background-color:var(--awb-color1);--awb-divider-color:var(--awb-color2);--awb-divider-hover-color:var(--awb-color2);--awb-icon-color:var(--awb-color1);--awb-title-color:#003087;--awb-content-color:#003087;--awb-icon-box-color:#003087;--awb-toggle-hover-accent-color:#003087;--awb-title-font-family:&quot;Poppins&quot;;--awb-title-font-weight:300;--awb-title-font-style:normal;--awb-title-font-size:18px;--awb-content-font-family:&quot;Poppins&quot;;--awb-content-font-style:normal;--awb-content-font-weight:300;\"><div class=\"panel-group fusion-toggle-icon-right fusion-toggle-icon-boxed\" id=\"accordion-5256-3\"><div class=\"fusion-panel panel-default panel-b8bfd964a32fbcdeb fusion-toggle-no-divider fusion-toggle-boxed-mode\" style=\"--awb-content-font-size:16px;--awb-content-line-height:1.2;--awb-content-font-family:&quot;Poppins&quot;;--awb-content-font-style:normal;--awb-content-font-weight:300;--awb-title-font-family:&quot;Poppins&quot;;--awb-title-font-weight:400;--awb-title-font-style:normal;--awb-title-font-size:21px;--awb-title-text-transform:uppercase;--awb-title-color:#003087;\"><div class=\"panel-heading\"><h4 class=\"panel-title toggle\" id=\"toggle_b8bfd964a32fbcdeb\"><a aria-expanded=\"false\" aria-controls=\"b8bfd964a32fbcdeb\" role=\"button\" data-toggle=\"collapse\" data-parent=\"#accordion-5256-3\" data-target=\"#b8bfd964a32fbcdeb\" href=\"#b8bfd964a32fbcdeb\"><span class=\"fusion-toggle-icon-wrapper\" aria-hidden=\"true\"><i class=\"fa-fusion-box active-icon fa-angle-down fas\" aria-hidden=\"true\"><\/i><i class=\"fa-fusion-box inactive-icon fa-angle-right fas\" aria-hidden=\"true\"><\/i><\/span><span class=\"fusion-toggle-heading\">Determination of Internship Needs<\/span><\/a><\/h4><\/div><div id=\"b8bfd964a32fbcdeb\" class=\"panel-collapse collapse\" aria-labelledby=\"toggle_b8bfd964a32fbcdeb\"><div class=\"panel-body toggle-content fusion-clearfix\">\n<ul>\n<li>Kipa\u015f Holding Human Resources Department determines the internship quotas not exceeding 10% of the current department's staff. In addition, the internship quotas are determined according to the work structure of the department.<\/li>\n<\/ul>\n<\/div><\/div><\/div><\/div><\/div><\/div><\/div><\/div><\/div><div class=\"fusion-fullwidth fullwidth-box fusion-builder-row-5 fusion-flex-container has-pattern-background has-mask-background nonhundred-percent-fullwidth non-hundred-percent-height-scrolling\" style=\"--awb-border-radius-top-left:0px;--awb-border-radius-top-right:0px;--awb-border-radius-bottom-right:0px;--awb-border-radius-bottom-left:0px;--awb-flex-wrap:wrap;\" ><div class=\"fusion-builder-row fusion-row fusion-flex-align-items-flex-start fusion-flex-content-wrap\" style=\"max-width:1216.8px;margin-left: calc(-4% \/ 2 );margin-right: calc(-4% \/ 2 );\"><div class=\"fusion-layout-column fusion_builder_column fusion-builder-column-4 fusion_builder_column_1_1 1_1 fusion-flex-column\" style=\"--awb-bg-size:cover;--awb-width-large:100%;--awb-margin-top-large:0px;--awb-spacing-right-large:1.92%;--awb-margin-bottom-large:20px;--awb-spacing-left-large:1.92%;--awb-width-medium:100%;--awb-order-medium:0;--awb-spacing-right-medium:1.92%;--awb-spacing-left-medium:1.92%;--awb-width-small:100%;--awb-order-small:0;--awb-spacing-right-small:1.92%;--awb-spacing-left-small:1.92%;\"><div class=\"fusion-column-wrapper fusion-column-has-shadow fusion-flex-justify-content-flex-start fusion-content-layout-column\"><div class=\"accordian fusion-accordian\" style=\"--awb-border-size:1px;--awb-icon-size:16px;--awb-content-font-size:19px;--awb-icon-alignment:right;--awb-hover-color:var(--awb-color2);--awb-border-color:#003087;--awb-background-color:var(--awb-color1);--awb-divider-color:var(--awb-color2);--awb-divider-hover-color:var(--awb-color2);--awb-icon-color:var(--awb-color1);--awb-title-color:#003087;--awb-content-color:#003087;--awb-icon-box-color:#003087;--awb-toggle-hover-accent-color:#003087;--awb-title-font-family:&quot;Poppins&quot;;--awb-title-font-weight:300;--awb-title-font-style:normal;--awb-title-font-size:18px;--awb-content-font-family:&quot;Poppins&quot;;--awb-content-font-style:normal;--awb-content-font-weight:300;\"><div class=\"panel-group fusion-toggle-icon-right fusion-toggle-icon-boxed\" id=\"accordion-5256-4\"><div class=\"fusion-panel panel-default panel-8e1fbc564bd5dbcb2 fusion-toggle-no-divider fusion-toggle-boxed-mode\" style=\"--awb-content-font-size:16px;--awb-content-line-height:1.2;--awb-content-font-family:&quot;Poppins&quot;;--awb-content-font-style:normal;--awb-content-font-weight:300;--awb-title-font-family:&quot;Poppins&quot;;--awb-title-font-weight:400;--awb-title-font-style:normal;--awb-title-font-size:21px;--awb-title-text-transform:none;--awb-title-color:#003087;\"><div class=\"panel-heading\"><h4 class=\"panel-title toggle\" id=\"toggle_8e1fbc564bd5dbcb2\"><a aria-expanded=\"false\" aria-controls=\"8e1fbc564bd5dbcb2\" role=\"button\" data-toggle=\"collapse\" data-parent=\"#accordion-5256-4\" data-target=\"#8e1fbc564bd5dbcb2\" href=\"#8e1fbc564bd5dbcb2\"><span class=\"fusion-toggle-icon-wrapper\" aria-hidden=\"true\"><i class=\"fa-fusion-box active-icon fa-angle-down fas\" aria-hidden=\"true\"><\/i><i class=\"fa-fusion-box inactive-icon fa-angle-right fas\" aria-hidden=\"true\"><\/i><\/span><span class=\"fusion-toggle-heading\">Receiving and Evaluation of Intern Student Applications<\/span><\/a><\/h4><\/div><div id=\"8e1fbc564bd5dbcb2\" class=\"panel-collapse collapse\" aria-labelledby=\"toggle_8e1fbc564bd5dbcb2\"><div class=\"panel-body toggle-content fusion-clearfix\">\n<ul>\n<li>University interns can apply directly to the Human Resources Department of Kipa\u015f Holding, <strong><span style=\"font-family: Poppins; font-weight: bold;\" data-fusion-font=\"true\" data-fusion-google-font=\"Poppins\" data-fusion-google-variant=\"700\">ik@kipas.com.tr<\/span> <\/strong>as well as pre-applications via<\/li>\n<\/ul>\n<ul>\n<li>\"Intern Request Forms\" are given to the interns who are deemed suitable for internship by the Human Resources Specialist are signed and a copy of them is taken. <strong><span style=\"font-family: Poppins; font-weight: bold;\" data-fusion-font=\"true\" data-fusion-google-font=\"Poppins\" data-fusion-google-variant=\"700\">\u201cStajyer Talep Formlar\u0131\u201d<\/span> <\/strong>imzalan\u0131r birer n\u00fcshas\u0131n\u0131n kopyas\u0131 al\u0131n\u0131r.<\/li>\n<\/ul>\n<\/div><\/div><\/div><\/div><\/div><\/div><\/div><\/div><\/div><div class=\"fusion-fullwidth fullwidth-box fusion-builder-row-6 fusion-flex-container has-pattern-background has-mask-background nonhundred-percent-fullwidth non-hundred-percent-height-scrolling\" style=\"--awb-border-radius-top-left:0px;--awb-border-radius-top-right:0px;--awb-border-radius-bottom-right:0px;--awb-border-radius-bottom-left:0px;--awb-flex-wrap:wrap;\" ><div class=\"fusion-builder-row fusion-row fusion-flex-align-items-flex-start fusion-flex-content-wrap\" style=\"max-width:1216.8px;margin-left: calc(-4% \/ 2 );margin-right: calc(-4% \/ 2 );\"><div class=\"fusion-layout-column fusion_builder_column fusion-builder-column-5 fusion_builder_column_1_1 1_1 fusion-flex-column\" style=\"--awb-bg-size:cover;--awb-width-large:100%;--awb-margin-top-large:0px;--awb-spacing-right-large:1.92%;--awb-margin-bottom-large:20px;--awb-spacing-left-large:1.92%;--awb-width-medium:100%;--awb-order-medium:0;--awb-spacing-right-medium:1.92%;--awb-spacing-left-medium:1.92%;--awb-width-small:100%;--awb-order-small:0;--awb-spacing-right-small:1.92%;--awb-spacing-left-small:1.92%;\"><div class=\"fusion-column-wrapper fusion-column-has-shadow fusion-flex-justify-content-flex-start fusion-content-layout-column\"><div class=\"accordian fusion-accordian\" style=\"--awb-border-size:1px;--awb-icon-size:16px;--awb-content-font-size:19px;--awb-icon-alignment:right;--awb-hover-color:var(--awb-color2);--awb-border-color:#003087;--awb-background-color:var(--awb-color1);--awb-divider-color:var(--awb-color2);--awb-divider-hover-color:var(--awb-color2);--awb-icon-color:var(--awb-color1);--awb-title-color:#003087;--awb-content-color:#003087;--awb-icon-box-color:#003087;--awb-toggle-hover-accent-color:#003087;--awb-title-font-family:&quot;Poppins&quot;;--awb-title-font-weight:300;--awb-title-font-style:normal;--awb-title-font-size:18px;--awb-content-font-family:&quot;Poppins&quot;;--awb-content-font-style:normal;--awb-content-font-weight:300;\"><div class=\"panel-group fusion-toggle-icon-right fusion-toggle-icon-boxed\" id=\"accordion-5256-5\"><div class=\"fusion-panel panel-default panel-e35f9a73ac7c6706b fusion-toggle-no-divider fusion-toggle-boxed-mode\" style=\"--awb-content-font-size:16px;--awb-content-line-height:1.2;--awb-content-font-family:&quot;Poppins&quot;;--awb-content-font-style:normal;--awb-content-font-weight:300;--awb-title-font-family:&quot;Poppins&quot;;--awb-title-font-weight:400;--awb-title-font-style:normal;--awb-title-font-size:21px;--awb-title-color:#003087;\"><div class=\"panel-heading\"><h4 class=\"panel-title toggle\" id=\"toggle_e35f9a73ac7c6706b\"><a aria-expanded=\"false\" aria-controls=\"e35f9a73ac7c6706b\" role=\"button\" data-toggle=\"collapse\" data-parent=\"#accordion-5256-5\" data-target=\"#e35f9a73ac7c6706b\" href=\"#e35f9a73ac7c6706b\"><span class=\"fusion-toggle-icon-wrapper\" aria-hidden=\"true\"><i class=\"fa-fusion-box active-icon fa-angle-down fas\" aria-hidden=\"true\"><\/i><i class=\"fa-fusion-box inactive-icon fa-angle-right fas\" aria-hidden=\"true\"><\/i><\/span><span class=\"fusion-toggle-heading\">Service - Cafeteria Facilities<\/span><\/a><\/h4><\/div><div id=\"e35f9a73ac7c6706b\" class=\"panel-collapse collapse\" aria-labelledby=\"toggle_e35f9a73ac7c6706b\"><div class=\"panel-body toggle-content fusion-clearfix\">\n<ul>\n<li>Interns can benefit from the cafeteria and service facilities.<\/li>\n<\/ul>\n<\/div><\/div><\/div><\/div><\/div><\/div><\/div><\/div><\/div><\/p>","protected":false},"excerpt":{"rendered":"","protected":false},"author":1,"featured_media":0,"parent":0,"menu_order":0,"comment_status":"closed","ping_status":"closed","template":"","meta":{"footnotes":""},"class_list":["post-5256","page","type-page","status-publish","hentry"],"_links":{"self":[{"href":"https:\/\/kipas.com.tr\/en\/wp-json\/wp\/v2\/pages\/5256","targetHints":{"allow":["GET"]}}],"collection":[{"href":"https:\/\/kipas.com.tr\/en\/wp-json\/wp\/v2\/pages"}],"about":[{"href":"https:\/\/kipas.com.tr\/en\/wp-json\/wp\/v2\/types\/page"}],"author":[{"embeddable":true,"href":"https:\/\/kipas.com.tr\/en\/wp-json\/wp\/v2\/users\/1"}],"replies":[{"embeddable":true,"href":"https:\/\/kipas.com.tr\/en\/wp-json\/wp\/v2\/comments?post=5256"}],"version-history":[{"count":13,"href":"https:\/\/kipas.com.tr\/en\/wp-json\/wp\/v2\/pages\/5256\/revisions"}],"predecessor-version":[{"id":7413,"href":"https:\/\/kipas.com.tr\/en\/wp-json\/wp\/v2\/pages\/5256\/revisions\/7413"}],"wp:attachment":[{"href":"https:\/\/kipas.com.tr\/en\/wp-json\/wp\/v2\/media?parent=5256"}],"curies":[{"name":"wp","href":"https:\/\/api.w.org\/{rel}","templated":true}]}}