{"id":5201,"date":"2025-04-29T10:08:57","date_gmt":"2025-04-29T07:08:57","guid":{"rendered":"https:\/\/kipas.com.tr\/?page_id=5201"},"modified":"2025-09-05T15:58:06","modified_gmt":"2025-09-05T12:58:06","slug":"hakkimizda","status":"publish","type":"page","link":"https:\/\/kipas.com.tr\/en\/hakkimizda\/","title":{"rendered":"About Us"},"content":{"rendered":"<p><div class=\"fusion-fullwidth fullwidth-box fusion-builder-row-1 fusion-flex-container has-pattern-background has-mask-background nonhundred-percent-fullwidth non-hundred-percent-height-scrolling\" style=\"--awb-border-radius-top-left:0px;--awb-border-radius-top-right:0px;--awb-border-radius-bottom-right:0px;--awb-border-radius-bottom-left:0px;--awb-flex-wrap:wrap;\" ><div class=\"fusion-builder-row fusion-row fusion-flex-align-items-flex-start fusion-flex-content-wrap\" style=\"max-width:1216.8px;margin-left: calc(-4% \/ 2 );margin-right: calc(-4% \/ 2 );\"><div class=\"fusion-layout-column fusion_builder_column fusion-builder-column-0 fusion_builder_column_1_1 1_1 fusion-flex-column\" style=\"--awb-bg-size:cover;--awb-width-large:100%;--awb-margin-top-large:0px;--awb-spacing-right-large:1.92%;--awb-margin-bottom-large:20px;--awb-spacing-left-large:1.92%;--awb-width-medium:100%;--awb-order-medium:0;--awb-spacing-right-medium:1.92%;--awb-spacing-left-medium:1.92%;--awb-width-small:100%;--awb-order-small:0;--awb-spacing-right-small:1.92%;--awb-spacing-left-small:1.92%;\"><div class=\"fusion-column-wrapper fusion-column-has-shadow fusion-flex-justify-content-flex-start fusion-content-layout-column\"><div class=\"fusion-title title fusion-title-1 fusion-title-text fusion-title-size-two\" style=\"--awb-text-color:#003087;--awb-font-size:40px;\"><div class=\"title-sep-container title-sep-container-left fusion-no-large-visibility fusion-no-medium-visibility fusion-no-small-visibility\"><div class=\"title-sep sep- sep-solid\" style=\"border-color:var(--awb-color3);\"><\/div><\/div><span class=\"awb-title-spacer fusion-no-large-visibility fusion-no-medium-visibility fusion-no-small-visibility\"><\/span><h2 class=\"fusion-title-heading title-heading-left fusion-responsive-typography-calculated\" style=\"font-family:&quot;Poppins&quot;;font-style:normal;font-weight:300;margin:0;font-size:1em;text-transform:capitalize;--fontSize:40;line-height:var(--awb-typography1-line-height);\"><h3 class=\"fusion-title-heading title-heading-left fusion-live-editable fusion-responsive-typography-calculated medium-editor-element\" role=\"textbox\" contenteditable=\"true\" spellcheck=\"true\" data-inline-parent-cid=\"4\" data-inline-override-color=\"text_color\" data-inline-override-font-size=\"font_size\" data-inline-override-line-height=\"line_height\" data-inline-override-letter-spacing=\"letter_spacing\" data-inline-override-tag=\"size\" data-toolbar=\"full\" data-param=\"element_content\" data-fontsize=\"40\" data-lineheight=\"54px\" data-medium-editor-element=\"true\" aria-multiline=\"true\" data-medium-editor-editor-index=\"2\" data-placeholder=\"Your Content Goes Here\" data-medium-focused=\"true\"><span data-fusion-font=\"true\" data-fusion-google-font=\"Poppins\" data-fusion-google-variant=\"300\">GROWING POWER of T\u00dcRK\u0130YE and KAHRAMANMARA\u015e<\/span><\/h3><\/h2><span class=\"awb-title-spacer\"><\/span><div class=\"title-sep-container title-sep-container-right\"><div class=\"title-sep sep- sep-solid\" style=\"border-color:var(--awb-color3);\"><\/div><\/div><\/div><\/div><\/div><\/div><\/div><div class=\"fusion-fullwidth fullwidth-box fusion-builder-row-2 fusion-flex-container has-pattern-background has-mask-background fusion-parallax-none hundred-percent-fullwidth non-hundred-percent-height-scrolling lazyload\" style=\"--awb-border-radius-top-left:0px;--awb-border-radius-top-right:0px;--awb-border-radius-bottom-right:0px;--awb-border-radius-bottom-left:0px;--awb-padding-bottom:350px;--awb-margin-bottom:50px;--awb-background-size:cover;--awb-flex-wrap:wrap;\" data-bg=\"https:\/\/kipas.com.tr\/wp-content\/uploads\/2025\/04\/Kipas-Holding-1-1.png\" ><div class=\"fusion-builder-row fusion-row fusion-flex-align-items-flex-start fusion-flex-content-wrap\" style=\"width:104% !important;max-width:104% !important;margin-left: calc(-4% \/ 2 );margin-right: calc(-4% \/ 2 );\"><div class=\"fusion-layout-column fusion_builder_column fusion-builder-column-1 fusion_builder_column_1_1 1_1 fusion-flex-column\" style=\"--awb-padding-bottom:125px;--awb-bg-size:cover;--awb-width-large:100%;--awb-margin-top-large:0px;--awb-spacing-right-large:1.92%;--awb-margin-bottom-large:0px;--awb-spacing-left-large:1.92%;--awb-width-medium:100%;--awb-order-medium:0;--awb-spacing-right-medium:1.92%;--awb-spacing-left-medium:1.92%;--awb-width-small:100%;--awb-order-small:0;--awb-spacing-right-small:1.92%;--awb-spacing-left-small:1.92%;\"><div class=\"fusion-column-wrapper fusion-column-has-shadow fusion-flex-justify-content-flex-start fusion-content-layout-column\"><\/div><\/div><\/div><\/div><div class=\"fusion-fullwidth fullwidth-box fusion-builder-row-3 fusion-flex-container has-pattern-background has-mask-background nonhundred-percent-fullwidth non-hundred-percent-height-scrolling\" style=\"--awb-border-radius-top-left:0px;--awb-border-radius-top-right:0px;--awb-border-radius-bottom-right:0px;--awb-border-radius-bottom-left:0px;--awb-flex-wrap:wrap;\" ><div class=\"fusion-builder-row fusion-row fusion-flex-align-items-flex-start fusion-flex-content-wrap\" style=\"max-width:1216.8px;margin-left: calc(-4% \/ 2 );margin-right: calc(-4% \/ 2 );\"><div class=\"fusion-layout-column fusion_builder_column fusion-builder-column-2 fusion_builder_column_1_1 1_1 fusion-flex-column\" style=\"--awb-bg-size:cover;--awb-width-large:100%;--awb-margin-top-large:0px;--awb-spacing-right-large:1.92%;--awb-margin-bottom-large:20px;--awb-spacing-left-large:1.92%;--awb-width-medium:100%;--awb-order-medium:0;--awb-spacing-right-medium:1.92%;--awb-spacing-left-medium:1.92%;--awb-width-small:100%;--awb-order-small:0;--awb-spacing-right-small:1.92%;--awb-spacing-left-small:1.92%;\"><div class=\"fusion-column-wrapper fusion-column-has-shadow fusion-flex-justify-content-flex-start fusion-content-layout-column\"><div class=\"fusion-text fusion-text-1\" style=\"--awb-font-size:16px;--awb-text-color:#003087;--awb-text-font-family:&quot;Poppins&quot;;--awb-text-font-style:normal;--awb-text-font-weight:300;\"><p class=\"translation-block\">Kipa\u015f Holding founded in 1984 under the leadership of \u00d6KS\u00dcZ and G\u00dcM\u00dc\u015eER families is the first and only holding of Kahramanmara\u015f. Practises in the 6 main sectors. Kipa\u015f Holding, which has investments mainly in textile and additionally in cement, paper, energy, education and logistics; has 10 thousand employees.<\/p>\n<p data-fusion-font=\"true\" data-fusion-google-font=\"Poppins\" data-fusion-google-variant=\"300\">As the highest tax payer of Kahramanmara\u015f and exporting approximately 200 million dollars worth of goods to nearly 100 countries and is one of the most top 100 exporter companies in Turkey; Kipa\u015f is listed in the ISO 500 with the 6 of its companies. Kipa\u015f Holding, which attaches great importance to R&amp;D studies, is among the first 250 companies in this field.<\/p>\n<p><b data-fusion-font=\"true\" data-fusion-google-font=\"Poppins\" data-fusion-google-variant=\"700\" style=\"font-family: Poppins; font-weight: 700;\">K\u0130PA\u015e TEXTILES<\/b><br \/><span data-fusion-font=\"true\" data-fusion-google-font=\"Poppins\" data-fusion-google-variant=\"300\">All facilities of Kipa\u015f Textiles, which has an annual production capacity of 80 million meters of fabric and 400 tons of yarn per day, and approximately 6,000 employees, are located in Kahramanmara\u015f.  In Kipa\u015f Textiles, which is ranking in the top 100 in Kahramanmara\u015f in the ISO 500 list and Turkey's and Europe's largest integrated company engaged in textile production; in addition to Weaving, Open-End and Ring yarn production there are Fabric Dyeing-Finishing and Denim fabric production processes are carried out. Kipa\u015f Tekstil, which has recently been on the world agenda with its Technical Textile and R&amp;D studies, also made a name for itself with its washable, multi-use, contamination-reducing mask production during the pandemic period. In addition, Kipa\u015f Textiles made a name for itself in the fashion world with the creations produced from recycled plastic bottles in partnership with Boyner. Kipas Holding has made a big leap in 2010 and acquired merchandising, marketing, and manufacturing rights for Turkey from Europe's oldest denim brand Lee Cooper, which was born at Middlesex Street in East London in 1908.<\/span><\/p>\n<p><b data-fusion-font=\"true\" data-fusion-google-font=\"Poppins\" data-fusion-google-variant=\"700\" style=\"font-family: Poppins; font-weight: 700;\">K\u0130PA\u015e CEMENT<\/b><br \/><span data-fusion-font=\"true\" data-fusion-google-font=\"Poppins\" data-fusion-google-variant=\"300\">K\u00c7S (Kahramanmara\u015f Cement Industry) has an annual production capacity of 3,200,000 tons of clinker and 4,000,000 tons of cement, as well as 15 concrete plants operating in 7 cities with a total capacity of 33,000 m\u00b3\/day, 2 aggregate quarries in Kahramanmara\u015f, Kahramanmara\u015f Autoclaved Aerated Concrete Facility with an annual capacity of 450,000 m\u00b3 and Ayd\u0131n \/ S\u00f6ke Autoclaved Aerated Concrete Facility with an annual capacity of 700,000 m\u00b3. Around 1,000 people are employed within these facilities. Owing to its rich and productive limestone quarries and clay pits, our subsidiary produces CEM I, CEM III, and CEM IV type cements in accordance with Turkish (TS), European (EN) and American (ASTM) Standards.<\/span><\/p>\n<p><b data-fusion-font=\"true\" data-fusion-google-font=\"Poppins\" data-fusion-google-variant=\"700\" style=\"font-family: Poppins; font-weight: 700;\">K\u0130PA\u015e PAPER<\/b><br \/><span data-fusion-font=\"true\" data-fusion-google-font=\"Poppins\" data-fusion-google-variant=\"300\">Kipa\u015f Paper Mills, another Kipa\u015f Holding company with around 1,000 employees, produces 425,000 tons of paper annually from 100% recycled waste paper, preventing the destruction of 6,000 hectares of forest and adds value to the economy. Our production facility is built on an area of 330,000 m2, 100,000 m2 of which is an indoor space. The paper types produced are Testliner and Fluting, with a grammage of 70-200 gr\/m2. Apart from the new investment, which has become Turkey's and Europe's largest paper production facility and came into operation in Ayd\u0131n-S\u00f6ke in late 2020, there is a packaging factory in Bilecik-Boz\u00fcy\u00fck.<\/span><\/p>\n<p><b data-fusion-font=\"true\" data-fusion-google-font=\"Poppins\" data-fusion-google-variant=\"700\" style=\"color: rgb(0, 48, 135); font-family: Poppins; font-weight: 700;\">K\u0130PA\u015e HOLDING ENERGY INVESTMENTS<\/b><br \/><span data-fusion-font=\"true\" data-fusion-google-font=\"Poppins\" data-fusion-google-variant=\"300\">Kipa\u015f Holding is in a position to make a name for itself with its energy investments. Kipa\u015f Holding, which carries out geothermal well drilling and electricity generation activities through Karen Kahramanmara\u015f Elektrik \u00dcretim A.\u015e., K\u00c7S Ayd\u0131n Branch, Kiper Elektrik \u00dcretim A.\u015e., Maren Mara\u015f Elektrik \u00dcretim Sanayi ve Tic. A.\u015e. that are located in the cities of Ayd\u0131n and \u0130zmir, provide great support to Turkey's energy needs. Kipa\u015f Holding employs around 400 people in total and produces around 1,600 GWh of energy per year through the Balkusan Dam in Konya, which is owned by Karen Kahramanmara\u015f Elektrik \u00dcretim A.\u015e., as well as a total of 10 geothermal power plants, with seven in Maren in Ayd\u0131n-Germencik, two in K\u00c7S Ayd\u0131n Branch and one in Kiper.<\/span><\/p>\n<p><b data-fusion-font=\"true\" data-fusion-google-font=\"Poppins\" data-fusion-google-variant=\"700\" style=\"font-family: Poppins; font-weight: 700;\">K\u0130PA\u015e EDUCATIONAL INSTITUTIONS<\/b><br \/><span data-fusion-font=\"true\" data-fusion-google-font=\"Poppins\" data-fusion-google-variant=\"300\">Kipa\u015f Holding provides education from kindergarten to high school through not-for-profit institutions in Kahramanmara\u015f. Facilities with a closed area of 23,000 square meters on an area of 32,000 square meters have been designed for the institution that aims to provide high level education with scholarship opportunities for successful students particularly in Kahramanmara\u015f. In this formation, all elements have been planned to keep up with the pace and requirements of modern education. The campus, in which a total of 2,800 people can live together, includes a 75-person-capacity kindergarten, 750-person-capacity primary school, 960-person-capacity secondary school, and 1008-person-capacity high school.<\/span><\/p>\n<p><b data-fusion-font=\"true\" data-fusion-google-font=\"Poppins\" data-fusion-google-variant=\"700\" style=\"font-family: Poppins; font-weight: 700;\">K\u0130PA\u015e AVIATION AND LOGISTICS<\/b><br \/><span data-fusion-font=\"true\" data-fusion-google-font=\"Poppins\" data-fusion-google-variant=\"300\">The subsidiary company provides an impeccable 24\/7 transportation service to its customers and meets all the logistics services of Kipa\u015f Holding companies with its Cessna Citation XLS+ aircraft for domestic and international commercial charters and 40 trailers for transportation.<\/span><\/p>\n<p><b data-fusion-font=\"true\" data-fusion-google-font=\"Poppins\" data-fusion-google-variant=\"700\" style=\"font-family: Poppins; font-weight: 700;\">EXEMPLARY COMPANY WITH ITS SOCIAL PROJECTS<\/b><br \/><span data-fusion-font=\"true\" data-fusion-google-font=\"Poppins\" data-fusion-google-variant=\"300\">Kipa\u015f Holding implements several social projects in Turkey and particularly in Kahramanmara\u015f. The company donated Nezihe \u00d6ks\u00fcz Anatolian Health Vocational High School, which is the largest medical vocational high school in the region with 560 students and 20 branches in 4 departments, as well as Narli Kipa\u015f High School, Kipa\u015f Kindergarten, Hanefi \u00d6ks\u00fcz Science Laboratory in Kahramanmara\u015f Primary School, Habibe G\u00fcm\u00fc\u015fer Kindergarten, \u00d6kke\u015f G\u00fcm\u00fc\u015fer Primary School, Re\u015fit G\u00fcm\u00fc\u015fer Primary School, Ay\u015fe G\u00fcm\u00fc\u015fer Primary School, and Mehmet G\u00fcm\u00fc\u015fer Anatolian High School to the Ministry of National Education. In the field of health, the company has put Hanefi \u00d6ks\u00fcz Cardiology Hospital and H\u00fcsn\u00fc \u00d6ks\u00fcz Dialysis Center as well as Kipa\u015f Holding Condolence House in Kahramanmara\u015f-Pazarc\u0131k and Kipa\u015f Ka\u011f\u0131t Condolence House in Kilili Town at the disposal of its fellow citizens.<\/span><\/p>\n<p><b data-fusion-font=\"true\" data-fusion-google-font=\"Poppins\" data-fusion-google-variant=\"700\" style=\"font-family: Poppins; font-weight: 700;\">THE NAMES BEHIND SUCCESS<\/b><br \/><span data-fusion-font=\"true\" data-fusion-google-font=\"Poppins\" data-fusion-google-variant=\"300\">M. Hanefi \u00d6KS\u00dcZ, the Chairman of the Board of Directors, and Halil \u0130brahim G\u00dcM\u00dc\u015eER, the Deputy Chairman of the Board of Directors, have achieved many successes with their harmonious partnerships and management vision since the day Kipa\u015f Holding was established.<\/span><\/p>\n<\/div><\/div><\/div><\/div><\/div><\/p>","protected":false},"excerpt":{"rendered":"","protected":false},"author":1,"featured_media":0,"parent":0,"menu_order":0,"comment_status":"closed","ping_status":"closed","template":"100-width.php","meta":{"footnotes":""},"class_list":["post-5201","page","type-page","status-publish","hentry"],"_links":{"self":[{"href":"https:\/\/kipas.com.tr\/en\/wp-json\/wp\/v2\/pages\/5201","targetHints":{"allow":["GET"]}}],"collection":[{"href":"https:\/\/kipas.com.tr\/en\/wp-json\/wp\/v2\/pages"}],"about":[{"href":"https:\/\/kipas.com.tr\/en\/wp-json\/wp\/v2\/types\/page"}],"author":[{"embeddable":true,"href":"https:\/\/kipas.com.tr\/en\/wp-json\/wp\/v2\/users\/1"}],"replies":[{"embeddable":true,"href":"https:\/\/kipas.com.tr\/en\/wp-json\/wp\/v2\/comments?post=5201"}],"version-history":[{"count":43,"href":"https:\/\/kipas.com.tr\/en\/wp-json\/wp\/v2\/pages\/5201\/revisions"}],"predecessor-version":[{"id":7743,"href":"https:\/\/kipas.com.tr\/en\/wp-json\/wp\/v2\/pages\/5201\/revisions\/7743"}],"wp:attachment":[{"href":"https:\/\/kipas.com.tr\/en\/wp-json\/wp\/v2\/media?parent=5201"}],"curies":[{"name":"wp","href":"https:\/\/api.w.org\/{rel}","templated":true}]}}